{"id":90,"date":"2022-07-08T17:03:24","date_gmt":"2022-07-08T15:03:24","guid":{"rendered":"https:\/\/dentistes-charron.fr\/?page_id=90"},"modified":"2023-01-12T12:37:13","modified_gmt":"2023-01-12T11:37:13","slug":"notre-philosophie","status":"publish","type":"page","link":"https:\/\/dentistes-charron.fr\/?page_id=90","title":{"rendered":"Notre Philosophie"},"content":{"rendered":"\n<blockquote class=\"wp-block-quote has-medium-font-size is-layout-flow wp-block-quote-is-layout-flow\">\n<p><mark style=\"background-color:rgba(0, 0, 0, 0)\" class=\"has-inline-color has-black-color\">DANS NOTRE CABINET, NOUS AVONS \u00c0 COEUR DE VOUS ACCOMPAGNER AVEC PROFESSIONNALISME, \u00c9COUTE ET HUMANIT\u00c9 DANS TOUS VOS SOINS. NOUS AVONS CONSCIENCE DES CRAINTES QUI PEUVENT EXISTER, ET SAVONS \u00c9GALEMENT \u00c0 QUEL POINT UNE DENTURE SAINE ET ENTRETENUE A UN IMPACT FORT SUR LA SANT\u00c9 ET LE BIEN-\u00caTRE. LES SOINS SONT UN TRAITEMENT, MAIS LE DIALOGUE ET L\u2019\u00c9COUTE SONT ESSENTIELS POUR NOUS.<\/mark><\/p>\n<\/blockquote>\n\n\n<style>#kt-layout-id_09b314-ce > .kt-row-column-wrap{align-content:start;}:where(#kt-layout-id_09b314-ce > .kt-row-column-wrap) > .wp-block-kadence-column{justify-content:start;}#kt-layout-id_09b314-ce > .kt-row-column-wrap{column-gap:var(--global-kb-gap-md, 2rem);row-gap:var(--global-kb-gap-md, 2rem);max-width:1140px;margin-left:auto;margin-right:auto;padding-top:var( --global-kb-row-default-top, 25px );padding-bottom:var( --global-kb-row-default-bottom, 25px );padding-top:80px;padding-bottom:80px;}#kt-layout-id_09b314-ce > .kt-row-column-wrap > div:not(.added-for-specificity){grid-column:initial;}#kt-layout-id_09b314-ce > .kt-row-column-wrap{grid-template-columns:repeat(3, minmax(0, 1fr));}#kt-layout-id_09b314-ce{background-color:#f9f9f9;}#kt-layout-id_09b314-ce > .kt-row-layout-overlay{opacity:0.30;}@media all and (max-width: 1024px){#kt-layout-id_09b314-ce > .kt-row-column-wrap > div:not(.added-for-specificity){grid-column:initial;}}@media all and (max-width: 1024px){#kt-layout-id_09b314-ce > .kt-row-column-wrap{grid-template-columns:repeat(3, minmax(0, 1fr));}}@media all and (max-width: 767px){#kt-layout-id_09b314-ce > .kt-row-column-wrap > div:not(.added-for-specificity){grid-column:initial;}#kt-layout-id_09b314-ce > .kt-row-column-wrap{grid-template-columns:minmax(0, 1fr);}}<\/style>\n<div class=\"wp-block-kadence-rowlayout alignfull\"><div id=\"kt-layout-id_09b314-ce\" class=\"kt-row-layout-inner kt-row-has-bg kt-layout-id_09b314-ce\"><div class=\"kt-row-column-wrap kt-has-3-columns kt-gutter-default kt-v-gutter-default kt-row-valign-top kt-row-layout-equal kt-tab-layout-inherit kt-m-colapse-left-to-right kt-mobile-layout-row\"><style>.kadence-column_6a3cb5-d4 > .kt-inside-inner-col{border-top-width:0px;border-right-width:0px;border-bottom-width:0px;border-left-width:0px;}.kadence-column_6a3cb5-d4 > .kt-inside-inner-col,.kadence-column_6a3cb5-d4 > .kt-inside-inner-col:before{border-top-left-radius:0px;border-top-right-radius:0px;border-bottom-right-radius:0px;border-bottom-left-radius:0px;}.kadence-column_6a3cb5-d4 > .kt-inside-inner-col{column-gap:var(--global-kb-gap-sm, 1rem);}.kadence-column_6a3cb5-d4 > .kt-inside-inner-col{flex-direction:column;}.kadence-column_6a3cb5-d4 > .kt-inside-inner-col > .aligncenter{width:100%;}.kadence-column_6a3cb5-d4 > .kt-inside-inner-col:before{opacity:0.3;}.kadence-column_6a3cb5-d4{position:relative;}@media all and (max-width: 1024px){.kadence-column_6a3cb5-d4 > .kt-inside-inner-col{flex-direction:column;justify-content:center;}}@media all and (max-width: 767px){.kadence-column_6a3cb5-d4 > .kt-inside-inner-col{flex-direction:column;justify-content:center;}}<\/style>\n<div class=\"wp-block-kadence-column inner-column-1 kadence-column_6a3cb5-d4\"><div class=\"kt-inside-inner-col\"><style>.wp-block-kadence-column.kb-section-dir-horizontal > .kt-inside-inner-col > #kt-info-box_005009-62 .kt-blocks-info-box-link-wrap{max-width:unset;}#kt-info-box_005009-62 .kt-blocks-info-box-link-wrap{border-color:#186faf;border-top-width:5px;border-right-width:0px;border-bottom-width:0px;border-left-width:0px;background:#ffffff;padding-top:20px;padding-right:20px;padding-bottom:20px;padding-left:20px;}#kt-info-box_005009-62 .kt-blocks-info-box-link-wrap:hover{border-color:#186faf;background:#ffffff;}#kt-info-box_005009-62 .kadence-info-box-icon-container .kt-info-svg-icon, #kt-info-box_005009-62 .kt-info-svg-icon-flip, #kt-info-box_005009-62 .kt-blocks-info-box-number{font-size:50px;}#kt-info-box_005009-62 .kt-blocks-info-box-media{color:#186faf;background:#dceefb;border-color:#444444;border-radius:200px;overflow:hidden;border-top-width:0px;border-right-width:0px;border-bottom-width:0px;border-left-width:0px;padding-top:26px;padding-right:26px;padding-bottom:26px;padding-left:26px;}#kt-info-box_005009-62 .kt-blocks-info-box-media-container{margin-top:5px;margin-right:15px;margin-bottom:15px;margin-left:15px;}#kt-info-box_005009-62 .kt-blocks-info-box-media .kadence-info-box-image-intrisic img{border-radius:200px;}#kt-info-box_005009-62 .kt-blocks-info-box-link-wrap:hover .kt-blocks-info-box-media{color:#186faf;background:#dceefb;border-color:#444444;}#kt-info-box_005009-62 .kt-infobox-textcontent h4.kt-blocks-info-box-title{color:#186faf;font-size:24px;line-height:26px;font-family:Montserrat;font-style:normal;font-weight:700;padding-top:0px;padding-right:0px;padding-bottom:0px;padding-left:0px;margin-top:5px;margin-right:0px;margin-bottom:10px;margin-left:0px;}#kt-info-box_005009-62 .kt-blocks-info-box-link-wrap:hover h4.kt-blocks-info-box-title{color:#186faf;}#kt-info-box_005009-62 .kt-infobox-textcontent .kt-blocks-info-box-text{color:#545e69;}#kt-info-box_005009-62 .kt-blocks-info-box-link-wrap:hover .kt-blocks-info-box-text{color:#545e69;}#kt-info-box_005009-62 .kt-blocks-info-box-learnmore{color:#4a627b;background:#ffffff;border-color:#e4e8ec;font-size:14px;font-family:Montserrat;font-style:normal;font-weight:600;border-width:1px 0px 0px 0px;padding-top:20px;padding-right:8px;padding-bottom:4px;padding-left:8px;margin-top:25px;margin-right:0px;margin-bottom:10px;margin-left:0px;}#kt-info-box_005009-62 .kt-blocks-info-box-link-wrap:hover .kt-blocks-info-box-learnmore,#kt-info-box_005009-62 .kt-blocks-info-box-link-wrap .kt-blocks-info-box-learnmore:focus{color:#4a627b;background:#ffffff;border-color:#e4e8ec;}#kt-info-box_005009-62 .kt-blocks-info-box-link-wrap{box-shadow:0px 0px 1px 0px rgba(0, 0, 0, 0.2);}#kt-info-box_005009-62 .kt-blocks-info-box-link-wrap:hover{box-shadow:0px 0px 14px 0px rgba(0, 0, 0, 0.2);}@media all and (max-width: 1024px){#kt-info-box_005009-62 .kt-blocks-info-box-link-wrap{box-shadow:0px 0px 1px 0px rgba(0, 0, 0, 0.2);}}@media all and (max-width: 1024px){#kt-info-box_005009-62 .kt-blocks-info-box-link-wrap:hover{box-shadow:0px 0px 14px 0px rgba(0, 0, 0, 0.2);}}@media all and (max-width: 767px){#kt-info-box_005009-62 .kt-blocks-info-box-link-wrap{box-shadow:0px 0px 1px 0px rgba(0, 0, 0, 0.2);}#kt-info-box_005009-62 .kt-blocks-info-box-link-wrap:hover{box-shadow:0px 0px 14px 0px rgba(0, 0, 0, 0.2);}}<\/style>\n<div id=\"kt-info-box_005009-62\" class=\"wp-block-kadence-infobox\"><a class=\"kt-blocks-info-box-link-wrap info-box-link kt-blocks-info-box-media-align-top kt-info-halign-center\"><div class=\"kt-blocks-info-box-media-container\"><div class=\"kt-blocks-info-box-media kt-info-media-animate-none\"><div class=\"kadence-info-box-icon-container kt-info-icon-animate-none\"><div class=\"kadence-info-box-icon-inner-container\"><span style=\"display:block;justify-content:center;align-items:center\" class=\"kt-info-svg-icon kt-info-svg-icon-fas_user-friends\"><svg style=\"display:inline-block;vertical-align:middle\" viewBox=\"0 0 640 512\" height=\"50\" width=\"50\" fill=\"currentColor\" xmlns=\"http:\/\/www.w3.org\/2000\/svg\" aria-hidden=\"true\"><path d=\"M192 256c61.9 0 112-50.1 112-112S253.9 32 192 32 80 82.1 80 144s50.1 112 112 112zm76.8 32h-8.3c-20.8 10-43.9 16-68.5 16s-47.6-6-68.5-16h-8.3C51.6 288 0 339.6 0 403.2V432c0 26.5 21.5 48 48 48h288c26.5 0 48-21.5 48-48v-28.8c0-63.6-51.6-115.2-115.2-115.2zM480 256c53 0 96-43 96-96s-43-96-96-96-96 43-96 96 43 96 96 96zm48 32h-3.8c-13.9 4.8-28.6 8-44.2 8s-30.3-3.2-44.2-8H432c-20.4 0-39.2 5.9-55.7 15.4 24.4 26.3 39.7 61.2 39.7 99.8v38.4c0 2.2-.5 4.3-.6 6.4H592c26.5 0 48-21.5 48-48 0-61.9-50.1-112-112-112z\"><\/path><\/svg><\/span><\/div><\/div><\/div><\/div><div class=\"kt-infobox-textcontent\"><h4 class=\"kt-blocks-info-box-title\">ACCOMPAGNEMENT<\/h4><p class=\"kt-blocks-info-box-text\">Nous prenons le temps n\u00e9cessaire pour d\u00e9cider avec vous des soins \u00e0 effectuer, en vous guidant et en r\u00e9pondant \u00e0 toutes vos questions<\/p><\/div><\/a><\/div>\n<\/div><\/div>\n\n\n<style>.kadence-column_21ac8c-de > .kt-inside-inner-col{border-top-width:0px;border-right-width:0px;border-bottom-width:0px;border-left-width:0px;}.kadence-column_21ac8c-de > .kt-inside-inner-col,.kadence-column_21ac8c-de > .kt-inside-inner-col:before{border-top-left-radius:0px;border-top-right-radius:0px;border-bottom-right-radius:0px;border-bottom-left-radius:0px;}.kadence-column_21ac8c-de > .kt-inside-inner-col{column-gap:var(--global-kb-gap-sm, 1rem);}.kadence-column_21ac8c-de > .kt-inside-inner-col{flex-direction:column;}.kadence-column_21ac8c-de > .kt-inside-inner-col > .aligncenter{width:100%;}.kadence-column_21ac8c-de > .kt-inside-inner-col:before{opacity:0.3;}.kadence-column_21ac8c-de{position:relative;}@media all and (max-width: 1024px){.kadence-column_21ac8c-de > .kt-inside-inner-col{flex-direction:column;justify-content:center;}}@media all and (max-width: 767px){.kadence-column_21ac8c-de > .kt-inside-inner-col{flex-direction:column;justify-content:center;}}<\/style>\n<div class=\"wp-block-kadence-column inner-column-2 kadence-column_21ac8c-de\"><div class=\"kt-inside-inner-col\"><style>.wp-block-kadence-column.kb-section-dir-horizontal > .kt-inside-inner-col > #kt-info-box_24bfe0-82 .kt-blocks-info-box-link-wrap{max-width:unset;}#kt-info-box_24bfe0-82 .kt-blocks-info-box-link-wrap{border-color:#f0b429;border-top-width:5px;border-right-width:0px;border-bottom-width:0px;border-left-width:0px;background:#ffffff;padding-top:20px;padding-right:20px;padding-bottom:20px;padding-left:20px;}#kt-info-box_24bfe0-82 .kt-blocks-info-box-link-wrap:hover{border-color:#f0b429;background:#ffffff;}#kt-info-box_24bfe0-82 .kadence-info-box-icon-container .kt-info-svg-icon, #kt-info-box_24bfe0-82 .kt-info-svg-icon-flip, #kt-info-box_24bfe0-82 .kt-blocks-info-box-number{font-size:50px;}#kt-info-box_24bfe0-82 .kt-blocks-info-box-media{color:#f0b429;background:#fff3c4;border-color:#444444;border-radius:200px;overflow:hidden;border-top-width:0px;border-right-width:0px;border-bottom-width:0px;border-left-width:0px;padding-top:26px;padding-right:26px;padding-bottom:26px;padding-left:26px;}#kt-info-box_24bfe0-82 .kt-blocks-info-box-media-container{margin-top:5px;margin-right:15px;margin-bottom:15px;margin-left:15px;}#kt-info-box_24bfe0-82 .kt-blocks-info-box-media .kadence-info-box-image-intrisic img{border-radius:200px;}#kt-info-box_24bfe0-82 .kt-blocks-info-box-link-wrap:hover .kt-blocks-info-box-media{color:#f0b429;background:#fff3c4;border-color:#444444;}#kt-info-box_24bfe0-82 .kt-infobox-textcontent h4.kt-blocks-info-box-title{color:#f0b429;font-size:24px;line-height:26px;font-family:Montserrat;font-style:normal;font-weight:700;padding-top:0px;padding-right:0px;padding-bottom:0px;padding-left:0px;margin-top:5px;margin-right:0px;margin-bottom:10px;margin-left:0px;}#kt-info-box_24bfe0-82 .kt-blocks-info-box-link-wrap:hover h4.kt-blocks-info-box-title{color:#f0b429;}#kt-info-box_24bfe0-82 .kt-infobox-textcontent .kt-blocks-info-box-text{color:#545e69;}#kt-info-box_24bfe0-82 .kt-blocks-info-box-link-wrap:hover .kt-blocks-info-box-text{color:#545e69;}#kt-info-box_24bfe0-82 .kt-blocks-info-box-learnmore{color:#4a627b;background:#ffffff;border-color:#e4e8ec;font-size:14px;font-family:Montserrat;font-style:normal;font-weight:600;border-width:1px 0px 0px 0px;padding-top:20px;padding-right:8px;padding-bottom:4px;padding-left:8px;margin-top:25px;margin-right:0px;margin-bottom:10px;margin-left:0px;}#kt-info-box_24bfe0-82 .kt-blocks-info-box-link-wrap:hover .kt-blocks-info-box-learnmore,#kt-info-box_24bfe0-82 .kt-blocks-info-box-link-wrap .kt-blocks-info-box-learnmore:focus{color:#4a627b;background:#ffffff;border-color:#e4e8ec;}#kt-info-box_24bfe0-82 .kt-blocks-info-box-link-wrap{box-shadow:0px 0px 1px 0px rgba(0, 0, 0, 0.2);}#kt-info-box_24bfe0-82 .kt-blocks-info-box-link-wrap:hover{box-shadow:0px 0px 14px 0px rgba(0, 0, 0, 0.2);}@media all and (max-width: 1024px){#kt-info-box_24bfe0-82 .kt-blocks-info-box-link-wrap{box-shadow:0px 0px 1px 0px rgba(0, 0, 0, 0.2);}}@media all and (max-width: 1024px){#kt-info-box_24bfe0-82 .kt-blocks-info-box-link-wrap:hover{box-shadow:0px 0px 14px 0px rgba(0, 0, 0, 0.2);}}@media all and (max-width: 767px){#kt-info-box_24bfe0-82 .kt-blocks-info-box-link-wrap{box-shadow:0px 0px 1px 0px rgba(0, 0, 0, 0.2);}#kt-info-box_24bfe0-82 .kt-blocks-info-box-link-wrap:hover{box-shadow:0px 0px 14px 0px rgba(0, 0, 0, 0.2);}}<\/style>\n<div id=\"kt-info-box_24bfe0-82\" class=\"wp-block-kadence-infobox\"><a class=\"kt-blocks-info-box-link-wrap info-box-link kt-blocks-info-box-media-align-top kt-info-halign-center\"><div class=\"kt-blocks-info-box-media-container\"><div class=\"kt-blocks-info-box-media kt-info-media-animate-none\"><div class=\"kadence-info-box-icon-container kt-info-icon-animate-none\"><div class=\"kadence-info-box-icon-inner-container\"><span style=\"display:block;justify-content:center;align-items:center\" class=\"kt-info-svg-icon kt-info-svg-icon-ic_heart\"><svg style=\"display:inline-block;vertical-align:middle\" viewBox=\"0 0 8 8\" height=\"50\" width=\"50\" fill=\"currentColor\" xmlns=\"http:\/\/www.w3.org\/2000\/svg\" aria-hidden=\"true\"><path d=\"M2 0c-.55 0-1.04.23-1.41.59-.36.36-.59.85-.59 1.41 0 .55.23 1.04.59 1.41l3.41 3.41 3.41-3.41c.36-.36.59-.85.59-1.41 0-.55-.23-1.04-.59-1.41-.36-.36-.85-.59-1.41-.59-.55 0-1.04.23-1.41.59-.36.36-.59.85-.59 1.41 0-.55-.23-1.04-.59-1.41-.36-.36-.85-.59-1.41-.59z\" transform=\"translate(0 1)\"><\/path><\/svg><\/span><\/div><\/div><\/div><\/div><div class=\"kt-infobox-textcontent\"><h4 class=\"kt-blocks-info-box-title\">CONFIANCE<\/h4><p class=\"kt-blocks-info-box-text\">Vous pouvez nous faire confiance pour respecter vos choix et vous apporter des soins de qualit\u00e9. Rien ne sera fait sans votre accord ou un devis.<\/p><\/div><\/a><\/div>\n<\/div><\/div>\n\n\n<style>.kadence-column_cb7302-47 > .kt-inside-inner-col{border-top-width:0px;border-right-width:0px;border-bottom-width:0px;border-left-width:0px;}.kadence-column_cb7302-47 > .kt-inside-inner-col,.kadence-column_cb7302-47 > .kt-inside-inner-col:before{border-top-left-radius:0px;border-top-right-radius:0px;border-bottom-right-radius:0px;border-bottom-left-radius:0px;}.kadence-column_cb7302-47 > .kt-inside-inner-col{column-gap:var(--global-kb-gap-sm, 1rem);}.kadence-column_cb7302-47 > .kt-inside-inner-col{flex-direction:column;}.kadence-column_cb7302-47 > .kt-inside-inner-col > .aligncenter{width:100%;}.kadence-column_cb7302-47 > .kt-inside-inner-col:before{opacity:0.3;}.kadence-column_cb7302-47{position:relative;}@media all and (max-width: 1024px){.kadence-column_cb7302-47 > .kt-inside-inner-col{flex-direction:column;justify-content:center;}}@media all and (max-width: 767px){.kadence-column_cb7302-47 > .kt-inside-inner-col{flex-direction:column;justify-content:center;}}<\/style>\n<div class=\"wp-block-kadence-column inner-column-3 kadence-column_cb7302-47\"><div class=\"kt-inside-inner-col\"><style>.wp-block-kadence-column.kb-section-dir-horizontal > .kt-inside-inner-col > #kt-info-box_683187-8e .kt-blocks-info-box-link-wrap{max-width:unset;}#kt-info-box_683187-8e .kt-blocks-info-box-link-wrap{border-color:#d64545;border-top-width:5px;border-right-width:0px;border-bottom-width:0px;border-left-width:0px;background:#ffffff;padding-top:20px;padding-right:20px;padding-bottom:20px;padding-left:20px;}#kt-info-box_683187-8e .kt-blocks-info-box-link-wrap:hover{border-color:#d64545;background:#ffffff;}#kt-info-box_683187-8e .kadence-info-box-icon-container .kt-info-svg-icon, #kt-info-box_683187-8e .kt-info-svg-icon-flip, #kt-info-box_683187-8e .kt-blocks-info-box-number{font-size:50px;}#kt-info-box_683187-8e .kt-blocks-info-box-media{color:#d64545;background:#ffeeee;border-color:#444444;border-radius:200px;overflow:hidden;border-top-width:0px;border-right-width:0px;border-bottom-width:0px;border-left-width:0px;padding-top:26px;padding-right:26px;padding-bottom:26px;padding-left:26px;}#kt-info-box_683187-8e .kt-blocks-info-box-media-container{margin-top:5px;margin-right:15px;margin-bottom:15px;margin-left:15px;}#kt-info-box_683187-8e .kt-blocks-info-box-media .kadence-info-box-image-intrisic img{border-radius:200px;}#kt-info-box_683187-8e .kt-blocks-info-box-link-wrap:hover .kt-blocks-info-box-media{color:#d64545;background:#ffeeee;border-color:#444444;}#kt-info-box_683187-8e .kt-infobox-textcontent h4.kt-blocks-info-box-title{color:#d64545;font-size:24px;line-height:26px;font-family:Montserrat;font-style:normal;font-weight:700;padding-top:0px;padding-right:0px;padding-bottom:0px;padding-left:0px;margin-top:5px;margin-right:0px;margin-bottom:10px;margin-left:0px;}#kt-info-box_683187-8e .kt-blocks-info-box-link-wrap:hover h4.kt-blocks-info-box-title{color:#d64545;}#kt-info-box_683187-8e .kt-infobox-textcontent .kt-blocks-info-box-text{color:#545e69;}#kt-info-box_683187-8e .kt-blocks-info-box-link-wrap:hover .kt-blocks-info-box-text{color:#545e69;}#kt-info-box_683187-8e .kt-blocks-info-box-learnmore{color:#4a627b;background:#ffffff;border-color:#e4e8ec;font-size:14px;font-family:Montserrat;font-style:normal;font-weight:600;border-width:1px 0px 0px 0px;padding-top:20px;padding-right:8px;padding-bottom:4px;padding-left:8px;margin-top:25px;margin-right:0px;margin-bottom:10px;margin-left:0px;}#kt-info-box_683187-8e .kt-blocks-info-box-link-wrap:hover .kt-blocks-info-box-learnmore,#kt-info-box_683187-8e .kt-blocks-info-box-link-wrap .kt-blocks-info-box-learnmore:focus{color:#4a627b;background:#ffffff;border-color:#e4e8ec;}#kt-info-box_683187-8e .kt-blocks-info-box-link-wrap{box-shadow:0px 0px 1px 0px rgba(0, 0, 0, 0.2);}#kt-info-box_683187-8e .kt-blocks-info-box-link-wrap:hover{box-shadow:0px 0px 14px 0px rgba(0, 0, 0, 0.2);}@media all and (max-width: 1024px){#kt-info-box_683187-8e .kt-blocks-info-box-link-wrap{box-shadow:0px 0px 1px 0px rgba(0, 0, 0, 0.2);}}@media all and (max-width: 1024px){#kt-info-box_683187-8e .kt-blocks-info-box-link-wrap:hover{box-shadow:0px 0px 14px 0px rgba(0, 0, 0, 0.2);}}@media all and (max-width: 767px){#kt-info-box_683187-8e .kt-blocks-info-box-link-wrap{box-shadow:0px 0px 1px 0px rgba(0, 0, 0, 0.2);}#kt-info-box_683187-8e .kt-blocks-info-box-link-wrap:hover{box-shadow:0px 0px 14px 0px rgba(0, 0, 0, 0.2);}}<\/style>\n<div id=\"kt-info-box_683187-8e\" class=\"wp-block-kadence-infobox\"><a class=\"kt-blocks-info-box-link-wrap info-box-link kt-blocks-info-box-media-align-top kt-info-halign-center\"><div class=\"kt-blocks-info-box-media-container\"><div class=\"kt-blocks-info-box-media kt-info-media-animate-none\"><div class=\"kadence-info-box-icon-container kt-info-icon-animate-none\"><div class=\"kadence-info-box-icon-inner-container\"><span style=\"display:block;justify-content:center;align-items:center\" class=\"kt-info-svg-icon kt-info-svg-icon-ic_headphones\"><svg style=\"display:inline-block;vertical-align:middle\" viewBox=\"0 0 8 8\" height=\"50\" width=\"50\" fill=\"currentColor\" xmlns=\"http:\/\/www.w3.org\/2000\/svg\" aria-hidden=\"true\"><path d=\"M4 0c-1.65 0-3 1.35-3 3v1h-.5a.5.5 0 0 0-.5.5v2a.5.5 0 0 0 .5.5h1a.5.5 0 0 0 .5-.5v-3.5c0-1.11.89-2 2-2 1.11 0 2 .89 2 2v3.5a.5.5 0 0 0 .5.5h1a.5.5 0 0 0 .5-.5v-2a.5.5 0 0 0-.5-.5h-.5v-1c0-1.65-1.35-3-3-3z\"><\/path><\/svg><\/span><\/div><\/div><\/div><\/div><div class=\"kt-infobox-textcontent\"><h4 class=\"kt-blocks-info-box-title\">\u00c9COUTE<\/h4><p class=\"kt-blocks-info-box-text\">Nous cherchons \u00e0 mieux vous \u00e9couter pour pouvoir formuler des r\u00e9ponses adapt\u00e9es \u00e0 vos d\u00e9sirs et vous permettre d\u2019\u00eatre autonome dans votre choix.<\/p><\/div><\/a><\/div>\n<\/div><\/div>\n<\/div><\/div><\/div>\n","protected":false},"excerpt":{"rendered":"<p>DANS NOTRE CABINET, NOUS AVONS \u00c0 COEUR DE VOUS ACCOMPAGNER AVEC PROFESSIONNALISME, \u00c9COUTE ET HUMANIT\u00c9 DANS TOUS VOS SOINS. NOUS AVONS CONSCIENCE DES CRAINTES QUI PEUVENT EXISTER, ET SAVONS \u00c9GALEMENT \u00c0 QUEL POINT UNE DENTURE SAINE ET ENTRETENUE A UN IMPACT FORT SUR LA SANT\u00c9 ET LE BIEN-\u00caTRE. LES SOINS SONT UN TRAITEMENT, MAIS LE &hellip; <\/p>\n<p class=\"link-more\"><a href=\"https:\/\/dentistes-charron.fr\/?page_id=90\" class=\"more-link\">Lire la suite de<span class=\"screen-reader-text\">\u00ab\u00a0Notre Philosophie\u00a0\u00bb<\/span><\/a><\/p>\n","protected":false},"author":1,"featured_media":0,"parent":0,"menu_order":0,"comment_status":"closed","ping_status":"closed","template":"","meta":{"_monsterinsights_skip_tracking":false,"_monsterinsights_sitenote_active":false,"_monsterinsights_sitenote_note":"","_monsterinsights_sitenote_category":0,"footnotes":""},"class_list":["post-90","page","type-page","status-publish","hentry"],"_links":{"self":[{"href":"https:\/\/dentistes-charron.fr\/index.php?rest_route=\/wp\/v2\/pages\/90","targetHints":{"allow":["GET"]}}],"collection":[{"href":"https:\/\/dentistes-charron.fr\/index.php?rest_route=\/wp\/v2\/pages"}],"about":[{"href":"https:\/\/dentistes-charron.fr\/index.php?rest_route=\/wp\/v2\/types\/page"}],"author":[{"embeddable":true,"href":"https:\/\/dentistes-charron.fr\/index.php?rest_route=\/wp\/v2\/users\/1"}],"replies":[{"embeddable":true,"href":"https:\/\/dentistes-charron.fr\/index.php?rest_route=%2Fwp%2Fv2%2Fcomments&post=90"}],"version-history":[{"count":20,"href":"https:\/\/dentistes-charron.fr\/index.php?rest_route=\/wp\/v2\/pages\/90\/revisions"}],"predecessor-version":[{"id":1023,"href":"https:\/\/dentistes-charron.fr\/index.php?rest_route=\/wp\/v2\/pages\/90\/revisions\/1023"}],"wp:attachment":[{"href":"https:\/\/dentistes-charron.fr\/index.php?rest_route=%2Fwp%2Fv2%2Fmedia&parent=90"}],"curies":[{"name":"wp","href":"https:\/\/api.w.org\/{rel}","templated":true}]}}