{"id":595,"date":"2022-07-22T15:35:42","date_gmt":"2022-07-22T13:35:42","guid":{"rendered":"https:\/\/dentistes-charron.fr\/?page_id=595"},"modified":"2023-01-12T12:26:30","modified_gmt":"2023-01-12T11:26:30","slug":"quest-ce-quune-urgence-dentaire","status":"publish","type":"page","link":"https:\/\/dentistes-charron.fr\/?page_id=595","title":{"rendered":"Urgence\u00a0"},"content":{"rendered":"\n<div class=\"wp-block-media-text alignfull is-image-fill\" style=\"grid-template-columns:40% auto\"><figure class=\"wp-block-media-text__media\" style=\"background-image:url(https:\/\/dentistes-charron.fr\/wp-content\/uploads\/2022\/08\/urgences-dentaires-chocs-sur-les-dents-1024-2.jpg);background-position:45% 48%\"><img loading=\"lazy\" decoding=\"async\" width=\"1024\" height=\"1023\" src=\"https:\/\/dentistes-charron.fr\/wp-content\/uploads\/2022\/08\/urgences-dentaires-chocs-sur-les-dents-1024-2.jpg\" alt=\"\" class=\"wp-image-752 size-full\" srcset=\"https:\/\/dentistes-charron.fr\/wp-content\/uploads\/2022\/08\/urgences-dentaires-chocs-sur-les-dents-1024-2.jpg 1024w, https:\/\/dentistes-charron.fr\/wp-content\/uploads\/2022\/08\/urgences-dentaires-chocs-sur-les-dents-1024-2-300x300.jpg 300w, https:\/\/dentistes-charron.fr\/wp-content\/uploads\/2022\/08\/urgences-dentaires-chocs-sur-les-dents-1024-2-150x150.jpg 150w, https:\/\/dentistes-charron.fr\/wp-content\/uploads\/2022\/08\/urgences-dentaires-chocs-sur-les-dents-1024-2-768x767.jpg 768w\" sizes=\"auto, (max-width: 1024px) 100vw, 1024px\" \/><\/figure><div class=\"wp-block-media-text__content\">\n<h2 class=\"wp-block-heading\">Qu\u2019est-ce qu\u2019une urgence dentaire&nbsp;?<\/h2>\n\n\n\n<p>En g\u00e9n\u00e9ral, lorsqu\u2019une&nbsp;<strong>douleur bucco-dentaire violente<\/strong>&nbsp;n\u2019est pas soulag\u00e9e par la prise d\u2019antalgiques, elle est qualifi\u00e9e d\u2019<strong>urgence dentaire<\/strong>. Il s\u2019agit souvent d\u2019une rage de dents ou d\u2019un abc\u00e8s par exemple.  Gardez en t\u00eate le fait que le meilleur moyen de se pr\u00e9munir de ce genre de situation consiste \u00e0&nbsp;<strong>vous rendre chez votre dentiste au moins une fois par an<\/strong>&nbsp;afin d\u2019intercepter d\u2019\u00e9ventuelles pathologies dentaires.<\/p>\n\n\n\n<p>Une autre situation peut \u00e9galement \u00eatre qualifi\u00e9e d\u2019urgence dentaire lorsque le patient n\u00e9cessite d\u2019\u00eatre vu rapidement afin de garantir l\u2019efficacit\u00e9 du traitement. C\u2019est le cas&nbsp;<strong>lorsque le patient subit un choc ou un accident<\/strong>&nbsp;avec un d\u00e9placement de la dent ou sa chute. Il faut alors la&nbsp;<strong>r\u00e9implanter<\/strong>&nbsp;le plus t\u00f4t possible pour que la greffe puisse prendre.<\/p>\n\n\n\n<p> Il en va de m\u00eame si la dent est cass\u00e9e et que le nerf est \u00e0&nbsp;vif, ce qui cause une violente douleur. Il faut alors \u00ab\u00a0d\u00e9vitalisation\u00a0\u00bb  la dent pour stopper au plus vite la douleur. En revanche, si le nerf n\u2019est pas touch\u00e9, les soins peuvent \u00eatre programm\u00e9s ult\u00e9rieurement.<\/p>\n\n\n\n<p>Il existe aussi une&nbsp;<strong>urgence relative comme une couronne ou un bridge qui se d\u00e9colle<\/strong>, d\u2019autant plus urgent \u00e0&nbsp;recoller quand cela concerne les dents de devant.&nbsp;<\/p>\n\n\n\n<p>Un service de garde est organis\u00e9 les dimanches et jours f\u00e9ri\u00e9s par le Conseil de l&rsquo;Ordre D\u00e9partemental des Chirurgiens-Dentistes.<\/p>\n\n\n\n<p>Vous trouverez\u00a0<strong>les coordonn\u00e9es du dentiste de garde<\/strong>\u00a0dans votre quotidien r\u00e9gional ou en composant le 15  <\/p>\n<\/div><\/div>\n\n\n\n<div class=\"wp-block-media-text alignfull has-media-on-the-right is-image-fill\"><div class=\"wp-block-media-text__content\">\n<p><strong>Rappel :&nbsp;<\/strong><\/p>\n\n\n\n<p><strong>En cas de traumatisme dentaire<\/strong>&nbsp;cons\u00e9cutif \u00e0 une chute ou \u00e0 un choc, prenez imm\u00e9diatement contact avec votre dentiste traitant.<\/p>\n\n\n\n<p><strong>S\u2019il y a expulsion d\u2019une dent d\u00e9finitive :<\/strong>Le geste d\u2019urgence consiste \u00e0 r\u00e9cup\u00e9rer la dent, sans la nettoyer, et \u00e0 la conserver dans du s\u00e9rum physiologique ou du lait (sinon la conserver dans sa propre salive).&nbsp;<\/p>\n\n\n\n<p>La r\u00e9implantation, si elle est possible, devra se faire aussi rapidement que possible.<\/p>\n\n\n\n<p><strong>S\u2019il y a d\u00e9placement des dents d\u00e9finitives :<\/strong>Le geste d\u2019urgence consiste, \u00e0 les replacer correctement avec la pression des doigts.<\/p>\n<\/div><figure class=\"wp-block-media-text__media\" style=\"background-image:url(https:\/\/dentistes-charron.fr\/wp-content\/uploads\/2022\/08\/Urgence-2-1024x809.jpg);background-position:48% 41%\"><img loading=\"lazy\" decoding=\"async\" width=\"1024\" height=\"809\" src=\"https:\/\/dentistes-charron.fr\/wp-content\/uploads\/2022\/08\/Urgence-2-1024x809.jpg\" alt=\"\" class=\"wp-image-764 size-full\" srcset=\"https:\/\/dentistes-charron.fr\/wp-content\/uploads\/2022\/08\/Urgence-2-1024x809.jpg 1024w, https:\/\/dentistes-charron.fr\/wp-content\/uploads\/2022\/08\/Urgence-2-300x237.jpg 300w, https:\/\/dentistes-charron.fr\/wp-content\/uploads\/2022\/08\/Urgence-2-768x607.jpg 768w, https:\/\/dentistes-charron.fr\/wp-content\/uploads\/2022\/08\/Urgence-2-1536x1213.jpg 1536w, https:\/\/dentistes-charron.fr\/wp-content\/uploads\/2022\/08\/Urgence-2.jpg 1551w\" sizes=\"auto, (max-width: 1024px) 100vw, 1024px\" \/><\/figure><\/div>\n","protected":false},"excerpt":{"rendered":"<p>Qu\u2019est-ce qu\u2019une urgence dentaire&nbsp;? En g\u00e9n\u00e9ral, lorsqu\u2019une&nbsp;douleur bucco-dentaire violente&nbsp;n\u2019est pas soulag\u00e9e par la prise d\u2019antalgiques, elle est qualifi\u00e9e d\u2019urgence dentaire. Il s\u2019agit souvent d\u2019une rage de dents ou d\u2019un abc\u00e8s par exemple. Gardez en t\u00eate le fait que le meilleur moyen de se pr\u00e9munir de ce genre de situation consiste \u00e0&nbsp;vous rendre chez votre dentiste &hellip; <\/p>\n<p class=\"link-more\"><a href=\"https:\/\/dentistes-charron.fr\/?page_id=595\" class=\"more-link\">Lire la suite de<span class=\"screen-reader-text\">\u00ab\u00a0Urgence\u00a0\u00a0\u00bb<\/span><\/a><\/p>\n","protected":false},"author":1,"featured_media":0,"parent":0,"menu_order":0,"comment_status":"closed","ping_status":"closed","template":"","meta":{"_monsterinsights_skip_tracking":false,"_monsterinsights_sitenote_active":false,"_monsterinsights_sitenote_note":"","_monsterinsights_sitenote_category":0,"footnotes":""},"class_list":["post-595","page","type-page","status-publish","hentry"],"_links":{"self":[{"href":"https:\/\/dentistes-charron.fr\/index.php?rest_route=\/wp\/v2\/pages\/595","targetHints":{"allow":["GET"]}}],"collection":[{"href":"https:\/\/dentistes-charron.fr\/index.php?rest_route=\/wp\/v2\/pages"}],"about":[{"href":"https:\/\/dentistes-charron.fr\/index.php?rest_route=\/wp\/v2\/types\/page"}],"author":[{"embeddable":true,"href":"https:\/\/dentistes-charron.fr\/index.php?rest_route=\/wp\/v2\/users\/1"}],"replies":[{"embeddable":true,"href":"https:\/\/dentistes-charron.fr\/index.php?rest_route=%2Fwp%2Fv2%2Fcomments&post=595"}],"version-history":[{"count":20,"href":"https:\/\/dentistes-charron.fr\/index.php?rest_route=\/wp\/v2\/pages\/595\/revisions"}],"predecessor-version":[{"id":1016,"href":"https:\/\/dentistes-charron.fr\/index.php?rest_route=\/wp\/v2\/pages\/595\/revisions\/1016"}],"wp:attachment":[{"href":"https:\/\/dentistes-charron.fr\/index.php?rest_route=%2Fwp%2Fv2%2Fmedia&parent=595"}],"curies":[{"name":"wp","href":"https:\/\/api.w.org\/{rel}","templated":true}]}}