{"id":539,"date":"2022-07-22T12:23:36","date_gmt":"2022-07-22T10:23:36","guid":{"rendered":"https:\/\/dentistes-charron.fr\/?page_id=539"},"modified":"2022-07-22T12:23:36","modified_gmt":"2022-07-22T10:23:36","slug":"politique-de-confidentialite","status":"publish","type":"page","link":"https:\/\/dentistes-charron.fr\/?page_id=539","title":{"rendered":"Politique de confidentialit\u00e9"},"content":{"rendered":"\n<p>1.QUELLES SONT LES DONN\u00c9ES PERSONNELLES TRAIT\u00c9ES ?<\/p>\n\n\n\n<p>Les donn\u00e9es personnelles vous concernant collect\u00e9es et trait\u00e9es sont principalement, selon les services du Site utilis\u00e9s, vos choix et le param\u00e9trage de votre terminal (notamment par rapport aux cookies et autres traceurs) : vos nom, pr\u00e9nom, adresse email, num\u00e9ro de t\u00e9l\u00e9phone.<\/p>\n\n\n\n<p>Nous pouvons vous permettre de partager des informations relatives \u00e0 nos contenus sur le site Internet (en sa version fixe ou mobile), notamment par l\u2019interm\u00e9diaire des boutons de partage. Nous vous rappelons que l\u2019acc\u00e8s \u00e0 ces R\u00e9seaux Sociaux n\u00e9cessite l\u2019acceptation par vous de leurs conditions contractuelles comportant des dispositions relatives \u00e0 la R\u00e8glementation sur les Donn\u00e9es Personnelles pour les traitements effectu\u00e9s par eux, et ce ind\u00e9pendamment de nos pages sur lesdits R\u00e9seaux Sociaux.<\/p>\n\n\n\n<p>Pour en savoir plus sur la protection de vos Donn\u00e9es Personnelles lors de la navigation sur ces R\u00e9seaux Sociaux, nous vous invitons \u00e0 consulter leurs politiques de confidentialit\u00e9 respectives.<\/p>\n\n\n\n<p>2. COMMENT COLLECTONS-NOUS VOS DONN\u00c9ES PERSONNELLES ?<\/p>\n\n\n\n<p>Ces Donn\u00e9es sont collect\u00e9es soit sur la base de votre consentement, soit sont n\u00e9cessaires \u00e0 l\u2019ex\u00e9cution de vos commandes (ex\u00e9cution d\u2019un contrat).<\/p>\n\n\n\n<p>3. POURQUOI COLLECTONS-NOUS VOS DONN\u00c9ES PERSONNELLES ?<\/p>\n\n\n\n<p>Ainsi, vos donn\u00e9es sont collect\u00e9es afin de :<\/p>\n\n\n\n<ul class=\"wp-block-list\"><li>R\u00e9aliser des statistiques ;<\/li><li>Transmettre du contenu informatif et p\u00e9dagogique<\/li><li>Garantir le bon fonctionnement de certaines fonctionnalit\u00e9s.<\/li><\/ul>\n","protected":false},"excerpt":{"rendered":"<p>1.QUELLES SONT LES DONN\u00c9ES PERSONNELLES TRAIT\u00c9ES ? Les donn\u00e9es personnelles vous concernant collect\u00e9es et trait\u00e9es sont principalement, selon les services du Site utilis\u00e9s, vos choix et le param\u00e9trage de votre terminal (notamment par rapport aux cookies et autres traceurs) : vos nom, pr\u00e9nom, adresse email, num\u00e9ro de t\u00e9l\u00e9phone. Nous pouvons vous permettre de partager des &hellip; <\/p>\n<p class=\"link-more\"><a href=\"https:\/\/dentistes-charron.fr\/?page_id=539\" class=\"more-link\">Lire la suite de<span class=\"screen-reader-text\">\u00ab\u00a0Politique de confidentialit\u00e9\u00a0\u00bb<\/span><\/a><\/p>\n","protected":false},"author":1,"featured_media":0,"parent":0,"menu_order":0,"comment_status":"closed","ping_status":"closed","template":"","meta":{"_monsterinsights_skip_tracking":false,"_monsterinsights_sitenote_active":false,"_monsterinsights_sitenote_note":"","_monsterinsights_sitenote_category":0,"footnotes":""},"class_list":["post-539","page","type-page","status-publish","hentry"],"_links":{"self":[{"href":"https:\/\/dentistes-charron.fr\/index.php?rest_route=\/wp\/v2\/pages\/539","targetHints":{"allow":["GET"]}}],"collection":[{"href":"https:\/\/dentistes-charron.fr\/index.php?rest_route=\/wp\/v2\/pages"}],"about":[{"href":"https:\/\/dentistes-charron.fr\/index.php?rest_route=\/wp\/v2\/types\/page"}],"author":[{"embeddable":true,"href":"https:\/\/dentistes-charron.fr\/index.php?rest_route=\/wp\/v2\/users\/1"}],"replies":[{"embeddable":true,"href":"https:\/\/dentistes-charron.fr\/index.php?rest_route=%2Fwp%2Fv2%2Fcomments&post=539"}],"version-history":[{"count":1,"href":"https:\/\/dentistes-charron.fr\/index.php?rest_route=\/wp\/v2\/pages\/539\/revisions"}],"predecessor-version":[{"id":542,"href":"https:\/\/dentistes-charron.fr\/index.php?rest_route=\/wp\/v2\/pages\/539\/revisions\/542"}],"wp:attachment":[{"href":"https:\/\/dentistes-charron.fr\/index.php?rest_route=%2Fwp%2Fv2%2Fmedia&parent=539"}],"curies":[{"name":"wp","href":"https:\/\/api.w.org\/{rel}","templated":true}]}}