{"id":517,"date":"2022-07-22T10:51:38","date_gmt":"2022-07-22T08:51:38","guid":{"rendered":"https:\/\/dentistes-charron.fr\/?page_id=517"},"modified":"2022-07-22T12:08:05","modified_gmt":"2022-07-22T10:08:05","slug":"mentions-legales","status":"publish","type":"page","link":"https:\/\/dentistes-charron.fr\/?page_id=517","title":{"rendered":"Mentions l\u00e9gales"},"content":{"rendered":"\n<p>Vous pouvez \u00e9galement consulter nos\u00a0<strong>CGU<\/strong> et notre\u00a0<strong>Politique de confidentialit\u00e9 <\/strong><\/p>\n\n\n\n<h2 class=\"wp-block-heading\">OBJET DU SITE<\/h2>\n\n\n\n<p>Ce site est con\u00e7u \u00e0 titre purement informatif et est destin\u00e9 \u00e0 tout type de public. Il a \u00e9t\u00e9 r\u00e9alis\u00e9 selon la charte ordinale de qualit\u00e9 relative aux sites Internet.<\/p>\n\n\n\n<p>Les informations fournies sur le pr\u00e9sent site sont destin\u00e9es \u00e0 am\u00e9liorer, non \u00e0 remplacer, la relation qui existe entre le patient (ou visiteur du site) et son chirurgien-dentiste. Ces informations permettent \u00e9galement de pr\u00e9senter le cabinet.<\/p>\n\n\n\n<p>Ce site est mis gratuitement \u00e0 la disposition des patients du Cabinet dentaire de Charron afin de lui fournir des informations sur la chirurgie dentaire, l&rsquo;hygi\u00e8ne et les traitements bucco-dentaires. Le contenu m\u00e9dical du site (articles, soins et conseils de pr\u00e9vention) a \u00e9t\u00e9 r\u00e9alis\u00e9 par un Comit\u00e9 \u00e9ditorial et scientifique compos\u00e9 de Chirurgiens-Dentistes et de journalistes de la Sant\u00e9.<\/p>\n\n\n\n<h2 class=\"wp-block-heading\">COMPOSITION DU COMIT\u00c9 \u00c9DITORIAL &amp; SCIENTIFIQUE<\/h2>\n\n\n\n<ul class=\"wp-block-list\"><li><strong>Pr\u00e9sident du comit\u00e9 scientifique :&nbsp;<\/strong>Marc BONNEL (Docteur en chirurgie dentaire) &#8211; N\u00b0 inscription \u00e0 l\u2019ordre :&nbsp;924701162<\/li><li><strong>Vice-pr\u00e9sident du Comit\u00e9 scientifique :<\/strong>&nbsp;Jacques WEMAERE (Docteur en chirurgie dentaire) &#8211; N\u00b0 inscription \u00e0 l\u2019ordre :&nbsp;33 40 32 26 5<\/li><\/ul>\n\n\n\n<p>Le Comit\u00e9 \u00e9ditorial et scientifique regroupe \u00e9galement 14 praticiens qui participent \u00e0 la r\u00e9alisation et validation des fiches conseils en fonction de leurs sp\u00e9cialit\u00e9s (implantologie, parodontologie, p\u00e9dodontie, orthodontie).<\/p>\n\n\n\n<h2 class=\"wp-block-heading\">\u00c9DITEUR ET H\u00c9BERGEUR DU SITE<\/h2>\n\n\n\n<figure id=\"Editeur\" class=\"wp-block-table\"><table><tbody><tr><td><strong>H\u00e9bergeur du site <\/strong>: <strong>&nbsp;<\/strong>Le propri\u00e9taire, \u00e9diteur de ce site web est la soci\u00e9t\u00e9 de droit fran\u00e7ais Gandi SAS.<br>63-65 boulevard Mass\u00e9na Paris (75013) FRANCE<br>T\u00e9l. :&nbsp;+33 (0) 1 70.37.76.61  Fax +33. (0) 1 43 73 18 51<br>Email : <a href=\"mailto:direction@gandi.net\">direction@gandi.net<\/a> <br>GANDI SAS, Soci\u00e9t\u00e9 par Actions Simplifi\u00e9e au capital de 630000 \u20ac<br>Siren 423 093 459 RCS PARIS<br>TVA intracommunautaire FR81423093459<br><strong>\u00c9diteur<\/strong> : <strong>&nbsp;<\/strong>Agence WORDPRESS<\/td><\/tr><\/tbody><\/table><\/figure>\n\n\n\n<h2 class=\"wp-block-heading\">PROPRI\u00c9T\u00c9 INTELLECTUELLE<\/h2>\n\n\n\n<p>Le pr\u00e9sent site est \u00e9dit\u00e9 par la soci\u00e9t\u00e9 WORDPRESS.<br>L\u2019ensemble des \u00e9l\u00e9ments du pr\u00e9sent site appartient \u00e0 la soci\u00e9t\u00e9 \u00e9ditrice, WordPress, \u00e0 l\u2019exception des marques, logos ou contenus appartenant \u00e0 d\u2019autres soci\u00e9t\u00e9s ou auteurs.<br>Toute copie des logos, contenus textuels, pictographiques ou vid\u00e9os, sans que cette \u00e9num\u00e9ration ne soit limitative, est rigoureusement interdite et s\u2019apparente \u00e0 de la contrefa\u00e7on. Ainsi, l\u2019utilisateur s\u2019interdit notamment de modifier, copier, reproduire, t\u00e9l\u00e9charger, diffuser, transmettre, exploiter commercialement ou non, distribuer tout ou partie des \u00e9l\u00e9ments de structure ou de contenu du Site Web, sans autorisation expresse du repr\u00e9sentant l\u00e9gal de la soci\u00e9t\u00e9 WordPress.<br>Dans certains cas, l\u2019ensemble des \u00e9l\u00e9ments du pr\u00e9sent Site,&nbsp; est conc\u00e9d\u00e9 sous licence d\u2019exploitation exclusive au nom du praticien. Dans ce cas, le praticien est alors responsable de toutes les fonctions qui incombent au site&nbsp; web&nbsp;: \u00e9dition, r\u00e9daction, h\u00e9bergement \u2026<\/p>\n\n\n\n<h2 class=\"wp-block-heading\">CONFIDENTIALIT\u00c9<\/h2>\n\n\n\n<p>Le Titulaire du site est responsable du traitement des donn\u00e9es \u00e0 caract\u00e8re personnel (donn\u00e9es saisies dans les formulaires). Les informations personnelles concernant les visiteurs de notre site, y compris leur identit\u00e9, sont confidentielles. Le responsable du site s\u2019engage sur l\u2019honneur \u00e0 respecter les conditions l\u00e9gales de confidentialit\u00e9 applicables en France et \u00e0 ne pas divulguer ces informations \u00e0 des tiers. Le site Internet utilise un fichier local de session (\u00e9galement appel\u00e9 \u00ab cookie \u00bb, non conserv\u00e9 une fois que votre fen\u00eatre de navigateur est ferm\u00e9e) pour faciliter la navigation. Ce site utilise Google Analytics, un service d\u2019analyse de site internet fourni par Google Inc. (\u00ab Google \u00bb) uniquement dans le but d&rsquo;analyser le cheminement des utilisateurs. Google Analytics utilise des cookies. Plus d&rsquo;informations&nbsp;<a href=\"https:\/\/policies.google.com\/technologies\/managing?hl=fr\">ici<\/a>.<\/p>\n\n\n\n<p>L&rsquo;exercice du droit d&rsquo;acc\u00e8s et de rectification pr\u00e9vu par la loi peut \u00eatre exerc\u00e9 \u00e0 l&rsquo;adresse mentionn\u00e9e ci-dessus.<\/p>\n\n\n\n<p>Les auteurs sont responsables des contenus pr\u00e9sents sur le site. La responsabilit\u00e9 de GANDI.net&nbsp; ne saurait \u00eatre engag\u00e9e par rapport aux contenus et aux \u00e9ventuelles erreurs mat\u00e9rielles ins\u00e9r\u00e9es dans les documents. GANDI.net&nbsp; ne saurait \u00eatre tenu pour responsable des informations, propos et opinions \u00e9mises sur les sites vers lesquels il pointe par des liens hypertexte et dont il n&rsquo;a pas la ma\u00eetrise \u00e9ditoriale. Enfin La responsabilit\u00e9 de&nbsp;GANDI.net&nbsp;ne saurait \u00eatre engag\u00e9e pour la transmission d\u00e9fectueuse des donn\u00e9es due aux divers r\u00e9seaux de l\u2019Internet ou aux incompatibilit\u00e9s dues au navigateur web de l\u2019utilisateur.<\/p>\n\n\n\n<h2 class=\"wp-block-heading\">PUBLICIT\u00c9 ET FINANCEMENT<\/h2>\n\n\n\n<p>Ce site n\u2019accueille aucune forme de publicit\u00e9. Le site a \u00e9t\u00e9 financ\u00e9 par les praticiens, sans qu\u2019aucun financement ext\u00e9rieur n\u2019intervienne. Les informations fournies ne constituent en aucune mani\u00e8re une forme de publicit\u00e9. Ce site ne constitue en aucun cas un d\u00e9marchage.<\/p>\n\n\n\n<p>Derni\u00e8re mise \u00e0 jour : 22\/07\/2022<\/p>\n\n\n\n<p>Les praticiens du cabinet sont responsables du contenu de leur site Internet<\/p>\n\n\n\n<h2 class=\"wp-block-heading\">TITULAIRE ET RESPONSABLE DU SITE<\/h2>\n\n\n\n<p class=\"has-text-align-center\">Cabinet SCM dentistes Charron du Dr Philippine Huet, Dr Paul CORDIER et du Dr Chlo\u00e9 OLSINA<br>Rue du Ch\u00e2teau <br>Espace \u00a0\u00bb Les Morines\u00a0\u00bb <br>17230 CHARRON<\/p>\n","protected":false},"excerpt":{"rendered":"<p>Vous pouvez \u00e9galement consulter nos\u00a0CGU et notre\u00a0Politique de confidentialit\u00e9 OBJET DU SITE Ce site est con\u00e7u \u00e0 titre purement informatif et est destin\u00e9 \u00e0 tout type de public. Il a \u00e9t\u00e9 r\u00e9alis\u00e9 selon la charte ordinale de qualit\u00e9 relative aux sites Internet. Les informations fournies sur le pr\u00e9sent site sont destin\u00e9es \u00e0 am\u00e9liorer, non \u00e0 &hellip; <\/p>\n<p class=\"link-more\"><a href=\"https:\/\/dentistes-charron.fr\/?page_id=517\" class=\"more-link\">Lire la suite de<span class=\"screen-reader-text\">\u00ab\u00a0Mentions l\u00e9gales\u00a0\u00bb<\/span><\/a><\/p>\n","protected":false},"author":1,"featured_media":0,"parent":0,"menu_order":0,"comment_status":"closed","ping_status":"closed","template":"","meta":{"_monsterinsights_skip_tracking":false,"_monsterinsights_sitenote_active":false,"_monsterinsights_sitenote_note":"","_monsterinsights_sitenote_category":0,"footnotes":""},"class_list":["post-517","page","type-page","status-publish","hentry"],"_links":{"self":[{"href":"https:\/\/dentistes-charron.fr\/index.php?rest_route=\/wp\/v2\/pages\/517","targetHints":{"allow":["GET"]}}],"collection":[{"href":"https:\/\/dentistes-charron.fr\/index.php?rest_route=\/wp\/v2\/pages"}],"about":[{"href":"https:\/\/dentistes-charron.fr\/index.php?rest_route=\/wp\/v2\/types\/page"}],"author":[{"embeddable":true,"href":"https:\/\/dentistes-charron.fr\/index.php?rest_route=\/wp\/v2\/users\/1"}],"replies":[{"embeddable":true,"href":"https:\/\/dentistes-charron.fr\/index.php?rest_route=%2Fwp%2Fv2%2Fcomments&post=517"}],"version-history":[{"count":3,"href":"https:\/\/dentistes-charron.fr\/index.php?rest_route=\/wp\/v2\/pages\/517\/revisions"}],"predecessor-version":[{"id":538,"href":"https:\/\/dentistes-charron.fr\/index.php?rest_route=\/wp\/v2\/pages\/517\/revisions\/538"}],"wp:attachment":[{"href":"https:\/\/dentistes-charron.fr\/index.php?rest_route=%2Fwp%2Fv2%2Fmedia&parent=517"}],"curies":[{"name":"wp","href":"https:\/\/api.w.org\/{rel}","templated":true}]}}