{"id":45,"date":"2022-07-07T14:36:08","date_gmt":"2022-07-07T12:36:08","guid":{"rendered":"http:\/\/dentistes-charron.fr\/?page_id=45"},"modified":"2024-02-09T22:41:05","modified_gmt":"2024-02-09T21:41:05","slug":"a-propos-de","status":"publish","type":"page","link":"https:\/\/dentistes-charron.fr\/?page_id=45","title":{"rendered":"Le Cabinet"},"content":{"rendered":"\n<div class=\"wp-block-columns is-layout-flex wp-container-core-columns-is-layout-28f84493 wp-block-columns-is-layout-flex\">\n<div class=\"wp-block-column is-layout-flow wp-block-column-is-layout-flow\" style=\"flex-basis:100%\">\n<div class=\"wp-block-group alignwide is-layout-flow wp-block-group-is-layout-flow\">\n<div class=\"wp-block-cover aligncenter is-light\" style=\"min-height:571px;aspect-ratio:unset;\"><span aria-hidden=\"true\" class=\"wp-block-cover__background has-background-dim-0 has-background-dim\"><\/span><img loading=\"lazy\" decoding=\"async\" width=\"2560\" height=\"1920\" class=\"wp-block-cover__image-background wp-image-848\" alt=\"\" src=\"https:\/\/dentistes-charron.fr\/wp-content\/uploads\/2022\/08\/image0-scaled.jpeg\" style=\"object-position:8% 50%\" data-object-fit=\"cover\" data-object-position=\"8% 50%\" srcset=\"https:\/\/dentistes-charron.fr\/wp-content\/uploads\/2022\/08\/image0-scaled.jpeg 2560w, https:\/\/dentistes-charron.fr\/wp-content\/uploads\/2022\/08\/image0-300x225.jpeg 300w, https:\/\/dentistes-charron.fr\/wp-content\/uploads\/2022\/08\/image0-1024x768.jpeg 1024w, https:\/\/dentistes-charron.fr\/wp-content\/uploads\/2022\/08\/image0-768x576.jpeg 768w, https:\/\/dentistes-charron.fr\/wp-content\/uploads\/2022\/08\/image0-1536x1152.jpeg 1536w, https:\/\/dentistes-charron.fr\/wp-content\/uploads\/2022\/08\/image0-2048x1536.jpeg 2048w, https:\/\/dentistes-charron.fr\/wp-content\/uploads\/2022\/08\/image0-2000x1500.jpeg 2000w\" sizes=\"auto, (max-width: 2560px) 100vw, 2560px\" \/><div class=\"wp-block-cover__inner-container is-layout-flow wp-block-cover-is-layout-flow\">\n<div class=\"wp-block-cover alignleft is-light\" style=\"min-height:430px;aspect-ratio:unset;\"><span aria-hidden=\"true\" class=\"wp-block-cover__background has-white-background-color has-background-dim-70 has-background-dim\"><\/span><div class=\"wp-block-cover__inner-container is-layout-flow wp-block-cover-is-layout-flow\">\n<p class=\"has-text-align-left has-black-color has-text-color\" style=\"font-size:clamp(14px, 0.875rem + ((1vw - 3.2px) * 0.208), 16px);\"><em><mark style=\"background-color:rgba(0, 0, 0, 0)\" class=\"has-inline-color has-black-color\">Situ\u00e9 entre Lu\u00e7on et La Rochelle, le cabinet b\u00e9n\u00e9ficie d&rsquo;un emplacement privil\u00e9gi\u00e9 dans une zone de service.<\/mark><\/em><\/p>\n\n\n\n<p class=\"has-text-align-left has-black-color has-text-color\" style=\"font-size:clamp(14px, 0.875rem + ((1vw - 3.2px) * 0.208), 16px);\"><mark style=\"background-color:rgba(0, 0, 0, 0)\" class=\"has-inline-color has-black-color\"><\/mark><\/p>\n<\/div><\/div>\n<\/div><\/div>\n<\/div>\n<\/div>\n<\/div>\n\n\n<style>.kb-gallery-id-45_c7b90c-65.kb-gallery-ul.kb-gallery-type-fluidcarousel .kt-blocks-carousel figure .kb-gal-image-radius, .kb-gallery-id-45_c7b90c-65.kb-gallery-ul.kb-gallery-type-fluidcarousel .kt-blocks-carousel figure .kb-gal-image-radius img{height:370px;}.kb-gallery-id-45_c7b90c-65 .kadence-blocks-gallery-item .kb-gal-image-radius, .kb-gallery-id-45_c7b90c-65 .kb-slide-item .kb-gal-image-radius img{border-radius:0px 0px 0px 0px;;}.kb-gallery-wrap-id-45_c7b90c-65.wp-block-kadence-advancedgallery{overflow:visible;}.kb-gallery-wrap-id-45_c7b90c-65.wp-block-kadence-advancedgallery .kt-blocks-carousel{overflow:visible;max-width:100%;}<\/style><div class=\"kb-gallery-wrap-id-45_c7b90c-65 alignnone wp-block-kadence-advancedgallery\"><div class=\"kb-gallery-ul kb-gallery-non-static kb-gallery-type-fluidcarousel kb-gallery-id-45_c7b90c-65 kb-gallery-caption-style-bottom-hover kb-gallery-filter-none\" data-image-filter=\"none\" data-lightbox-caption=\"true\"><div class=\"kt-blocks-carousel splide kt-carousel-container-dotstyle-dark kt-carousel-arrowstyle-whiteondark kt-carousel-dotstyle-dark kb-slider-group-arrow kb-slider-arrow-position-center kb-carousel-mode-align-left\" data-slider-anim-speed=\"780\" data-slider-scroll=\"1\" data-slider-arrows=\"true\" data-slider-dots=\"true\" data-slider-hover-pause=\"false\" data-slider-auto=\"\" data-slider-speed=\"7000\" data-slider-type=\"fluidcarousel\" data-slider-center-mode=\"false\" data-slider-gap=\"0px\" data-slider-gap-tablet=\"0px\" data-slider-gap-mobile=\"0px\" data-show-pause-button=\"false\"><div class=\"splide__track\"><ul class=\"kt-blocks-carousel-init kb-blocks-fluid-carousel splide__list\"><li class=\"kb-slide-item kb-gallery-carousel-item splide__slide\"><div class=\"kadence-blocks-gallery-item\"><div class=\"kadence-blocks-gallery-item-inner\"><figure class=\"kb-gallery-figure kadence-blocks-gallery-item-hide-caption\"><div class=\"kb-gal-image-radius\"><div class=\"kb-gallery-image-contain\" ><img loading=\"lazy\" decoding=\"async\" src=\"https:\/\/dentistes-charron.fr\/wp-content\/uploads\/2022\/08\/cabinet-dentaire-3.jpg\" width=\"480\" height=\"360\" alt=\"\" data-full-image=\"https:\/\/dentistes-charron.fr\/wp-content\/uploads\/2022\/08\/cabinet-dentaire-3.jpg\" data-light-image=\"https:\/\/dentistes-charron.fr\/wp-content\/uploads\/2022\/08\/cabinet-dentaire-3.jpg\" data-id=\"795\" class=\"wp-image-795 skip-lazy\" srcset=\"https:\/\/dentistes-charron.fr\/wp-content\/uploads\/2022\/08\/cabinet-dentaire-3.jpg 480w, https:\/\/dentistes-charron.fr\/wp-content\/uploads\/2022\/08\/cabinet-dentaire-3-300x225.jpg 300w\" sizes=\"auto, (max-width: 480px) 100vw, 480px\" \/><\/div><\/div><\/figure><\/div><\/div><\/li><li class=\"kb-slide-item kb-gallery-carousel-item splide__slide\"><div class=\"kadence-blocks-gallery-item\"><div class=\"kadence-blocks-gallery-item-inner\"><figure class=\"kb-gallery-figure kadence-blocks-gallery-item-hide-caption\"><div class=\"kb-gal-image-radius\"><div class=\"kb-gallery-image-contain\" ><img loading=\"lazy\" decoding=\"async\" src=\"https:\/\/dentistes-charron.fr\/wp-content\/uploads\/2022\/08\/image0-1024x768.jpeg\" width=\"950\" height=\"713\" alt=\"\" data-full-image=\"https:\/\/dentistes-charron.fr\/wp-content\/uploads\/2022\/08\/image0-scaled.jpeg\" data-light-image=\"https:\/\/dentistes-charron.fr\/wp-content\/uploads\/2022\/08\/image0-scaled.jpeg\" data-id=\"848\" class=\"wp-image-848 skip-lazy\" srcset=\"https:\/\/dentistes-charron.fr\/wp-content\/uploads\/2022\/08\/image0-1024x768.jpeg 1024w, https:\/\/dentistes-charron.fr\/wp-content\/uploads\/2022\/08\/image0-300x225.jpeg 300w, https:\/\/dentistes-charron.fr\/wp-content\/uploads\/2022\/08\/image0-768x576.jpeg 768w, https:\/\/dentistes-charron.fr\/wp-content\/uploads\/2022\/08\/image0-1536x1152.jpeg 1536w, https:\/\/dentistes-charron.fr\/wp-content\/uploads\/2022\/08\/image0-2048x1536.jpeg 2048w, https:\/\/dentistes-charron.fr\/wp-content\/uploads\/2022\/08\/image0-2000x1500.jpeg 2000w\" sizes=\"auto, (max-width: 950px) 100vw, 950px\" \/><\/div><\/div><\/figure><\/div><\/div><\/li><li class=\"kb-slide-item kb-gallery-carousel-item splide__slide\"><div class=\"kadence-blocks-gallery-item\"><div class=\"kadence-blocks-gallery-item-inner\"><figure class=\"kb-gallery-figure kadence-blocks-gallery-item-hide-caption\"><div class=\"kb-gal-image-radius\"><div class=\"kb-gallery-image-contain\" ><img loading=\"lazy\" decoding=\"async\" src=\"https:\/\/dentistes-charron.fr\/wp-content\/uploads\/2022\/08\/IMG_8039-1024x768.jpg\" width=\"1024\" height=\"768\" alt=\"\" data-full-image=\"https:\/\/dentistes-charron.fr\/wp-content\/uploads\/2022\/08\/IMG_8039.jpg\" data-light-image=\"https:\/\/dentistes-charron.fr\/wp-content\/uploads\/2022\/08\/IMG_8039.jpg\" data-id=\"811\" class=\"wp-image-811 skip-lazy\" srcset=\"https:\/\/dentistes-charron.fr\/wp-content\/uploads\/2022\/08\/IMG_8039-1024x768.jpg 1024w, https:\/\/dentistes-charron.fr\/wp-content\/uploads\/2022\/08\/IMG_8039-300x225.jpg 300w, https:\/\/dentistes-charron.fr\/wp-content\/uploads\/2022\/08\/IMG_8039-768x576.jpg 768w, https:\/\/dentistes-charron.fr\/wp-content\/uploads\/2022\/08\/IMG_8039-1536x1152.jpg 1536w, https:\/\/dentistes-charron.fr\/wp-content\/uploads\/2022\/08\/IMG_8039.jpg 2000w\" sizes=\"auto, (max-width: 1024px) 100vw, 1024px\" \/><\/div><\/div><\/figure><\/div><\/div><\/li><li class=\"kb-slide-item kb-gallery-carousel-item splide__slide\"><div class=\"kadence-blocks-gallery-item\"><div class=\"kadence-blocks-gallery-item-inner\"><figure class=\"kb-gallery-figure kadence-blocks-gallery-item-hide-caption\"><div class=\"kb-gal-image-radius\"><div class=\"kb-gallery-image-contain\" ><img loading=\"lazy\" decoding=\"async\" src=\"https:\/\/dentistes-charron.fr\/wp-content\/uploads\/2022\/08\/294482679_461736242054405_5389946748409996426_n-1-768x1024.jpg\" width=\"768\" height=\"1024\" alt=\"\" data-full-image=\"https:\/\/dentistes-charron.fr\/wp-content\/uploads\/2022\/08\/294482679_461736242054405_5389946748409996426_n-1.jpg\" data-light-image=\"https:\/\/dentistes-charron.fr\/wp-content\/uploads\/2022\/08\/294482679_461736242054405_5389946748409996426_n-1.jpg\" data-id=\"797\" class=\"wp-image-797 skip-lazy\" srcset=\"https:\/\/dentistes-charron.fr\/wp-content\/uploads\/2022\/08\/294482679_461736242054405_5389946748409996426_n-1-768x1024.jpg 768w, https:\/\/dentistes-charron.fr\/wp-content\/uploads\/2022\/08\/294482679_461736242054405_5389946748409996426_n-1-225x300.jpg 225w, https:\/\/dentistes-charron.fr\/wp-content\/uploads\/2022\/08\/294482679_461736242054405_5389946748409996426_n-1-1152x1536.jpg 1152w, https:\/\/dentistes-charron.fr\/wp-content\/uploads\/2022\/08\/294482679_461736242054405_5389946748409996426_n-1.jpg 1170w\" sizes=\"auto, (max-width: 768px) 100vw, 768px\" \/><\/div><\/div><\/figure><\/div><\/div><\/li><li class=\"kb-slide-item kb-gallery-carousel-item splide__slide\"><div class=\"kadence-blocks-gallery-item\"><div class=\"kadence-blocks-gallery-item-inner\"><figure class=\"kb-gallery-figure kadence-blocks-gallery-item-hide-caption\"><div class=\"kb-gal-image-radius\"><div class=\"kb-gallery-image-contain\" ><img loading=\"lazy\" decoding=\"async\" src=\"https:\/\/dentistes-charron.fr\/wp-content\/uploads\/2022\/08\/294669385_381343720777730_9135179018986867313_n-1-768x1024.jpg\" width=\"768\" height=\"1024\" alt=\"\" data-full-image=\"https:\/\/dentistes-charron.fr\/wp-content\/uploads\/2022\/08\/294669385_381343720777730_9135179018986867313_n-1.jpg\" data-light-image=\"https:\/\/dentistes-charron.fr\/wp-content\/uploads\/2022\/08\/294669385_381343720777730_9135179018986867313_n-1.jpg\" data-id=\"803\" class=\"wp-image-803 skip-lazy\" srcset=\"https:\/\/dentistes-charron.fr\/wp-content\/uploads\/2022\/08\/294669385_381343720777730_9135179018986867313_n-1-768x1024.jpg 768w, https:\/\/dentistes-charron.fr\/wp-content\/uploads\/2022\/08\/294669385_381343720777730_9135179018986867313_n-1-225x300.jpg 225w, https:\/\/dentistes-charron.fr\/wp-content\/uploads\/2022\/08\/294669385_381343720777730_9135179018986867313_n-1-1152x1536.jpg 1152w, https:\/\/dentistes-charron.fr\/wp-content\/uploads\/2022\/08\/294669385_381343720777730_9135179018986867313_n-1.jpg 1536w\" sizes=\"auto, (max-width: 768px) 100vw, 768px\" \/><\/div><\/div><\/figure><\/div><\/div><\/li><li class=\"kb-slide-item kb-gallery-carousel-item splide__slide\"><div class=\"kadence-blocks-gallery-item\"><div class=\"kadence-blocks-gallery-item-inner\"><figure class=\"kb-gallery-figure kadence-blocks-gallery-item-hide-caption\"><div class=\"kb-gal-image-radius\"><div class=\"kb-gallery-image-contain\" ><img loading=\"lazy\" decoding=\"async\" src=\"https:\/\/dentistes-charron.fr\/wp-content\/uploads\/2022\/08\/294229071_798337747993176_6348767653353337781_n-1-808x1024.jpg\" width=\"808\" height=\"1024\" alt=\"\" data-full-image=\"https:\/\/dentistes-charron.fr\/wp-content\/uploads\/2022\/08\/294229071_798337747993176_6348767653353337781_n-1.jpg\" data-light-image=\"https:\/\/dentistes-charron.fr\/wp-content\/uploads\/2022\/08\/294229071_798337747993176_6348767653353337781_n-1.jpg\" data-id=\"798\" class=\"wp-image-798 skip-lazy\" srcset=\"https:\/\/dentistes-charron.fr\/wp-content\/uploads\/2022\/08\/294229071_798337747993176_6348767653353337781_n-1-808x1024.jpg 808w, https:\/\/dentistes-charron.fr\/wp-content\/uploads\/2022\/08\/294229071_798337747993176_6348767653353337781_n-1-237x300.jpg 237w, https:\/\/dentistes-charron.fr\/wp-content\/uploads\/2022\/08\/294229071_798337747993176_6348767653353337781_n-1-768x974.jpg 768w, https:\/\/dentistes-charron.fr\/wp-content\/uploads\/2022\/08\/294229071_798337747993176_6348767653353337781_n-1.jpg 1169w\" sizes=\"auto, (max-width: 808px) 100vw, 808px\" \/><\/div><\/div><\/figure><\/div><\/div><\/li><\/ul><\/div><\/div><\/div><\/div>\n\n\n<p> <\/p>\n\n\n\n<p> <\/p>\n","protected":false},"excerpt":{"rendered":"","protected":false},"author":1,"featured_media":0,"parent":0,"menu_order":0,"comment_status":"closed","ping_status":"closed","template":"","meta":{"_monsterinsights_skip_tracking":false,"_monsterinsights_sitenote_active":false,"_monsterinsights_sitenote_note":"","_monsterinsights_sitenote_category":0,"footnotes":""},"class_list":["post-45","page","type-page","status-publish","hentry"],"_links":{"self":[{"href":"https:\/\/dentistes-charron.fr\/index.php?rest_route=\/wp\/v2\/pages\/45","targetHints":{"allow":["GET"]}}],"collection":[{"href":"https:\/\/dentistes-charron.fr\/index.php?rest_route=\/wp\/v2\/pages"}],"about":[{"href":"https:\/\/dentistes-charron.fr\/index.php?rest_route=\/wp\/v2\/types\/page"}],"author":[{"embeddable":true,"href":"https:\/\/dentistes-charron.fr\/index.php?rest_route=\/wp\/v2\/users\/1"}],"replies":[{"embeddable":true,"href":"https:\/\/dentistes-charron.fr\/index.php?rest_route=%2Fwp%2Fv2%2Fcomments&post=45"}],"version-history":[{"count":70,"href":"https:\/\/dentistes-charron.fr\/index.php?rest_route=\/wp\/v2\/pages\/45\/revisions"}],"predecessor-version":[{"id":1439,"href":"https:\/\/dentistes-charron.fr\/index.php?rest_route=\/wp\/v2\/pages\/45\/revisions\/1439"}],"wp:attachment":[{"href":"https:\/\/dentistes-charron.fr\/index.php?rest_route=%2Fwp%2Fv2%2Fmedia&parent=45"}],"curies":[{"name":"wp","href":"https:\/\/api.w.org\/{rel}","templated":true}]}}