{"id":222,"date":"2022-07-11T13:11:11","date_gmt":"2022-07-11T11:11:11","guid":{"rendered":"https:\/\/dentistes-charron.fr\/?page_id=222"},"modified":"2022-11-08T09:58:35","modified_gmt":"2022-11-08T08:58:35","slug":"les-prothese-amovible","status":"publish","type":"page","link":"https:\/\/dentistes-charron.fr\/?page_id=222","title":{"rendered":"Les proth\u00e8ses amovibles"},"content":{"rendered":"\n<div class=\"wp-block-media-text alignfull is-image-fill\"><figure class=\"wp-block-media-text__media\" style=\"background-image:url(https:\/\/dentistes-charron.fr\/wp-content\/uploads\/2022\/07\/PROTHESES-AMOVIBLE.webp);background-position:43% 46%\"><img loading=\"lazy\" decoding=\"async\" width=\"560\" height=\"400\" src=\"https:\/\/dentistes-charron.fr\/wp-content\/uploads\/2022\/07\/PROTHESES-AMOVIBLE.webp\" alt=\"\" class=\"wp-image-695 size-full\" srcset=\"https:\/\/dentistes-charron.fr\/wp-content\/uploads\/2022\/07\/PROTHESES-AMOVIBLE.webp 560w, https:\/\/dentistes-charron.fr\/wp-content\/uploads\/2022\/07\/PROTHESES-AMOVIBLE-300x214.webp 300w\" sizes=\"auto, (max-width: 560px) 100vw, 560px\" \/><\/figure><div class=\"wp-block-media-text__content\">\n<p>Une partie, voire l\u2019int\u00e9gralit\u00e9, de vos dents pr\u00e9sente des pathologies trop importantes pour pouvoir \u00eatre conserv\u00e9es ? Certaines de vos dents sont manquantes suite \u00e0 un accident ou une maladie ? Les proth\u00e8ses dentaires amovibles peuvent alors \u00eatre la solution id\u00e9ale pour vous.<\/p>\n\n\n\n<h1 class=\"wp-block-heading\">Qu\u2019est-ce qu\u2019une proth\u00e8se dentaire amovible ?<\/h1>\n\n\n\n<p>Plus commun\u00e9ment connues sous le nom de \u00ab&nbsp;<strong>dentier<\/strong>&nbsp;\u00bb, les&nbsp;<strong>proth\u00e8ses dentaires amovibles<\/strong>&nbsp;peuvent \u00eatre partielles ou compl\u00e8tes, selon l\u2019\u00e9tat de votre dentition. En plus de vous permettre de retrouver une esth\u00e9tique dentaire parfaite, elles facilitent la mastication des aliments et votre \u00e9locution.<\/p>\n\n\n\n<p>Elles sont recommand\u00e9es pour les personnes ayant subi une perte de leur dentition, soit par accident, soit \u00e0 cause d\u2019une maladie telle que la&nbsp;parodontite. Les&nbsp;<strong>proth\u00e8ses dentaires amovibles<\/strong>&nbsp;sont, de fait, plus communes chez les personnes \u00e2g\u00e9es.<\/p>\n<\/div><\/div>\n\n\n\n<div class=\"wp-block-media-text alignfull has-media-on-the-right is-image-fill\" style=\"grid-template-columns:auto 46%\"><figure class=\"wp-block-media-text__media\" style=\"background-image:url(https:\/\/dentistes-charron.fr\/wp-content\/uploads\/2022\/07\/prothese-COMPLETE.jpg);background-position:50% 50%\"><img loading=\"lazy\" decoding=\"async\" width=\"474\" height=\"337\" src=\"https:\/\/dentistes-charron.fr\/wp-content\/uploads\/2022\/07\/prothese-COMPLETE.jpg\" alt=\"\" class=\"wp-image-697 size-full\" srcset=\"https:\/\/dentistes-charron.fr\/wp-content\/uploads\/2022\/07\/prothese-COMPLETE.jpg 474w, https:\/\/dentistes-charron.fr\/wp-content\/uploads\/2022\/07\/prothese-COMPLETE-300x213.jpg 300w\" sizes=\"auto, (max-width: 474px) 100vw, 474px\" \/><\/figure><div class=\"wp-block-media-text__content\">\n<h2>sLes diff\u00e9rentes proth\u00e8ses dentaires amovibles<\/h2>\n<p><strong>Les proth\u00e8ses dentaires amovibles compl\u00e8tes<\/strong><\/p>\n<p>Ces proth\u00e8ses dentaires amovibles viennent remplacer l\u2019int\u00e9gralit\u00e9 des dents du patient et s\u2019appuient essentiellement sur les gencives.<\/p>\n<p><strong>Les proth\u00e8ses dentaires amovibles partielles<\/strong><\/p>\n<p>Elles permettent de remplacer une partie de la dentition tout en venant s\u2019appuyer sur les dents saines et sur la gencive, et font donc preuve d\u2019une grande stabilit\u00e9.<\/p>\n<\/div><\/div>\n\n\n\n<div class=\"wp-block-media-text alignfull is-image-fill\" style=\"grid-template-columns:30% auto\"><figure class=\"wp-block-media-text__media\" style=\"background-image:url(https:\/\/dentistes-charron.fr\/wp-content\/uploads\/2022\/07\/APP-BROSSE.webp);background-position:51% 78%\"><img loading=\"lazy\" decoding=\"async\" width=\"500\" height=\"500\" src=\"https:\/\/dentistes-charron.fr\/wp-content\/uploads\/2022\/07\/APP-BROSSE.webp\" alt=\"\" class=\"wp-image-698 size-full\" srcset=\"https:\/\/dentistes-charron.fr\/wp-content\/uploads\/2022\/07\/APP-BROSSE.webp 500w, https:\/\/dentistes-charron.fr\/wp-content\/uploads\/2022\/07\/APP-BROSSE-300x300.webp 300w, https:\/\/dentistes-charron.fr\/wp-content\/uploads\/2022\/07\/APP-BROSSE-150x150.webp 150w\" sizes=\"auto, (max-width: 500px) 100vw, 500px\" \/><\/figure><div class=\"wp-block-media-text__content\">\n<h2>L\u2019entretien des proth\u00e8ses dentaires amovibles<\/h2>\n<p>Les proth\u00e8ses dentaires amovibles, qu\u2019elles soient partielles ou compl\u00e8tes, sup\u00e9rieures ou inf\u00e9rieures, se doivent d\u2019\u00eatre entretenues avec le plus grand soin pour une bonne hygi\u00e8ne bucco-dentaire.<\/p>\n<p>Il est donc important de r\u00e9aliser un bon brossage des dents restantes et de nettoyer rigoureusement votre proth\u00e8se apr\u00e8s chaque repas. Ces proth\u00e8ses peuvent \u00e9galement \u00eatre baign\u00e9es 15 minutes dans une solution d\u00e9sinfectante.<\/p>\n<p>Nous vous recommandons \u00e9galement de les passer sous l\u2019eau avant leur installation.<\/p>\n<\/div><\/div>\n","protected":false},"excerpt":{"rendered":"<p>Une partie, voire l\u2019int\u00e9gralit\u00e9, de vos dents pr\u00e9sente des pathologies trop importantes pour pouvoir \u00eatre conserv\u00e9es ? Certaines de vos dents sont manquantes suite \u00e0 un accident ou une maladie ? Les proth\u00e8ses dentaires amovibles peuvent alors \u00eatre la solution id\u00e9ale pour vous. Qu\u2019est-ce qu\u2019une proth\u00e8se dentaire amovible ? Plus commun\u00e9ment connues sous le nom &hellip; <\/p>\n<p class=\"link-more\"><a href=\"https:\/\/dentistes-charron.fr\/?page_id=222\" class=\"more-link\">Lire la suite de<span class=\"screen-reader-text\">\u00ab\u00a0Les proth\u00e8ses amovibles\u00a0\u00bb<\/span><\/a><\/p>\n","protected":false},"author":1,"featured_media":0,"parent":0,"menu_order":0,"comment_status":"closed","ping_status":"closed","template":"","meta":{"_monsterinsights_skip_tracking":false,"_monsterinsights_sitenote_active":false,"_monsterinsights_sitenote_note":"","_monsterinsights_sitenote_category":0,"footnotes":""},"class_list":["post-222","page","type-page","status-publish","hentry"],"_links":{"self":[{"href":"https:\/\/dentistes-charron.fr\/index.php?rest_route=\/wp\/v2\/pages\/222","targetHints":{"allow":["GET"]}}],"collection":[{"href":"https:\/\/dentistes-charron.fr\/index.php?rest_route=\/wp\/v2\/pages"}],"about":[{"href":"https:\/\/dentistes-charron.fr\/index.php?rest_route=\/wp\/v2\/types\/page"}],"author":[{"embeddable":true,"href":"https:\/\/dentistes-charron.fr\/index.php?rest_route=\/wp\/v2\/users\/1"}],"replies":[{"embeddable":true,"href":"https:\/\/dentistes-charron.fr\/index.php?rest_route=%2Fwp%2Fv2%2Fcomments&post=222"}],"version-history":[{"count":10,"href":"https:\/\/dentistes-charron.fr\/index.php?rest_route=\/wp\/v2\/pages\/222\/revisions"}],"predecessor-version":[{"id":998,"href":"https:\/\/dentistes-charron.fr\/index.php?rest_route=\/wp\/v2\/pages\/222\/revisions\/998"}],"wp:attachment":[{"href":"https:\/\/dentistes-charron.fr\/index.php?rest_route=%2Fwp%2Fv2%2Fmedia&parent=222"}],"curies":[{"name":"wp","href":"https:\/\/api.w.org\/{rel}","templated":true}]}}