{"id":221,"date":"2022-07-11T13:11:10","date_gmt":"2022-07-11T11:11:10","guid":{"rendered":"https:\/\/dentistes-charron.fr\/?page_id=221"},"modified":"2022-10-27T15:08:55","modified_gmt":"2022-10-27T13:08:55","slug":"inlay-onlay","status":"publish","type":"page","link":"https:\/\/dentistes-charron.fr\/?page_id=221","title":{"rendered":"Inlay \/ Onlay"},"content":{"rendered":"\n<div class=\"wp-block-media-text alignfull has-media-on-the-right is-image-fill\" style=\"grid-template-columns:auto 36%\"><figure class=\"wp-block-media-text__media\" style=\"background-image:url(https:\/\/dentistes-charron.fr\/wp-content\/uploads\/2022\/07\/inlay-onlay.jpg);background-position:80% 54%\"><img loading=\"lazy\" decoding=\"async\" width=\"500\" height=\"401\" src=\"https:\/\/dentistes-charron.fr\/wp-content\/uploads\/2022\/07\/inlay-onlay.jpg\" alt=\"\" class=\"wp-image-400 size-full\" srcset=\"https:\/\/dentistes-charron.fr\/wp-content\/uploads\/2022\/07\/inlay-onlay.jpg 500w, https:\/\/dentistes-charron.fr\/wp-content\/uploads\/2022\/07\/inlay-onlay-300x241.jpg 300w\" sizes=\"auto, (max-width: 500px) 100vw, 500px\" \/><\/figure><div class=\"wp-block-media-text__content\">\n<p>Lorsque la carie est trop importante et que le dentiste ne peut reconstituer la dent avec un composite classique, il peut avoir recours aux onlays ou aux inlays. Ce sont des pi\u00e8ces proth\u00e9tiques r\u00e9alis\u00e9es par le proth\u00e9siste \u00e0 partir d&rsquo; une empreinte de la dent pr\u00e9par\u00e9e.<\/p>\n\n\n\n<h2 class=\"wp-block-heading\">Quelle diff\u00e9rence entre onlay et inlay ?<\/h2>\n\n\n\n<p class=\"has-medium-font-size\"><strong>Les inlays dentaires<\/strong><span style=\"font-size: revert; color: initial;\"> <\/span><\/p>\n\n\n\n<p><span style=\"font-size: revert; color: initial;\">L\u2019<\/span><strong style=\"font-size: revert; color: initial;\">inlay&nbsp;<\/strong><span style=\"font-size: revert; color: initial;\">permet la reconstruction de la partie centrale de la dent. <\/span><\/p>\n\n\n\n<p class=\"has-medium-font-size\"><strong>Les onlays dentaires<\/strong><span style=\"font-size: revert; color: initial;\"> <\/span><\/p>\n\n\n\n<p><span style=\"font-size: revert; color: initial;\">L&rsquo;<\/span><strong style=\"font-size: revert; color: initial;\">onlay<\/strong><span style=\"font-size: revert; color: initial;\"> vient rectifier une partie plus volumineuse et inclue <\/span>une cuspide (pointe ou sommet<span style=\"font-size: revert; color: initial;\"> de votre dent<\/span>).<\/p>\n<\/div><\/div>\n\n\n\n<div class=\"wp-block-media-text alignfull is-image-fill\" style=\"grid-template-columns:41% auto\"><figure class=\"wp-block-media-text__media\" style=\"background-image:url(https:\/\/dentistes-charron.fr\/wp-content\/uploads\/2022\/07\/onlay.jpg);background-position:45% 51%\"><img loading=\"lazy\" decoding=\"async\" width=\"500\" height=\"404\" src=\"https:\/\/dentistes-charron.fr\/wp-content\/uploads\/2022\/07\/onlay.jpg\" alt=\"\" class=\"wp-image-403 size-full\" srcset=\"https:\/\/dentistes-charron.fr\/wp-content\/uploads\/2022\/07\/onlay.jpg 500w, https:\/\/dentistes-charron.fr\/wp-content\/uploads\/2022\/07\/onlay-300x242.jpg 300w\" sizes=\"auto, (max-width: 500px) 100vw, 500px\" \/><\/figure><div class=\"wp-block-media-text__content\">\n<p>  <\/p>\n\n\n\n<h2 class=\"wp-block-heading\">Quels sont les avantages de ce type de proth\u00e8se ?<\/h2>\n\n\n\n<p>Les\u00a0<strong>inlays<\/strong>\u00a0et\u00a0<strong>onlays dentaires<\/strong>\u00a0sont con\u00e7us en c\u00e9ramique ou en composite. Ils sont invisibles une fois pos\u00e9s et viennent en remplacement d\u2019un plombage classique inesth\u00e9tique.<\/p>\n\n\n\n<p>Dans le cas de caries de volume important, la r\u00e9alisation d\u2019un\u00a0<strong>onlay<\/strong>\u00a0permet d\u2019\u00e9viter de r\u00e9aliser une couronne dentaire qui entra\u00eenerait un d\u00e9labrement plus important de votre dent.<\/p>\n\n\n\n<p>Ils permettent \u00e9galement une meilleure \u00e9tanch\u00e9it\u00e9, une diminution du risque de carie et un respect des morphologies par rapport \u00e0 un composite r\u00e9alis\u00e9 en technique directe.<\/p>\n\n\n\n<h2 class=\"wp-block-heading\">Comment \u00e7a se passe ?<\/h2>\n\n\n\n<p>Dans un premier temps, le dentiste nettoie la carie puis r\u00e9alise la pr\u00e9paration en conservant le maximum de tissus sains de la dent.<\/p>\n\n\n\n<p>Ensuite, une empreinte est r\u00e9alis\u00e9e afin que le proth\u00e9siste confectionne la pi\u00e8ce proth\u00e9tique. <\/p>\n\n\n\n<p>Quelques jours plus tard l\u2019<strong>inlay<\/strong>\u00a0ou l\u2019<strong>onlay dentaire\u00a0<\/strong>est enfin fix\u00e9 gr\u00e2ce \u00e0 une colle dentaire sp\u00e9cifique.<\/p>\n<\/div><\/div>\n","protected":false},"excerpt":{"rendered":"<p>Lorsque la carie est trop importante et que le dentiste ne peut reconstituer la dent avec un composite classique, il peut avoir recours aux onlays ou aux inlays. Ce sont des pi\u00e8ces proth\u00e9tiques r\u00e9alis\u00e9es par le proth\u00e9siste \u00e0 partir d&rsquo; une empreinte de la dent pr\u00e9par\u00e9e. Quelle diff\u00e9rence entre onlay et inlay ? Les inlays &hellip; <\/p>\n<p class=\"link-more\"><a href=\"https:\/\/dentistes-charron.fr\/?page_id=221\" class=\"more-link\">Lire la suite de<span class=\"screen-reader-text\">\u00ab\u00a0Inlay \/ Onlay\u00a0\u00bb<\/span><\/a><\/p>\n","protected":false},"author":1,"featured_media":0,"parent":0,"menu_order":0,"comment_status":"closed","ping_status":"closed","template":"","meta":{"_monsterinsights_skip_tracking":false,"_monsterinsights_sitenote_active":false,"_monsterinsights_sitenote_note":"","_monsterinsights_sitenote_category":0,"footnotes":""},"class_list":["post-221","page","type-page","status-publish","hentry"],"_links":{"self":[{"href":"https:\/\/dentistes-charron.fr\/index.php?rest_route=\/wp\/v2\/pages\/221","targetHints":{"allow":["GET"]}}],"collection":[{"href":"https:\/\/dentistes-charron.fr\/index.php?rest_route=\/wp\/v2\/pages"}],"about":[{"href":"https:\/\/dentistes-charron.fr\/index.php?rest_route=\/wp\/v2\/types\/page"}],"author":[{"embeddable":true,"href":"https:\/\/dentistes-charron.fr\/index.php?rest_route=\/wp\/v2\/users\/1"}],"replies":[{"embeddable":true,"href":"https:\/\/dentistes-charron.fr\/index.php?rest_route=%2Fwp%2Fv2%2Fcomments&post=221"}],"version-history":[{"count":14,"href":"https:\/\/dentistes-charron.fr\/index.php?rest_route=\/wp\/v2\/pages\/221\/revisions"}],"predecessor-version":[{"id":990,"href":"https:\/\/dentistes-charron.fr\/index.php?rest_route=\/wp\/v2\/pages\/221\/revisions\/990"}],"wp:attachment":[{"href":"https:\/\/dentistes-charron.fr\/index.php?rest_route=%2Fwp%2Fv2%2Fmedia&parent=221"}],"curies":[{"name":"wp","href":"https:\/\/api.w.org\/{rel}","templated":true}]}}