{"id":219,"date":"2022-07-11T13:11:10","date_gmt":"2022-07-11T11:11:10","guid":{"rendered":"https:\/\/dentistes-charron.fr\/?page_id=219"},"modified":"2023-11-29T13:58:37","modified_gmt":"2023-11-29T12:58:37","slug":"bridges","status":"publish","type":"page","link":"https:\/\/dentistes-charron.fr\/?page_id=219","title":{"rendered":"Bridges"},"content":{"rendered":"\n<div class=\"wp-block-media-text alignfull is-image-fill\" style=\"grid-template-columns:33% auto\"><figure class=\"wp-block-media-text__media\" style=\"background-image:url(https:\/\/dentistes-charron.fr\/wp-content\/uploads\/2022\/07\/bridge-3.jpg);background-position:100% 39%\"><img loading=\"lazy\" decoding=\"async\" width=\"500\" height=\"375\" src=\"https:\/\/dentistes-charron.fr\/wp-content\/uploads\/2022\/07\/bridge-3.jpg\" alt=\"\" class=\"wp-image-371 size-full\" srcset=\"https:\/\/dentistes-charron.fr\/wp-content\/uploads\/2022\/07\/bridge-3.jpg 500w, https:\/\/dentistes-charron.fr\/wp-content\/uploads\/2022\/07\/bridge-3-300x225.jpg 300w\" sizes=\"auto, (max-width: 500px) 100vw, 500px\" \/><\/figure><div class=\"wp-block-media-text__content\">\n<h2>Qu\u2019est-ce qu\u2019un bridge dentaire ?<\/h2>\n<p>Le bridge est une proth\u00e8se dentaire fixe (scell\u00e9e gr\u00e2ce \u00e0 un ciment) qui permet le remplacement d&rsquo;une ou plusieurs dents manquantes en prenant appui sur les dents attenant<span style=\"color: initial;\">es. <\/span><\/p>\n<p>Le bridge dentaire se compose au minimum de trois \u00e9l\u00e9ments: les deux piliers, c&rsquo;est \u00e0 dire les dents adjacentes taill\u00e9es par le dentiste, et le \u00ab\u00a0pont\u00a0\u00bb, venant remplacer les dents manquantes.<\/p>\n<\/div><\/div>\n\n\n\n<h2 class=\"wp-block-heading\" style=\"font-style:normal;font-weight:300\"> <\/h2>\n\n\n\n<div class=\"wp-block-media-text alignfull has-media-on-the-right is-image-fill\" style=\"grid-template-columns:auto 52%\"><figure class=\"wp-block-media-text__media\" style=\"background-image:url(https:\/\/dentistes-charron.fr\/wp-content\/uploads\/2022\/07\/BRIDGE-3-1-1024x1024.jpg);background-position:100% 72%\"><img loading=\"lazy\" decoding=\"async\" width=\"1024\" height=\"1024\" src=\"https:\/\/dentistes-charron.fr\/wp-content\/uploads\/2022\/07\/BRIDGE-3-1-1024x1024.jpg\" alt=\"\" class=\"wp-image-392 size-large\" srcset=\"https:\/\/dentistes-charron.fr\/wp-content\/uploads\/2022\/07\/BRIDGE-3-1-1024x1024.jpg 1024w, https:\/\/dentistes-charron.fr\/wp-content\/uploads\/2022\/07\/BRIDGE-3-1-300x300.jpg 300w, https:\/\/dentistes-charron.fr\/wp-content\/uploads\/2022\/07\/BRIDGE-3-1-150x150.jpg 150w, https:\/\/dentistes-charron.fr\/wp-content\/uploads\/2022\/07\/BRIDGE-3-1-768x768.jpg 768w, https:\/\/dentistes-charron.fr\/wp-content\/uploads\/2022\/07\/BRIDGE-3-1.jpg 1200w\" sizes=\"auto, (max-width: 1024px) 100vw, 1024px\" \/><\/figure><div class=\"wp-block-media-text__content\">\n<h2 class=\"wp-block-heading\">Pourquoi opter pour un bridge dentaire ?<\/h2>\n\n\n\n<p>Les\u00a0<strong>bridges dentaires<\/strong>\u00a0pr\u00e9sentent de nombreux avantages, tant esth\u00e9tiques que fonctionnels. Dans le cas du remplacement de dents ant\u00e9rieures, le bridge permet  retrouver l&rsquo;esth\u00e9tique du sourire ainsi qu&rsquo;une parfaite \u00e9locution. Concernant les molaires et pr\u00e9molaires, il permet de retrouver une bonne mastication.<\/p>\n\n\n\n<p>Le praticien r\u00e9alise le\u00a0<strong>bridge dentaire<\/strong>\u00a0selon plusieurs \u00e9tapes. Dans un premier temps, il effectue la taille de vos dents piliers avec pr\u00e9caution. Puis il r\u00e9alise une empreinte qui sera envoy\u00e9e au proth\u00e9siste pour la conception de la\u00a0<strong>proth\u00e8se dentaire<\/strong>.<\/p>\n\n\n\n<p>Le coloris de votre\u00a0<strong>bridge dentaire<\/strong>\u00a0est choisi selon la couleur actuelle de vos dents pour une esth\u00e9tique parfaitement naturelle.<\/p>\n\n\n\n<p class=\"has-medium-font-size\"><br><br> <\/p>\n<\/div><\/div>\n","protected":false},"excerpt":{"rendered":"<p>Qu\u2019est-ce qu\u2019un bridge dentaire ? Le bridge est une proth\u00e8se dentaire fixe (scell\u00e9e gr\u00e2ce \u00e0 un ciment) qui permet le remplacement d&rsquo;une ou plusieurs dents manquantes en prenant appui sur les dents attenantes. Le bridge dentaire se compose au minimum de trois \u00e9l\u00e9ments: les deux piliers, c&rsquo;est \u00e0 dire les dents adjacentes taill\u00e9es par le &hellip; <\/p>\n<p class=\"link-more\"><a href=\"https:\/\/dentistes-charron.fr\/?page_id=219\" class=\"more-link\">Lire la suite de<span class=\"screen-reader-text\">\u00ab\u00a0Bridges\u00a0\u00bb<\/span><\/a><\/p>\n","protected":false},"author":1,"featured_media":0,"parent":0,"menu_order":0,"comment_status":"closed","ping_status":"closed","template":"","meta":{"_monsterinsights_skip_tracking":false,"_monsterinsights_sitenote_active":false,"_monsterinsights_sitenote_note":"","_monsterinsights_sitenote_category":0,"footnotes":""},"class_list":["post-219","page","type-page","status-publish","hentry"],"_links":{"self":[{"href":"https:\/\/dentistes-charron.fr\/index.php?rest_route=\/wp\/v2\/pages\/219","targetHints":{"allow":["GET"]}}],"collection":[{"href":"https:\/\/dentistes-charron.fr\/index.php?rest_route=\/wp\/v2\/pages"}],"about":[{"href":"https:\/\/dentistes-charron.fr\/index.php?rest_route=\/wp\/v2\/types\/page"}],"author":[{"embeddable":true,"href":"https:\/\/dentistes-charron.fr\/index.php?rest_route=\/wp\/v2\/users\/1"}],"replies":[{"embeddable":true,"href":"https:\/\/dentistes-charron.fr\/index.php?rest_route=%2Fwp%2Fv2%2Fcomments&post=219"}],"version-history":[{"count":67,"href":"https:\/\/dentistes-charron.fr\/index.php?rest_route=\/wp\/v2\/pages\/219\/revisions"}],"predecessor-version":[{"id":983,"href":"https:\/\/dentistes-charron.fr\/index.php?rest_route=\/wp\/v2\/pages\/219\/revisions\/983"}],"wp:attachment":[{"href":"https:\/\/dentistes-charron.fr\/index.php?rest_route=%2Fwp%2Fv2%2Fmedia&parent=219"}],"curies":[{"name":"wp","href":"https:\/\/api.w.org\/{rel}","templated":true}]}}