{"id":1504,"date":"2025-03-20T12:00:26","date_gmt":"2025-03-20T11:00:26","guid":{"rendered":"https:\/\/dentistes-charron.fr\/?page_id=1504"},"modified":"2025-03-20T15:04:48","modified_gmt":"2025-03-20T14:04:48","slug":"rendez-vous-administratif","status":"publish","type":"page","link":"https:\/\/dentistes-charron.fr\/?page_id=1504","title":{"rendered":"RENDEZ-VOUS ADMINISTRATIF"},"content":{"rendered":"\n<p>La mise en place des rendez-vous administratif vous permet de traiter des questions administratives li\u00e9es a votre sante dentaire.<br><\/p>\n\n\n\n<h2 class=\"wp-block-heading has-text-align-center\"><strong>Il est n\u00e9cessaire pour valider votre choix de traitement<\/strong><br><\/h2>\n\n\n\n<div class=\"wp-block-media-text has-media-on-the-right is-stacked-on-mobile is-vertically-aligned-center\" style=\"grid-template-columns:auto 31%\"><div class=\"wp-block-media-text__content\">\n<blockquote class=\"wp-block-quote is-layout-flow wp-block-quote-is-layout-flow\">\n<p><strong>La planification de soins<\/strong><\/p>\n\n\n\n<p><strong>La signature des documents (devis, \u00e9ch\u00e9ancier de r\u00e8glement..)<\/strong><\/p>\n\n\n\n<p><strong>Les modalit\u00e9s de r\u00e8glements des soins futurs <\/strong><\/p>\n<\/blockquote>\n<\/div><figure class=\"wp-block-media-text__media\"><img loading=\"lazy\" decoding=\"async\" width=\"1024\" height=\"683\" src=\"https:\/\/dentistes-charron.fr\/wp-content\/uploads\/2025\/03\/facilitez-vos-processus-administratifs-grace-a-la-signature-electronique-1024x683.jpg\" alt=\"\" class=\"wp-image-1514 size-full\" srcset=\"https:\/\/dentistes-charron.fr\/wp-content\/uploads\/2025\/03\/facilitez-vos-processus-administratifs-grace-a-la-signature-electronique-1024x683.jpg 1024w, https:\/\/dentistes-charron.fr\/wp-content\/uploads\/2025\/03\/facilitez-vos-processus-administratifs-grace-a-la-signature-electronique-300x200.jpg 300w, https:\/\/dentistes-charron.fr\/wp-content\/uploads\/2025\/03\/facilitez-vos-processus-administratifs-grace-a-la-signature-electronique.jpg 1200w\" sizes=\"auto, (max-width: 1024px) 100vw, 1024px\" \/><\/figure><\/div>\n\n\n\n<p>Ce type de rendez-vous est crucial pour garantir le bon suivi du patient et que les d\u00e9marches administratives soient effectu\u00e9es correctement. N&rsquo;h\u00e9sitez pas \u00e0 nous poser toutes les questions n\u00e9cessaires, Marie et Am\u00e9lie seront en mesure de vous r\u00e9pondre. <br><br><\/p>\n\n\n\n<div class=\"wp-block-media-text has-media-on-the-right is-stacked-on-mobile\" style=\"grid-template-columns:auto 49%\"><div class=\"wp-block-media-text__content\">\n<p><strong><em><mark style=\"background-color:rgba(0, 0, 0, 0);color:#101010\" class=\"has-inline-color\">Prise de rendez-vous<\/mark><\/em><\/strong> : Le rendez-vous administratif est fix\u00e9 \u00e0 la suite de votre premi\u00e8re consultation ou \u00e0 la suite d&rsquo;un contr\u00f4le. Il se fait avec nos secr\u00e9taires Marie ou Am\u00e9lie.<br><\/p>\n\n\n\n<p><strong><em>Documents \u00e0 apporter<\/em><\/strong> : <br>Veuillez vous munir : <br>&#8211; De vos r\u00e9ponses de mutuelle,<br>&#8211; D&rsquo;un moyen de r\u00e8glement (un premier versement vous sera demand\u00e9 avant de commencer les soins).<br><\/p>\n\n\n\n<p><strong><em>Lieu et heure <\/em><\/strong>: Assurez-vous de planifier votre arriv\u00e9e pour \u00e9viter tout retard.<br>Il est pr\u00e9f\u00e9rable d&rsquo;arriver quelques minutes en avance. <br><\/p>\n\n\n\n<p><strong><em>Dur\u00e9e du rendez-vous<\/em><\/strong> : La dur\u00e9e du rendez-vous administratif peut \u00eatre comprise entre 10 et 30 minutes. <br><\/p>\n\n\n\n<p><strong><em>Nature de l&rsquo;entretien<\/em><\/strong> : Ce rendez-vous permet de valider votre choix de traitement, signer votre devis, convenir d&rsquo;un \u00e9ch\u00e9ancier de r\u00e8glement et fixer votre premier rendez-vous de soins. N&rsquo;h\u00e9sitez pas \u00e0 poser toutes vos questions lors de cet entretien. <\/p>\n<\/div><figure class=\"wp-block-media-text__media\"><img loading=\"lazy\" decoding=\"async\" width=\"650\" height=\"261\" src=\"https:\/\/dentistes-charron.fr\/wp-content\/uploads\/2025\/03\/scribble-line-doodles-concept-transition-260nw-1802868262-1.png\" alt=\"\" class=\"wp-image-1517 size-full\" srcset=\"https:\/\/dentistes-charron.fr\/wp-content\/uploads\/2025\/03\/scribble-line-doodles-concept-transition-260nw-1802868262-1.png 650w, https:\/\/dentistes-charron.fr\/wp-content\/uploads\/2025\/03\/scribble-line-doodles-concept-transition-260nw-1802868262-1-300x120.png 300w\" sizes=\"auto, (max-width: 650px) 100vw, 650px\" \/><\/figure><\/div>\n\n\n\n<blockquote class=\"wp-block-quote is-layout-flow wp-block-quote-is-layout-flow\">\n<p><strong><mark style=\"background-color:rgba(0, 0, 0, 0);color:#101010\" class=\"has-inline-color\">Ces modalit\u00e9s sont essentielles pour assurer un bon d\u00e9roulement du rendez-vous et garantir que toutes les questions administratives sont trait\u00e9es efficacement. <\/mark><\/strong><\/p>\n<\/blockquote>\n","protected":false},"excerpt":{"rendered":"<p>La mise en place des rendez-vous administratif vous permet de traiter des questions administratives li\u00e9es a votre sante dentaire. Il est n\u00e9cessaire pour valider votre choix de traitement Ce type de rendez-vous est crucial pour garantir le bon suivi du patient et que les d\u00e9marches administratives soient effectu\u00e9es correctement. N&rsquo;h\u00e9sitez pas \u00e0 nous poser toutes &hellip; <\/p>\n<p class=\"link-more\"><a href=\"https:\/\/dentistes-charron.fr\/?page_id=1504\" class=\"more-link\">Lire la suite de<span class=\"screen-reader-text\">\u00ab\u00a0RENDEZ-VOUS ADMINISTRATIF\u00a0\u00bb<\/span><\/a><\/p>\n","protected":false},"author":1,"featured_media":0,"parent":0,"menu_order":0,"comment_status":"closed","ping_status":"closed","template":"","meta":{"_monsterinsights_skip_tracking":false,"_monsterinsights_sitenote_active":false,"_monsterinsights_sitenote_note":"","_monsterinsights_sitenote_category":0,"footnotes":""},"class_list":["post-1504","page","type-page","status-publish","hentry"],"_links":{"self":[{"href":"https:\/\/dentistes-charron.fr\/index.php?rest_route=\/wp\/v2\/pages\/1504","targetHints":{"allow":["GET"]}}],"collection":[{"href":"https:\/\/dentistes-charron.fr\/index.php?rest_route=\/wp\/v2\/pages"}],"about":[{"href":"https:\/\/dentistes-charron.fr\/index.php?rest_route=\/wp\/v2\/types\/page"}],"author":[{"embeddable":true,"href":"https:\/\/dentistes-charron.fr\/index.php?rest_route=\/wp\/v2\/users\/1"}],"replies":[{"embeddable":true,"href":"https:\/\/dentistes-charron.fr\/index.php?rest_route=%2Fwp%2Fv2%2Fcomments&post=1504"}],"version-history":[{"count":9,"href":"https:\/\/dentistes-charron.fr\/index.php?rest_route=\/wp\/v2\/pages\/1504\/revisions"}],"predecessor-version":[{"id":1525,"href":"https:\/\/dentistes-charron.fr\/index.php?rest_route=\/wp\/v2\/pages\/1504\/revisions\/1525"}],"wp:attachment":[{"href":"https:\/\/dentistes-charron.fr\/index.php?rest_route=%2Fwp%2Fv2%2Fmedia&parent=1504"}],"curies":[{"name":"wp","href":"https:\/\/api.w.org\/{rel}","templated":true}]}}