{"id":1465,"date":"2024-02-13T13:04:45","date_gmt":"2024-02-13T12:04:45","guid":{"rendered":"https:\/\/dentistes-charron.fr\/?page_id=1465"},"modified":"2024-02-13T13:05:45","modified_gmt":"2024-02-13T12:05:45","slug":"conseil-couronne-provisoire","status":"publish","type":"page","link":"https:\/\/dentistes-charron.fr\/?page_id=1465","title":{"rendered":"CONSEIL COURONNE PROVISOIRE"},"content":{"rendered":"\n<p><\/p>\n\n\n\n<p class=\"has-large-font-size\">Votre dentiste vient de vous poser une couronne en r\u00e9sine provisoire en attendant la pose de votre couronne d\u00e9finitive.<br><br>ATTENTION, celle ci n\u2019a pas \u00e9t\u00e9 mise uniquement dans un but esth\u00e9tique mais surtout pour maintenir l\u2019espace dentaire entre le jour de la prise de votre empreinte et le jour de la pose de votre couronne\u00a0!<\/p>\n\n\n\n<p class=\"has-large-font-size\">Si elle venait \u00e0 se desceller avant votre prochain rendez vous, il est imp\u00e9ratif d\u2019appeler la cabinet dans les plus brefs d\u00e9lais afin que le Docteur puisse vous la remettre en place au 05.46.66.87.55<br><br>Merci de votre compr\u00e9hension<\/p>\n","protected":false},"excerpt":{"rendered":"<p>Votre dentiste vient de vous poser une couronne en r\u00e9sine provisoire en attendant la pose de votre couronne d\u00e9finitive. ATTENTION, celle ci n\u2019a pas \u00e9t\u00e9 mise uniquement dans un but esth\u00e9tique mais surtout pour maintenir l\u2019espace dentaire entre le jour de la prise de votre empreinte et le jour de la pose de votre couronne\u00a0! &hellip; <\/p>\n<p class=\"link-more\"><a href=\"https:\/\/dentistes-charron.fr\/?page_id=1465\" class=\"more-link\">Lire la suite de<span class=\"screen-reader-text\">\u00ab\u00a0CONSEIL COURONNE PROVISOIRE\u00a0\u00bb<\/span><\/a><\/p>\n","protected":false},"author":1,"featured_media":0,"parent":0,"menu_order":0,"comment_status":"closed","ping_status":"closed","template":"","meta":{"_monsterinsights_skip_tracking":false,"_monsterinsights_sitenote_active":false,"_monsterinsights_sitenote_note":"","_monsterinsights_sitenote_category":0,"footnotes":""},"class_list":["post-1465","page","type-page","status-publish","hentry"],"_links":{"self":[{"href":"https:\/\/dentistes-charron.fr\/index.php?rest_route=\/wp\/v2\/pages\/1465","targetHints":{"allow":["GET"]}}],"collection":[{"href":"https:\/\/dentistes-charron.fr\/index.php?rest_route=\/wp\/v2\/pages"}],"about":[{"href":"https:\/\/dentistes-charron.fr\/index.php?rest_route=\/wp\/v2\/types\/page"}],"author":[{"embeddable":true,"href":"https:\/\/dentistes-charron.fr\/index.php?rest_route=\/wp\/v2\/users\/1"}],"replies":[{"embeddable":true,"href":"https:\/\/dentistes-charron.fr\/index.php?rest_route=%2Fwp%2Fv2%2Fcomments&post=1465"}],"version-history":[{"count":4,"href":"https:\/\/dentistes-charron.fr\/index.php?rest_route=\/wp\/v2\/pages\/1465\/revisions"}],"predecessor-version":[{"id":1473,"href":"https:\/\/dentistes-charron.fr\/index.php?rest_route=\/wp\/v2\/pages\/1465\/revisions\/1473"}],"wp:attachment":[{"href":"https:\/\/dentistes-charron.fr\/index.php?rest_route=%2Fwp%2Fv2%2Fmedia&parent=1465"}],"curies":[{"name":"wp","href":"https:\/\/api.w.org\/{rel}","templated":true}]}}