{"id":1407,"date":"2024-01-23T12:11:29","date_gmt":"2024-01-23T11:11:29","guid":{"rendered":"https:\/\/dentistes-charron.fr\/?page_id=1407"},"modified":"2024-01-23T12:48:46","modified_gmt":"2024-01-23T11:48:46","slug":"couronnes-sur-implant","status":"publish","type":"page","link":"https:\/\/dentistes-charron.fr\/?page_id=1407","title":{"rendered":"Couronnes sur implant"},"content":{"rendered":"\n<h2 class=\"wp-block-heading\">Une couronne sur implant est la solution recommand\u00e9e par les dentistes lors de la perte d\u2019une dent.<\/h2>\n\n\n\n<blockquote class=\"wp-block-quote is-layout-flow wp-block-quote-is-layout-flow\">\n<p>3 \u00e0 4 mois post op\u00e9ratoires, l\u2019ost\u00e9oint\u00e9gration de l\u2019implant est contr\u00f4l\u00e9e. D\u00e8s lors, la r\u00e9alisation proth\u00e9tique qui est la derni\u00e8re \u00e9tape du traitement peut \u00eatre entreprise. La proth\u00e8se implantaire est l\u2019\u00e9l\u00e9ment qui vient se connecter \u00e0 l\u2019implant pour r\u00e9habiliter la dent manquante.<\/p>\n<\/blockquote>\n\n\n\n<div class=\"wp-block-media-text has-media-on-the-right is-stacked-on-mobile\" style=\"grid-template-columns:auto 48%\"><div class=\"wp-block-media-text__content\">\n<p>Empreinte Optique :<\/p>\n\n\n\n<p>De nos jours, l\u2019empreinte num\u00e9rique est (dans la tr\u00e8s grande majorit\u00e9 des cas en implantologie) le moyen le plus fiable, rapide, et reproductible, pour enregistrer la position de l\u2019implant et r\u00e9aliser la proth\u00e8se.<\/p>\n\n\n\n<p>Le fichier 3D obtenu est ensuite envoy\u00e9 \u00e0 notre proth\u00e9siste \u00e9quip\u00e9 d\u2019un syst\u00e8me de CFAO (conception fabrication assist\u00e9 par ordinateur), qui va traiter et travailler la conception proth\u00e9tique. Apr\u00e8s validation du projet proth\u00e9tique, cet \u00e9l\u00e9ment est envoy\u00e9 vers une machinerie informatique d\u00e9di\u00e9 \u00e0 l\u2019usinage ou l\u2019impression 3D de l\u2019\u00e9l\u00e9ment.<\/p>\n<\/div><figure class=\"wp-block-media-text__media\"><img loading=\"lazy\" decoding=\"async\" width=\"807\" height=\"484\" src=\"https:\/\/dentistes-charron.fr\/wp-content\/uploads\/2024\/01\/Dr-Simet-traitements-technologies-dentaires.jpg\" alt=\"\" class=\"wp-image-1415 size-full\" srcset=\"https:\/\/dentistes-charron.fr\/wp-content\/uploads\/2024\/01\/Dr-Simet-traitements-technologies-dentaires.jpg 807w, https:\/\/dentistes-charron.fr\/wp-content\/uploads\/2024\/01\/Dr-Simet-traitements-technologies-dentaires-300x180.jpg 300w, https:\/\/dentistes-charron.fr\/wp-content\/uploads\/2024\/01\/Dr-Simet-traitements-technologies-dentaires-768x461.jpg 768w\" sizes=\"auto, (max-width: 807px) 100vw, 807px\" \/><\/figure><\/div>\n\n\n\n<div class=\"wp-block-media-text is-stacked-on-mobile\"><figure class=\"wp-block-media-text__media\"><img loading=\"lazy\" decoding=\"async\" width=\"562\" height=\"722\" src=\"https:\/\/dentistes-charron.fr\/wp-content\/uploads\/2024\/01\/Dental-implant.png\" alt=\"\" class=\"wp-image-1416 size-full\" srcset=\"https:\/\/dentistes-charron.fr\/wp-content\/uploads\/2024\/01\/Dental-implant.png 562w, https:\/\/dentistes-charron.fr\/wp-content\/uploads\/2024\/01\/Dental-implant-234x300.png 234w\" sizes=\"auto, (max-width: 562px) 100vw, 562px\" \/><\/figure><div class=\"wp-block-media-text__content\">\n<p>La proth\u00e8se implantaire comprend 2 \u00e9l\u00e9ments distincts :<\/p>\n\n\n\n<ul class=\"wp-block-list\">\n<li>Le pilier implantaire : ce pilier est un dispositif industriel d\u00e9livr\u00e9 par la soci\u00e9t\u00e9 de la marque implantaire qui se connecte directement dans la connective de l\u2019implant.<\/li>\n\n\n\n<li>La couronne sur implant : c\u2019est la suprastructure proth\u00e9tique produite par la technique de fabrication assist\u00e9 par ordinateur. Elle est individualis\u00e9e \u00e0 l\u2019anatomie du patient, et de fait unique pour chaque patient.<\/li>\n<\/ul>\n<\/div><\/div>\n\n\n\n<blockquote class=\"wp-block-quote is-layout-flow wp-block-quote-is-layout-flow\">\n<p>Les couronnes implantaires peuvent \u00eatre scell\u00e9es par le dentiste sur le pilier implantaire viss\u00e9 ou directement connect\u00e9es au pilier, au laboratoire , puis l\u2019ensemble est viss\u00e9 par le dentiste. Dans ce cas-l\u00e0 le syst\u00e8me est dit \u00ab&nbsp;transviss\u00e9&nbsp;\u00bb.<\/p>\n\n\n\n<p>La technique transviss\u00e9e apporte des b\u00e9n\u00e9fices significatifs puisqu\u2019elle permet une maintenance et un contr\u00f4le de l\u2019hygi\u00e8ne sup\u00e9rieur car le syst\u00e8me peut (entre autres avantages) \u00eatre d\u00e9pos\u00e9 et repositionn\u00e9 simplement par le dentiste.<\/p>\n\n\n\n<p>Pour cette raison, nos protocoles de traitements s\u2019orientent quasi-exclusivement vers des strat\u00e9gies proth\u00e9tiques VISS\u00c9ES.<\/p>\n<\/blockquote>\n\n\n\n<div class=\"wp-block-media-text has-media-on-the-right is-stacked-on-mobile\"><div class=\"wp-block-media-text__content\">\n<h2 class=\"wp-block-heading\">AVANTAGES:<\/h2>\n\n\n\n<ol class=\"wp-block-list\">\n<li>Solution durable;<\/li>\n\n\n\n<li>Confort, sensation et apparence d\u2019une dent naturelle;<\/li>\n\n\n\n<li>Stimulation de l\u2019os de la m\u00e2choire et arr\u00eat de la perte osseuse;<\/li>\n\n\n\n<li>Pr\u00e9servation des dents voisines;<\/li>\n\n\n\n<li>M\u00eame hygi\u00e8ne qu\u2019une dent naturelle.<\/li>\n<\/ol>\n<\/div><figure class=\"wp-block-media-text__media\"><img loading=\"lazy\" decoding=\"async\" width=\"600\" height=\"392\" src=\"https:\/\/dentistes-charron.fr\/wp-content\/uploads\/2024\/01\/validation-projet-freelance.jpg\" alt=\"\" class=\"wp-image-1418 size-full\" srcset=\"https:\/\/dentistes-charron.fr\/wp-content\/uploads\/2024\/01\/validation-projet-freelance.jpg 600w, https:\/\/dentistes-charron.fr\/wp-content\/uploads\/2024\/01\/validation-projet-freelance-300x196.jpg 300w\" sizes=\"auto, (max-width: 600px) 100vw, 600px\" \/><\/figure><\/div>\n","protected":false},"excerpt":{"rendered":"<p>Une couronne sur implant est la solution recommand\u00e9e par les dentistes lors de la perte d\u2019une dent. 3 \u00e0 4 mois post op\u00e9ratoires, l\u2019ost\u00e9oint\u00e9gration de l\u2019implant est contr\u00f4l\u00e9e. D\u00e8s lors, la r\u00e9alisation proth\u00e9tique qui est la derni\u00e8re \u00e9tape du traitement peut \u00eatre entreprise. La proth\u00e8se implantaire est l\u2019\u00e9l\u00e9ment qui vient se connecter \u00e0 l\u2019implant pour &hellip; <\/p>\n<p class=\"link-more\"><a href=\"https:\/\/dentistes-charron.fr\/?page_id=1407\" class=\"more-link\">Lire la suite de<span class=\"screen-reader-text\">\u00ab\u00a0Couronnes sur implant\u00a0\u00bb<\/span><\/a><\/p>\n","protected":false},"author":1,"featured_media":0,"parent":0,"menu_order":0,"comment_status":"closed","ping_status":"closed","template":"","meta":{"_monsterinsights_skip_tracking":false,"_monsterinsights_sitenote_active":false,"_monsterinsights_sitenote_note":"","_monsterinsights_sitenote_category":0,"footnotes":""},"class_list":["post-1407","page","type-page","status-publish","hentry"],"_links":{"self":[{"href":"https:\/\/dentistes-charron.fr\/index.php?rest_route=\/wp\/v2\/pages\/1407","targetHints":{"allow":["GET"]}}],"collection":[{"href":"https:\/\/dentistes-charron.fr\/index.php?rest_route=\/wp\/v2\/pages"}],"about":[{"href":"https:\/\/dentistes-charron.fr\/index.php?rest_route=\/wp\/v2\/types\/page"}],"author":[{"embeddable":true,"href":"https:\/\/dentistes-charron.fr\/index.php?rest_route=\/wp\/v2\/users\/1"}],"replies":[{"embeddable":true,"href":"https:\/\/dentistes-charron.fr\/index.php?rest_route=%2Fwp%2Fv2%2Fcomments&post=1407"}],"version-history":[{"count":4,"href":"https:\/\/dentistes-charron.fr\/index.php?rest_route=\/wp\/v2\/pages\/1407\/revisions"}],"predecessor-version":[{"id":1420,"href":"https:\/\/dentistes-charron.fr\/index.php?rest_route=\/wp\/v2\/pages\/1407\/revisions\/1420"}],"wp:attachment":[{"href":"https:\/\/dentistes-charron.fr\/index.php?rest_route=%2Fwp%2Fv2%2Fmedia&parent=1407"}],"curies":[{"name":"wp","href":"https:\/\/api.w.org\/{rel}","templated":true}]}}