{"id":1393,"date":"2024-01-19T17:00:47","date_gmt":"2024-01-19T16:00:47","guid":{"rendered":"https:\/\/dentistes-charron.fr\/?page_id=1393"},"modified":"2024-01-19T17:15:03","modified_gmt":"2024-01-19T16:15:03","slug":"implant","status":"publish","type":"page","link":"https:\/\/dentistes-charron.fr\/?page_id=1393","title":{"rendered":"IMPLANT"},"content":{"rendered":"\n<p class=\"has-medium-font-size\">L\u2019implant dentaire est une tige en titane que l\u2019on implante directement dans l\u2019os de la m\u00e2choire et qui vient remplacer les racines de vos dents originelles. Cet implant est ensuite recouvert d\u2019une proth\u00e8se dentaire telle qu\u2019une couronne dentaire, un bridge ou encore une proth\u00e8se dentaire amovible.<\/p>\n\n\n\n<div class=\"wp-block-media-text is-stacked-on-mobile\" style=\"grid-template-columns:54% auto\"><figure class=\"wp-block-media-text__media\"><img loading=\"lazy\" decoding=\"async\" width=\"769\" height=\"491\" src=\"https:\/\/dentistes-charron.fr\/wp-content\/uploads\/2024\/01\/IMPLANT-1.jpg\" alt=\"\" class=\"wp-image-1400 size-full\" srcset=\"https:\/\/dentistes-charron.fr\/wp-content\/uploads\/2024\/01\/IMPLANT-1.jpg 769w, https:\/\/dentistes-charron.fr\/wp-content\/uploads\/2024\/01\/IMPLANT-1-300x192.jpg 300w\" sizes=\"auto, (max-width: 769px) 100vw, 769px\" \/><\/figure><div class=\"wp-block-media-text__content\">\n<h2 class=\"wp-block-heading\">Quand privil\u00e9gier l\u2019implant ?<\/h2>\n\n\n\n<p>La\u00a0<strong>pose d\u2019un implant dentaire<\/strong>\u00a0est l\u2019une des solutions les plus utilis\u00e9es par les patients afin de remplacer une ou plusieurs dents absentes, voire l\u2019int\u00e9gralit\u00e9 de leur dentition. Cependant, selon le nombre de dents \u00e0 remplacer, une couronne artificielle, une proth\u00e8se ou un pont sont confectionn\u00e9s et install\u00e9s sur le pilier. <\/p>\n<\/div><\/div>\n\n\n\n<div class=\"wp-block-media-text has-media-on-the-right is-stacked-on-mobile\" style=\"grid-template-columns:auto 52%\"><div class=\"wp-block-media-text__content\">\n<h2 class=\"wp-block-heading\">La pose d\u2019un implant dentaire<\/h2>\n\n\n\n<p>Cette op\u00e9ration se r\u00e9alise le plus souvent sous anesth\u00e9sie locale et se d\u00e9roule en plusieurs \u00e9tapes. La premi\u00e8re \u00e9tape consiste \u00e0 inciser la gencive o\u00f9 l\u2019implant doit \u00eatre plac\u00e9. Le Docteur r\u00e9alise&nbsp;ensuite une ouverture \u00e0 l\u2019int\u00e9rieur de l\u2019os pour ins\u00e9rer&nbsp;<strong>l\u2019implant dentaire&nbsp;<\/strong>\u00e0 l\u2019aide d\u2019une vis. Une fois celui-ci install\u00e9, un d\u00e9lai de gu\u00e9rison doit \u00eatre pris en compte avant la pose de votre proth\u00e8se dentaire afin de garantir une parfaite gu\u00e9rison de la chirurgie.<\/p>\n\n\n\n<p>La pose d\u2019un&nbsp;<strong>implant dentaire<\/strong>&nbsp;n\u00e9cessite un volume osseux suffisant dans les 3 volumes de l\u2019espace. Ainsi, dans certains cas, des greffes de sinus ou d\u2019os peuvent \u00eatre n\u00e9cessaires. Un bilan pr\u00e9-implantaire complet et adapt\u00e9 \u00e0 chaque patient est la clef de la r\u00e9ussite en&nbsp;<strong>implantologie<\/strong>.<\/p>\n<\/div><figure class=\"wp-block-media-text__media\"><img loading=\"lazy\" decoding=\"async\" width=\"500\" height=\"500\" src=\"https:\/\/dentistes-charron.fr\/wp-content\/uploads\/2024\/01\/sans-titre-4.png\" alt=\"\" class=\"wp-image-1401 size-full\" srcset=\"https:\/\/dentistes-charron.fr\/wp-content\/uploads\/2024\/01\/sans-titre-4.png 500w, https:\/\/dentistes-charron.fr\/wp-content\/uploads\/2024\/01\/sans-titre-4-300x300.png 300w, https:\/\/dentistes-charron.fr\/wp-content\/uploads\/2024\/01\/sans-titre-4-150x150.png 150w\" sizes=\"auto, (max-width: 500px) 100vw, 500px\" \/><\/figure><\/div>\n\n\n\n<div class=\"wp-block-media-text is-stacked-on-mobile has-background\" style=\"background-color:#75eafb;grid-template-columns:67% auto\"><figure class=\"wp-block-media-text__media\"><img loading=\"lazy\" decoding=\"async\" width=\"489\" height=\"290\" src=\"https:\/\/dentistes-charron.fr\/wp-content\/uploads\/2024\/01\/Capture-decran-2024-01-19-170901.png\" alt=\"\" class=\"wp-image-1404 size-full\" srcset=\"https:\/\/dentistes-charron.fr\/wp-content\/uploads\/2024\/01\/Capture-decran-2024-01-19-170901.png 489w, https:\/\/dentistes-charron.fr\/wp-content\/uploads\/2024\/01\/Capture-decran-2024-01-19-170901-300x178.png 300w\" sizes=\"auto, (max-width: 489px) 100vw, 489px\" \/><\/figure><div class=\"wp-block-media-text__content\">\n<p class=\"has-text-color has-link-color wp-elements-3604043283d8ecc1fbf67e799d3e677f\" style=\"color:#000000\"><strong><em>Dans un premier temps : <\/em><\/strong><br>l&rsquo;implant dentaire est pos\u00e9 par le chirurgien <\/p>\n\n\n\n<p><strong><em>Dans une second temps :<\/em><\/strong><br>le pilier proth\u00e9tique ainsi que la couronne sera pos\u00e9s par votre dentistes <\/p>\n<\/div><\/div>\n","protected":false},"excerpt":{"rendered":"<p>L\u2019implant dentaire est une tige en titane que l\u2019on implante directement dans l\u2019os de la m\u00e2choire et qui vient remplacer les racines de vos dents originelles. Cet implant est ensuite recouvert d\u2019une proth\u00e8se dentaire telle qu\u2019une couronne dentaire, un bridge ou encore une proth\u00e8se dentaire amovible. Quand privil\u00e9gier l\u2019implant ? La\u00a0pose d\u2019un implant dentaire\u00a0est l\u2019une &hellip; <\/p>\n<p class=\"link-more\"><a href=\"https:\/\/dentistes-charron.fr\/?page_id=1393\" class=\"more-link\">Lire la suite de<span class=\"screen-reader-text\">\u00ab\u00a0IMPLANT\u00a0\u00bb<\/span><\/a><\/p>\n","protected":false},"author":1,"featured_media":0,"parent":0,"menu_order":0,"comment_status":"closed","ping_status":"closed","template":"","meta":{"_monsterinsights_skip_tracking":false,"_monsterinsights_sitenote_active":false,"_monsterinsights_sitenote_note":"","_monsterinsights_sitenote_category":0,"footnotes":""},"class_list":["post-1393","page","type-page","status-publish","hentry"],"_links":{"self":[{"href":"https:\/\/dentistes-charron.fr\/index.php?rest_route=\/wp\/v2\/pages\/1393","targetHints":{"allow":["GET"]}}],"collection":[{"href":"https:\/\/dentistes-charron.fr\/index.php?rest_route=\/wp\/v2\/pages"}],"about":[{"href":"https:\/\/dentistes-charron.fr\/index.php?rest_route=\/wp\/v2\/types\/page"}],"author":[{"embeddable":true,"href":"https:\/\/dentistes-charron.fr\/index.php?rest_route=\/wp\/v2\/users\/1"}],"replies":[{"embeddable":true,"href":"https:\/\/dentistes-charron.fr\/index.php?rest_route=%2Fwp%2Fv2%2Fcomments&post=1393"}],"version-history":[{"count":6,"href":"https:\/\/dentistes-charron.fr\/index.php?rest_route=\/wp\/v2\/pages\/1393\/revisions"}],"predecessor-version":[{"id":1406,"href":"https:\/\/dentistes-charron.fr\/index.php?rest_route=\/wp\/v2\/pages\/1393\/revisions\/1406"}],"wp:attachment":[{"href":"https:\/\/dentistes-charron.fr\/index.php?rest_route=%2Fwp%2Fv2%2Fmedia&parent=1393"}],"curies":[{"name":"wp","href":"https:\/\/api.w.org\/{rel}","templated":true}]}}