{"id":1378,"date":"2024-01-19T16:39:13","date_gmt":"2024-01-19T15:39:13","guid":{"rendered":"https:\/\/dentistes-charron.fr\/?page_id=1378"},"modified":"2024-01-19T16:58:59","modified_gmt":"2024-01-19T15:58:59","slug":"conseil-remplacer-une-dent","status":"publish","type":"page","link":"https:\/\/dentistes-charron.fr\/?page_id=1378","title":{"rendered":"CONSEIL REMPLACER UNE DENT"},"content":{"rendered":"\n<p class=\"has-large-font-size\">Un Implant pour remplacer une dent<\/p>\n\n\n\n<p class=\"has-medium-font-size\">Perdre une dent et c\u2019est tout un \u00e9quilibre qui se rompt les effets sont multiples :<\/p>\n\n\n\n<blockquote class=\"wp-block-quote is-layout-flow wp-block-quote-is-layout-flow\">\n<p><br>\u2022 Changements dans votre fa\u00e7on de parler ou de m\u00e2cher<br>\u2022 D\u00e9placement progressif des dents contigu\u00ebs ou antagonistes. Cela peut<br>modifier la fa\u00e7on dont vos dents s\u2019engr\u00e8nent (occlusion) et cr\u00e9er plus de<br>contraintes sur les dents restantes et sur les m\u00e2choires<br>\u2022 Les dents qui se seront d\u00e9plac\u00e9es peuvent \u00eatre plus difficiles \u00e0 nettoyer.<br>De ce fait, elles peuvent plus facilement se carier ou se d\u00e9chausser<br>\u2022 Une perte osseuse va se produire \u00e0 l\u2019endroit de la dent manquante<br>\u2022 Changements de votre apparence de votre sourire, de vous m\u00eame.<\/p>\n<\/blockquote>\n\n\n\n<p>Un implant peut \u00eatre la solution \u00e0 votre<br>dent perdue<br>Rien ne remplace vos dents naturelles, mais un implant est l\u2019\u00e9l\u00e9ment qui s\u2019en approche le plus. Cette technique n\u2019est pas nouvelle mais se d\u00e9veloppe de plus en plus. L\u2019implant dentaire est <strong>une racine artificielle<\/strong> le plus souvent <strong>en titane<\/strong> qui est plac\u00e9 chirurgicalement dans la m\u00e2choire sup\u00e9rieure ou inf\u00e9rieure, o\u00f9 il remplace la racine de votre dent manquante.<br>Sur cet implant sera fix\u00e9 une couronne qui remplacera la<br>dent absente. A l\u2019inverse des bridges, l\u2019implant ne n\u00e9cessite<br>pas que l\u2019on touche les dents voisines de la dent absente.<br><\/p>\n\n\n\n<p>R\u00e9alisation<br>La fa\u00e7on dont est plac\u00e9e l\u2019implant d\u00e9pend du cas, du type d\u2019implant et de la dent \u00e0 remplacer. <br>Certains implants exigent deux ou trois s\u00e9ances et ne peuvent \u00eatre surmont\u00e9 de la couronne (mis en charge) qu\u2019apr\u00e8s plusieurs mois de cicatrisation.<br>D\u2019autres sont implant\u00e9s en une s\u00e9ance et la couronne provisoire est mise en place dans la m\u00eame s\u00e9ance. Votre<br>chirurgien-dentiste d\u00e9terminerez la meilleure solution en fonction de chaque cas clinique.<br><br>La plupart des implants requi\u00e8rent 2 \u00e0 3 s\u00e9ances :<\/p>\n\n\n\n<ul class=\"wp-block-list\">\n<li><strong><em>La cicatrisation<\/em><\/strong><br>Ce qui fait qu\u2019un implant est solide c\u2019est le temps de<br>cicatrisation pendant lequel l\u2019os se d\u00e9veloppe autour de<br>l\u2019implant : on parle d\u2019ost\u00e9oint\u00e9gration. Certains patients<br>doivent attendre que l\u2019implant soit compl\u00e8tement int\u00e9gr\u00e9,<br>cela peut prendre plusieurs mois, avant de remplacer la<br>dent par une couronne. D\u2019autres patients ont dans la m\u00eame<br>s\u00e9ance la pose de l\u2019implant et celle de la couronne.<\/li>\n\n\n\n<li><strong><em>Remplacement de votre dent absente<\/em><\/strong><br>Pour une dent unitaire, le chirurgien-dentiste r\u00e9alisera une<br>couronne. Elle aura la taille, la forme, l\u2019aspect et la teinte<br>de vos dents naturelles.<br>Avez vous besoin d\u2019un implant ?<br>Votre chirurgien-dentiste peut vous aider \u00e0 prendre une<br>d\u00e9cision si vous avez besoin d\u2019un implant.<br>Un implant est possible si :<\/li>\n\n\n\n<li><strong><em>Votre \u00e9tat de sant\u00e9 g\u00e9n\u00e9ral est bon<\/em><\/strong><br>Une maladie chronique comme un diab\u00e8te ou une leuc\u00e9mie peuvent<br>ralentir le processus de cicatrisation et conduire \u00e0 un \u00e9chec<br>de l\u2019implant.<\/li>\n\n\n\n<li><strong><em>La qualit\u00e9 de votre os alv\u00e9olaire est bonne.<\/em><\/strong><br>Si votre os s\u2019est r\u00e9sorb\u00e9, la situation est plus compliqu\u00e9e mais vous pouvez<br>malgr\u00e9 tout r\u00e9aliser un implant. Parfois une greffe osseuse<br>peut \u00eatre r\u00e9alis\u00e9e pour am\u00e9liorer le site de r\u00e9ception de<br>l\u2019implant.<\/li>\n\n\n\n<li><strong><em>Vous ne fumez pas.<\/em><\/strong><br>Fumer peut \u00eatre une cause d\u2019\u00e9chec de l\u2019implant.<br>Une bonne hygi\u00e8ne bucco-dentaire est importante pour<br>le succ\u00e8s d\u2019un implant. Vous devez veuillez \u00e0 ce que le<br>site autour de l\u2019implant reste bien propre. Votre chirurgien <br>dentiste peut vous recommander d\u2019utiliser des brossettes<br>interdentaires et d\u2019utiliser un bain de bouche pour pr\u00e9venir<br>le risque d\u2019inflammation gingivale.<br>Des visites r\u00e9guli\u00e8res chez le chirurgien-dentiste sont<br>\u00e9galement importantes pour garder votre implant et vos<br>dents naturelles en bonne sant\u00e9<\/li>\n<\/ul>\n","protected":false},"excerpt":{"rendered":"<p>Un Implant pour remplacer une dent Perdre une dent et c\u2019est tout un \u00e9quilibre qui se rompt les effets sont multiples : \u2022 Changements dans votre fa\u00e7on de parler ou de m\u00e2cher\u2022 D\u00e9placement progressif des dents contigu\u00ebs ou antagonistes. Cela peutmodifier la fa\u00e7on dont vos dents s\u2019engr\u00e8nent (occlusion) et cr\u00e9er plus decontraintes sur les dents &hellip; <\/p>\n<p class=\"link-more\"><a href=\"https:\/\/dentistes-charron.fr\/?page_id=1378\" class=\"more-link\">Lire la suite de<span class=\"screen-reader-text\">\u00ab\u00a0CONSEIL REMPLACER UNE DENT\u00a0\u00bb<\/span><\/a><\/p>\n","protected":false},"author":1,"featured_media":0,"parent":0,"menu_order":0,"comment_status":"closed","ping_status":"closed","template":"","meta":{"_monsterinsights_skip_tracking":false,"_monsterinsights_sitenote_active":false,"_monsterinsights_sitenote_note":"","_monsterinsights_sitenote_category":0,"footnotes":""},"class_list":["post-1378","page","type-page","status-publish","hentry"],"_links":{"self":[{"href":"https:\/\/dentistes-charron.fr\/index.php?rest_route=\/wp\/v2\/pages\/1378","targetHints":{"allow":["GET"]}}],"collection":[{"href":"https:\/\/dentistes-charron.fr\/index.php?rest_route=\/wp\/v2\/pages"}],"about":[{"href":"https:\/\/dentistes-charron.fr\/index.php?rest_route=\/wp\/v2\/types\/page"}],"author":[{"embeddable":true,"href":"https:\/\/dentistes-charron.fr\/index.php?rest_route=\/wp\/v2\/users\/1"}],"replies":[{"embeddable":true,"href":"https:\/\/dentistes-charron.fr\/index.php?rest_route=%2Fwp%2Fv2%2Fcomments&post=1378"}],"version-history":[{"count":5,"href":"https:\/\/dentistes-charron.fr\/index.php?rest_route=\/wp\/v2\/pages\/1378\/revisions"}],"predecessor-version":[{"id":1392,"href":"https:\/\/dentistes-charron.fr\/index.php?rest_route=\/wp\/v2\/pages\/1378\/revisions\/1392"}],"wp:attachment":[{"href":"https:\/\/dentistes-charron.fr\/index.php?rest_route=%2Fwp%2Fv2%2Fmedia&parent=1378"}],"curies":[{"name":"wp","href":"https:\/\/api.w.org\/{rel}","templated":true}]}}