{"id":133,"date":"2022-07-08T20:05:10","date_gmt":"2022-07-08T18:05:10","guid":{"rendered":"https:\/\/dentistes-charron.fr\/?page_id=133"},"modified":"2024-06-25T12:30:05","modified_gmt":"2024-06-25T10:30:05","slug":"leclaircissement","status":"publish","type":"page","link":"https:\/\/dentistes-charron.fr\/?page_id=133","title":{"rendered":"L\u2019\u00e9claircissement"},"content":{"rendered":"\n<div class=\"wp-block-media-text alignfull is-image-fill\" style=\"grid-template-columns:47% auto\"><figure class=\"wp-block-media-text__media\" style=\"background-image:url(https:\/\/dentistes-charron.fr\/wp-content\/uploads\/2022\/08\/blanchiment-dents.jpg);background-position:50% 50%\"><img loading=\"lazy\" decoding=\"async\" width=\"1024\" height=\"768\" src=\"https:\/\/dentistes-charron.fr\/wp-content\/uploads\/2022\/08\/blanchiment-dents.jpg\" alt=\"\" class=\"wp-image-723 size-full\" srcset=\"https:\/\/dentistes-charron.fr\/wp-content\/uploads\/2022\/08\/blanchiment-dents.jpg 1024w, https:\/\/dentistes-charron.fr\/wp-content\/uploads\/2022\/08\/blanchiment-dents-300x225.jpg 300w, https:\/\/dentistes-charron.fr\/wp-content\/uploads\/2022\/08\/blanchiment-dents-768x576.jpg 768w\" sizes=\"auto, (max-width: 1024px) 100vw, 1024px\" \/><\/figure><div class=\"wp-block-media-text__content\">\n<p class=\"has-text-align-left\">Ce traitement que l\u2019on appelle \u201cl\u2019<strong>\u00e9claircissement dentaire<\/strong>\u201d est \u00e9galement connu comme le\u00a0<strong>blanchiment dentaire<\/strong>. C\u2019est une technique qui permet d\u2019\u00e9claircir la couleur interne des dents afin de leur redonner un \u00e9clat et une brillance plus attractives.<\/p>\n<p class=\"has-text-align-left\"><strong>Les causes du jaunissement des dents<\/strong><\/p>\n<p class=\"has-text-align-left\">Les dents peuvent jaunir pour plusieurs raisons\u00a0:<br \/>\u2013 les aliments\u00a0(les fruits rouges, le curry, le safran\u2026),<br \/>\u2013 les boissons (le th\u00e9, le caf\u00e9, les sodas\u2026),<br \/>\u2013 les produits chimiques\u00a0(comme le tabac),<br \/>\u2013 les m\u00e9dicaments,<br \/>\u2013 la coloration naturelle des dents.<\/p>\n<h2>Technique externe<\/h2>\n<p>Il s\u2019agit d\u2019une technique\u00a0 ambulatoire consistant \u00e0 porter des goutti\u00e8res pendant le sommeil entre 4 et 6 semaines. Les \u00e9tudes montrent que ces techniques ne comportent aucun risque si le protocole est respect\u00e9.<\/p>\n<\/div><\/div>\n\n\n\n<div class=\"wp-block-media-text alignfull has-media-on-the-right is-image-fill\"><div class=\"wp-block-media-text__content\">\n<h3 class=\"wp-block-heading\">COMMENT \u00c7A MARCHE ?<\/h3>\n\n\n\n<p>Nous r\u00e9alisons d\u2019abord l\u2019empreinte des deux m\u00e2choires afin d\u2019\u00e9laborer des goutti\u00e8res en r\u00e9sine ajust\u00e9es \u00e0 la denture du patient.<\/p>\n\n\n\n<p>Nous vous les remettons avec des seringues de gel \u00e9claircissant \u00e0 appliquer \u00e0 l\u2019int\u00e9rieur des goutti\u00e8res. <\/p>\n\n\n\n<p>Apr\u00e8s l\u2019<strong>\u00e9claircissement ambulatoire<\/strong>, le patient pourra utiliser ses goutti\u00e8res ult\u00e9rieurement pour redonner un coup d\u2019\u00e9clat \u00e0 ses dents.<\/p>\n<\/div><figure class=\"wp-block-media-text__media\" style=\"background-image:url(https:\/\/dentistes-charron.fr\/wp-content\/uploads\/2022\/08\/blanchiment-dentaire-peroxyde-carbomide-gouttiere-sur-mesure.webp);background-position:66% 57%\"><img loading=\"lazy\" decoding=\"async\" width=\"1000\" height=\"665\" src=\"https:\/\/dentistes-charron.fr\/wp-content\/uploads\/2022\/08\/blanchiment-dentaire-peroxyde-carbomide-gouttiere-sur-mesure.webp\" alt=\"\" class=\"wp-image-727 size-full\" srcset=\"https:\/\/dentistes-charron.fr\/wp-content\/uploads\/2022\/08\/blanchiment-dentaire-peroxyde-carbomide-gouttiere-sur-mesure.webp 1000w, https:\/\/dentistes-charron.fr\/wp-content\/uploads\/2022\/08\/blanchiment-dentaire-peroxyde-carbomide-gouttiere-sur-mesure-300x200.webp 300w, https:\/\/dentistes-charron.fr\/wp-content\/uploads\/2022\/08\/blanchiment-dentaire-peroxyde-carbomide-gouttiere-sur-mesure-768x511.webp 768w\" sizes=\"auto, (max-width: 1000px) 100vw, 1000px\" \/><\/figure><\/div>\n\n\n\n<div class=\"wp-block-media-text alignfull is-image-fill\" style=\"grid-template-columns:49% auto\"><figure class=\"wp-block-media-text__media\" style=\"background-image:url(https:\/\/dentistes-charron.fr\/wp-content\/uploads\/2022\/08\/avant-apres-eclair.jpg);background-position:31% 30%\"><img loading=\"lazy\" decoding=\"async\" width=\"661\" height=\"220\" src=\"https:\/\/dentistes-charron.fr\/wp-content\/uploads\/2022\/08\/avant-apres-eclair.jpg\" alt=\"\" class=\"wp-image-729 size-full\" srcset=\"https:\/\/dentistes-charron.fr\/wp-content\/uploads\/2022\/08\/avant-apres-eclair.jpg 661w, https:\/\/dentistes-charron.fr\/wp-content\/uploads\/2022\/08\/avant-apres-eclair-300x100.jpg 300w\" sizes=\"auto, (max-width: 661px) 100vw, 661px\" \/><\/figure><div class=\"wp-block-media-text__content\">\n<p> <h3>ET POUR LES DENTS D\u00c9VITALIS\u00c9ES ?<\/h3>   <p>Pour les\u00a0<strong>dents d\u00e9vitalis\u00e9es\u00a0<\/strong>qui ont noirci au cours du temps, il existe une technique d\u2019\u00e9claircissement sp\u00e9cifique. Lorsque votre dentiste a termin\u00e9 de prot\u00e9ger l\u2019int\u00e9rieur de la racine par une sorte de bouchon, il place un gel blanchissant sur la partie sup\u00e9rieure de la dent. Nous laissons ensuite le produit faire effet \u00e0 l\u2019int\u00e9rieur de la dent. Cela dure entre quelques jours \u00e0 quelques semaines, en une ou plusieurs applications. Quand la dent a r\u00e9cup\u00e9r\u00e9 la m\u00eame teinte que les dents voisines, votre praticien retire le gel et la dent est d\u00e9finitivement obtur\u00e9e.<\/p><\/p>\n<\/div><\/div>\n\n\n\n<blockquote class=\"wp-block-quote is-style-plain is-layout-flow wp-block-quote-is-layout-flow\"><p> <p class=\"has-medium-font-size\"><strong> COMMENT GARDER VOS DENTS BLANCHES APR\u00c8S UN ECLAIRCISSEMENT ?<\/strong><\/p>   <\/p><p><p>Une fois l\u2019intervention de\u00a0<strong>d&rsquo;\u00e9claircissement dentaire<\/strong>\u00a0effectu\u00e9e, il est important de suivre certaines instructions afin de conserver le plus longtemps possible la blancheur de vos dents. Pour cela, nous vous conseillons\u00a0:<\/p><\/p><p><p>\u2013 de ne pas manger d\u2019aliments qui colorent les dents,<\/p><\/p><p><p>\u2013 d\u2019\u00e9viter le tabac,<\/p><\/p><p><p>&#8211; de vous brosser les dents apr\u00e8s chaque repas.<\/p> <\/p><\/blockquote>\n","protected":false},"excerpt":{"rendered":"<p>Ce traitement que l\u2019on appelle \u201cl\u2019\u00e9claircissement dentaire\u201d est \u00e9galement connu comme le\u00a0blanchiment dentaire. C\u2019est une technique qui permet d\u2019\u00e9claircir la couleur interne des dents afin de leur redonner un \u00e9clat et une brillance plus attractives. Les causes du jaunissement des dents Les dents peuvent jaunir pour plusieurs raisons\u00a0:\u2013 les aliments\u00a0(les fruits rouges, le curry, le &hellip; <\/p>\n<p class=\"link-more\"><a href=\"https:\/\/dentistes-charron.fr\/?page_id=133\" class=\"more-link\">Lire la suite de<span class=\"screen-reader-text\">\u00ab\u00a0L\u2019\u00e9claircissement\u00a0\u00bb<\/span><\/a><\/p>\n","protected":false},"author":1,"featured_media":0,"parent":0,"menu_order":0,"comment_status":"closed","ping_status":"closed","template":"","meta":{"_monsterinsights_skip_tracking":false,"_monsterinsights_sitenote_active":false,"_monsterinsights_sitenote_note":"","_monsterinsights_sitenote_category":0,"footnotes":""},"class_list":["post-133","page","type-page","status-publish","hentry"],"_links":{"self":[{"href":"https:\/\/dentistes-charron.fr\/index.php?rest_route=\/wp\/v2\/pages\/133","targetHints":{"allow":["GET"]}}],"collection":[{"href":"https:\/\/dentistes-charron.fr\/index.php?rest_route=\/wp\/v2\/pages"}],"about":[{"href":"https:\/\/dentistes-charron.fr\/index.php?rest_route=\/wp\/v2\/types\/page"}],"author":[{"embeddable":true,"href":"https:\/\/dentistes-charron.fr\/index.php?rest_route=\/wp\/v2\/users\/1"}],"replies":[{"embeddable":true,"href":"https:\/\/dentistes-charron.fr\/index.php?rest_route=%2Fwp%2Fv2%2Fcomments&post=133"}],"version-history":[{"count":28,"href":"https:\/\/dentistes-charron.fr\/index.php?rest_route=\/wp\/v2\/pages\/133\/revisions"}],"predecessor-version":[{"id":1483,"href":"https:\/\/dentistes-charron.fr\/index.php?rest_route=\/wp\/v2\/pages\/133\/revisions\/1483"}],"wp:attachment":[{"href":"https:\/\/dentistes-charron.fr\/index.php?rest_route=%2Fwp%2Fv2%2Fmedia&parent=133"}],"curies":[{"name":"wp","href":"https:\/\/api.w.org\/{rel}","templated":true}]}}