{"id":132,"date":"2022-07-08T20:05:10","date_gmt":"2022-07-08T18:05:10","guid":{"rendered":"https:\/\/dentistes-charron.fr\/?page_id=132"},"modified":"2022-10-13T15:14:06","modified_gmt":"2022-10-13T13:14:06","slug":"lextraction-dentaire","status":"publish","type":"page","link":"https:\/\/dentistes-charron.fr\/?page_id=132","title":{"rendered":"L\u2019extraction dentaire"},"content":{"rendered":"\n<div class=\"wp-block-media-text alignfull has-media-on-the-right is-image-fill\" style=\"grid-template-columns:auto 55%\"><figure class=\"wp-block-media-text__media\" style=\"background-image:url(https:\/\/dentistes-charron.fr\/wp-content\/uploads\/2022\/07\/extr.jpg);background-position:50% 50%\"><img loading=\"lazy\" decoding=\"async\" width=\"900\" height=\"600\" src=\"https:\/\/dentistes-charron.fr\/wp-content\/uploads\/2022\/07\/extr.jpg\" alt=\"\" class=\"wp-image-431 size-full\" srcset=\"https:\/\/dentistes-charron.fr\/wp-content\/uploads\/2022\/07\/extr.jpg 900w, https:\/\/dentistes-charron.fr\/wp-content\/uploads\/2022\/07\/extr-300x200.jpg 300w, https:\/\/dentistes-charron.fr\/wp-content\/uploads\/2022\/07\/extr-768x512.jpg 768w\" sizes=\"auto, (max-width: 900px) 100vw, 900px\" \/><\/figure><div class=\"wp-block-media-text__content\">\n<p> <\/p>\n\n\n\n<h1 class=\"wp-block-heading\"><\/h1>\n\n\n\n<p>Cette op\u00e9ration est r\u00e9alis\u00e9e sous anesth\u00e9sie locale. <\/p>\n\n\n\n<p>Nos chirurgiens-dentistes vous prescriront des m\u00e9dicaments pour votre retour \u00e0 la maison, et restent \u00e0 votre enti\u00e8re disposition pour de plus amples informations si besoin.<\/p>\n<\/div><\/div>\n\n\n\n<hr class=\"wp-block-separator has-alpha-channel-opacity\"\/>\n\n\n\n<div class=\"wp-block-media-text alignfull is-image-fill\" style=\"grid-template-columns:44% auto\"><figure class=\"wp-block-media-text__media\" style=\"background-image:url(https:\/\/dentistes-charron.fr\/wp-content\/uploads\/2022\/07\/extra-1024x683.jpg);background-position:50% 50%\"><img loading=\"lazy\" decoding=\"async\" width=\"1024\" height=\"683\" src=\"https:\/\/dentistes-charron.fr\/wp-content\/uploads\/2022\/07\/extra-1024x683.jpg\" alt=\"\" class=\"wp-image-429 size-full\" srcset=\"https:\/\/dentistes-charron.fr\/wp-content\/uploads\/2022\/07\/extra-1024x683.jpg 1024w, https:\/\/dentistes-charron.fr\/wp-content\/uploads\/2022\/07\/extra-300x200.jpg 300w, https:\/\/dentistes-charron.fr\/wp-content\/uploads\/2022\/07\/extra-768x512.jpg 768w, https:\/\/dentistes-charron.fr\/wp-content\/uploads\/2022\/07\/extra.jpg 1256w\" sizes=\"auto, (max-width: 1024px) 100vw, 1024px\" \/><\/figure><div class=\"wp-block-media-text__content\">\n<h2>Pourquoi et comment extraire une dent ?<\/h2>\n<p>Les\u00a0<strong>extractions dentaires<\/strong> peuvent \u00eatre conseill\u00e9es pour plusieurs raisons:<\/p>\n<p>-la pr\u00e9sence d\u2019une carie dentaire qui a d\u00e9truit une partie trop importante de la structure de la dent et dont la restauration est impossible<\/p>\n<p>-une dent montrant une fissure profonde<\/p>\n<p>-une maladie de la gencive rendant une dent mobile et douloureuse.<\/p>\n<p>\u00a0<\/p>\n<\/div><\/div>\n\n\n\n<hr class=\"wp-block-separator has-alpha-channel-opacity\"\/>\n","protected":false},"excerpt":{"rendered":"<p>Cette op\u00e9ration est r\u00e9alis\u00e9e sous anesth\u00e9sie locale. Nos chirurgiens-dentistes vous prescriront des m\u00e9dicaments pour votre retour \u00e0 la maison, et restent \u00e0 votre enti\u00e8re disposition pour de plus amples informations si besoin. Pourquoi et comment extraire une dent ? Les\u00a0extractions dentaires peuvent \u00eatre conseill\u00e9es pour plusieurs raisons: -la pr\u00e9sence d\u2019une carie dentaire qui a d\u00e9truit &hellip; <\/p>\n<p class=\"link-more\"><a href=\"https:\/\/dentistes-charron.fr\/?page_id=132\" class=\"more-link\">Lire la suite de<span class=\"screen-reader-text\">\u00ab\u00a0L\u2019extraction dentaire\u00a0\u00bb<\/span><\/a><\/p>\n","protected":false},"author":1,"featured_media":0,"parent":0,"menu_order":0,"comment_status":"closed","ping_status":"closed","template":"","meta":{"_monsterinsights_skip_tracking":false,"_monsterinsights_sitenote_active":false,"_monsterinsights_sitenote_note":"","_monsterinsights_sitenote_category":0,"footnotes":""},"class_list":["post-132","page","type-page","status-publish","hentry"],"_links":{"self":[{"href":"https:\/\/dentistes-charron.fr\/index.php?rest_route=\/wp\/v2\/pages\/132","targetHints":{"allow":["GET"]}}],"collection":[{"href":"https:\/\/dentistes-charron.fr\/index.php?rest_route=\/wp\/v2\/pages"}],"about":[{"href":"https:\/\/dentistes-charron.fr\/index.php?rest_route=\/wp\/v2\/types\/page"}],"author":[{"embeddable":true,"href":"https:\/\/dentistes-charron.fr\/index.php?rest_route=\/wp\/v2\/users\/1"}],"replies":[{"embeddable":true,"href":"https:\/\/dentistes-charron.fr\/index.php?rest_route=%2Fwp%2Fv2%2Fcomments&post=132"}],"version-history":[{"count":7,"href":"https:\/\/dentistes-charron.fr\/index.php?rest_route=\/wp\/v2\/pages\/132\/revisions"}],"predecessor-version":[{"id":972,"href":"https:\/\/dentistes-charron.fr\/index.php?rest_route=\/wp\/v2\/pages\/132\/revisions\/972"}],"wp:attachment":[{"href":"https:\/\/dentistes-charron.fr\/index.php?rest_route=%2Fwp%2Fv2%2Fmedia&parent=132"}],"curies":[{"name":"wp","href":"https:\/\/api.w.org\/{rel}","templated":true}]}}