{"id":130,"date":"2022-07-08T20:05:10","date_gmt":"2022-07-08T18:05:10","guid":{"rendered":"https:\/\/dentistes-charron.fr\/?page_id=130"},"modified":"2022-11-08T09:48:08","modified_gmt":"2022-11-08T08:48:08","slug":"les-couronnes","status":"publish","type":"page","link":"https:\/\/dentistes-charron.fr\/?page_id=130","title":{"rendered":"Les couronnes"},"content":{"rendered":"\n<div class=\"wp-block-media-text alignfull is-image-fill\" style=\"grid-template-columns:41% auto\"><figure class=\"wp-block-media-text__media\" style=\"background-image:url(https:\/\/dentistes-charron.fr\/wp-content\/uploads\/2022\/07\/couronnes-s.jpg);background-position:83% 39%\"><img loading=\"lazy\" decoding=\"async\" width=\"1024\" height=\"681\" src=\"https:\/\/dentistes-charron.fr\/wp-content\/uploads\/2022\/07\/couronnes-s.jpg\" alt=\"\" class=\"wp-image-446 size-full\" srcset=\"https:\/\/dentistes-charron.fr\/wp-content\/uploads\/2022\/07\/couronnes-s.jpg 1024w, https:\/\/dentistes-charron.fr\/wp-content\/uploads\/2022\/07\/couronnes-s-300x200.jpg 300w, https:\/\/dentistes-charron.fr\/wp-content\/uploads\/2022\/07\/couronnes-s-768x511.jpg 768w\" sizes=\"auto, (max-width: 1024px) 100vw, 1024px\" \/><\/figure><div class=\"wp-block-media-text__content\">\n<h2>Qu\u2019est-ce qu\u2019une couronne dentaire ?<\/h2>\n<p>Les&nbsp;<strong>couronnes dentaires<\/strong>&nbsp;sont des proth\u00e8ses dentaires qui viennent recouvrir des dents fragilis\u00e9es, cass\u00e9es, fissur\u00e9es, ou encore des dents d\u00e9vitalis\u00e9es ou atteintes d\u2019une carie trop importante pour accueillir un nouveau plombage.<\/p>\n<p>Elles sont indiqu\u00e9es si la racine dentaire est encore saine. Les <strong>couronnes dentaires<\/strong> permettent de conserver la dent le plus longtemps possible et de les embellir afin de redonner \u00e0 votre sourire toute son esth\u00e9tique d\u2019origine.<\/p>\n<\/div><\/div>\n\n\n\n<hr class=\"wp-block-separator has-alpha-channel-opacity\"\/>\n\n\n\n<div class=\"wp-block-group alignfull is-layout-flow wp-block-group-is-layout-flow\">\n<div class=\"wp-block-columns is-layout-flex wp-container-core-columns-is-layout-28f84493 wp-block-columns-is-layout-flex\">\n<div class=\"wp-block-column is-layout-flow wp-block-column-is-layout-flow\">\n<div class=\"wp-block-media-text alignfull is-image-fill\" style=\"grid-template-columns:41% auto\"><figure class=\"wp-block-media-text__media\" style=\"background-image:url(https:\/\/dentistes-charron.fr\/wp-content\/uploads\/2022\/07\/couronnes-1-1024x808.jpg);background-position:51% 24%\"><img loading=\"lazy\" decoding=\"async\" width=\"1024\" height=\"808\" src=\"https:\/\/dentistes-charron.fr\/wp-content\/uploads\/2022\/07\/couronnes-1-1024x808.jpg\" alt=\"\" class=\"wp-image-439 size-full\" srcset=\"https:\/\/dentistes-charron.fr\/wp-content\/uploads\/2022\/07\/couronnes-1-1024x808.jpg 1024w, https:\/\/dentistes-charron.fr\/wp-content\/uploads\/2022\/07\/couronnes-1-300x237.jpg 300w, https:\/\/dentistes-charron.fr\/wp-content\/uploads\/2022\/07\/couronnes-1-768x606.jpg 768w, https:\/\/dentistes-charron.fr\/wp-content\/uploads\/2022\/07\/couronnes-1-1536x1211.jpg 1536w, https:\/\/dentistes-charron.fr\/wp-content\/uploads\/2022\/07\/couronnes-1-2000x1577.jpg 2000w, https:\/\/dentistes-charron.fr\/wp-content\/uploads\/2022\/07\/couronnes-1.jpg 2048w\" sizes=\"auto, (max-width: 1024px) 100vw, 1024px\" \/><\/figure><div class=\"wp-block-media-text__content\">\n<p> <\/p>\n\n\n\n<h2 class=\"wp-block-heading\">Pourquoi choisir une couronne dentaire en c\u00e9ramique ?<\/h2>\n\n\n\n<p>Il existe plusieurs mat\u00e9riaux pour concevoir votre couronne dentaire, comme la r\u00e9sine composite ou encore le m\u00e9tal. Dans notre cabinet, nous vous proposons essentiellement des\u00a0<strong>couronnes dentaires en c\u00e9ramique<\/strong>. Ce mat\u00e9riau a pour principal avantage son esth\u00e9tique : la couleur de la c\u00e9ramique est proche de la couleur de l\u2019\u00e9mail dentaire naturel. Il s&rsquo;agit du mat\u00e9riau le plus biocompatible, c&rsquo;est \u00e0 dire que c&rsquo;est le mat\u00e9riau qui respecte le plus les tissus environnants en particulier la gencive. Il fait \u00e9galement preuve d\u2019un confort absolu et pr\u00e9sente d&rsquo;excellentes caract\u00e9ristiques fonctionnelles.<\/p>\n<\/div><\/div>\n<\/div>\n<\/div>\n<\/div>\n\n\n\n<hr class=\"wp-block-separator has-alpha-channel-opacity\"\/>\n\n\n\n<div class=\"wp-block-media-text alignfull is-image-fill\" style=\"grid-template-columns:41% auto\"><figure class=\"wp-block-media-text__media\" style=\"background-image:url(https:\/\/dentistes-charron.fr\/wp-content\/uploads\/2022\/07\/les-couronnes-2-1024x515.jpg);background-position:44% 72%\"><img loading=\"lazy\" decoding=\"async\" width=\"1024\" height=\"515\" src=\"https:\/\/dentistes-charron.fr\/wp-content\/uploads\/2022\/07\/les-couronnes-2-1024x515.jpg\" alt=\"\" class=\"wp-image-442 size-full\" srcset=\"https:\/\/dentistes-charron.fr\/wp-content\/uploads\/2022\/07\/les-couronnes-2-1024x515.jpg 1024w, https:\/\/dentistes-charron.fr\/wp-content\/uploads\/2022\/07\/les-couronnes-2-300x151.jpg 300w, https:\/\/dentistes-charron.fr\/wp-content\/uploads\/2022\/07\/les-couronnes-2-768x386.jpg 768w, https:\/\/dentistes-charron.fr\/wp-content\/uploads\/2022\/07\/les-couronnes-2.jpg 1194w\" sizes=\"auto, (max-width: 1024px) 100vw, 1024px\" \/><\/figure><div class=\"wp-block-media-text__content\">\n<p> <\/p>\n\n\n\n<h2 class=\"wp-block-heading\">Comment \u00e7a se passe ?<\/h2>\n\n\n\n<p>La pose d\u2019une\u00a0<strong>couronne dentaire en c\u00e9ramique<\/strong>\u00a0se fait en plusieurs rendez-vous. Durant le premier rendez-vous, le dentiste meule la ou les dents devant recevoir la proth\u00e8se, puis effectue une empreinte. Cette empreinte permet au proth\u00e9siste de r\u00e9aliser la couronne qui sera enfin scell\u00e9e de mani\u00e8re d\u00e9finitive. <\/p>\n<\/div><\/div>\n","protected":false},"excerpt":{"rendered":"<p>Qu\u2019est-ce qu\u2019une couronne dentaire ? Les&nbsp;couronnes dentaires&nbsp;sont des proth\u00e8ses dentaires qui viennent recouvrir des dents fragilis\u00e9es, cass\u00e9es, fissur\u00e9es, ou encore des dents d\u00e9vitalis\u00e9es ou atteintes d\u2019une carie trop importante pour accueillir un nouveau plombage. Elles sont indiqu\u00e9es si la racine dentaire est encore saine. Les couronnes dentaires permettent de conserver la dent le plus longtemps &hellip; <\/p>\n<p class=\"link-more\"><a href=\"https:\/\/dentistes-charron.fr\/?page_id=130\" class=\"more-link\">Lire la suite de<span class=\"screen-reader-text\">\u00ab\u00a0Les couronnes\u00a0\u00bb<\/span><\/a><\/p>\n","protected":false},"author":1,"featured_media":0,"parent":0,"menu_order":0,"comment_status":"closed","ping_status":"closed","template":"","meta":{"_monsterinsights_skip_tracking":false,"_monsterinsights_sitenote_active":false,"_monsterinsights_sitenote_note":"","_monsterinsights_sitenote_category":0,"footnotes":""},"class_list":["post-130","page","type-page","status-publish","hentry"],"_links":{"self":[{"href":"https:\/\/dentistes-charron.fr\/index.php?rest_route=\/wp\/v2\/pages\/130","targetHints":{"allow":["GET"]}}],"collection":[{"href":"https:\/\/dentistes-charron.fr\/index.php?rest_route=\/wp\/v2\/pages"}],"about":[{"href":"https:\/\/dentistes-charron.fr\/index.php?rest_route=\/wp\/v2\/types\/page"}],"author":[{"embeddable":true,"href":"https:\/\/dentistes-charron.fr\/index.php?rest_route=\/wp\/v2\/users\/1"}],"replies":[{"embeddable":true,"href":"https:\/\/dentistes-charron.fr\/index.php?rest_route=%2Fwp%2Fv2%2Fcomments&post=130"}],"version-history":[{"count":18,"href":"https:\/\/dentistes-charron.fr\/index.php?rest_route=\/wp\/v2\/pages\/130\/revisions"}],"predecessor-version":[{"id":995,"href":"https:\/\/dentistes-charron.fr\/index.php?rest_route=\/wp\/v2\/pages\/130\/revisions\/995"}],"wp:attachment":[{"href":"https:\/\/dentistes-charron.fr\/index.php?rest_route=%2Fwp%2Fv2%2Fmedia&parent=130"}],"curies":[{"name":"wp","href":"https:\/\/api.w.org\/{rel}","templated":true}]}}