{"id":129,"date":"2022-07-08T20:05:10","date_gmt":"2022-07-08T18:05:10","guid":{"rendered":"https:\/\/dentistes-charron.fr\/?page_id=129"},"modified":"2022-11-22T13:38:30","modified_gmt":"2022-11-22T12:38:30","slug":"les-composites","status":"publish","type":"page","link":"https:\/\/dentistes-charron.fr\/?page_id=129","title":{"rendered":"Les composites"},"content":{"rendered":"\n<p id=\"intro_article\">Les soins conservateurs regroupent l\u2019ensemble des traitements destin\u00e9s \u00e0 reconstruire ou embellir les dents gr\u00e2ce \u00e0 des mat\u00e9riaux de restauration directe, principalement les r\u00e9sines composites.<\/p>\n\n\n\n<p><\/p>\n\n\n\n<div class=\"wp-block-media-text alignwide is-image-fill\" style=\"grid-template-columns:61% auto\"><figure class=\"wp-block-media-text__media\" style=\"background-image:url(https:\/\/dentistes-charron.fr\/wp-content\/uploads\/2022\/07\/restauration-turbine-scaled-1-1024x819.jpg);background-position:59% 55%\"><img loading=\"lazy\" decoding=\"async\" width=\"1024\" height=\"819\" src=\"https:\/\/dentistes-charron.fr\/wp-content\/uploads\/2022\/07\/restauration-turbine-scaled-1-1024x819.jpg\" alt=\"\" class=\"wp-image-687 size-full\" srcset=\"https:\/\/dentistes-charron.fr\/wp-content\/uploads\/2022\/07\/restauration-turbine-scaled-1-1024x819.jpg 1024w, https:\/\/dentistes-charron.fr\/wp-content\/uploads\/2022\/07\/restauration-turbine-scaled-1-300x240.jpg 300w, https:\/\/dentistes-charron.fr\/wp-content\/uploads\/2022\/07\/restauration-turbine-scaled-1-768x614.jpg 768w, https:\/\/dentistes-charron.fr\/wp-content\/uploads\/2022\/07\/restauration-turbine-scaled-1-1536x1229.jpg 1536w, https:\/\/dentistes-charron.fr\/wp-content\/uploads\/2022\/07\/restauration-turbine-scaled-1-2048x1638.jpg 2048w, https:\/\/dentistes-charron.fr\/wp-content\/uploads\/2022\/07\/restauration-turbine-scaled-1-2000x1600.jpg 2000w\" sizes=\"auto, (max-width: 1024px) 100vw, 1024px\" \/><\/figure><div class=\"wp-block-media-text__content\">\n<h2>Qu\u2019est-ce que la r\u00e9sine dentaire composite ?<\/h2>\n<p>La\u00a0<strong>r\u00e9sine composite dentaire<\/strong> est un mat\u00e9riau de couleur blanche, tr\u00e8s esth\u00e9tique, qui se d\u00e9cline dans de nombreuses teintes afin de s\u2019adapter au mieux \u00e0 la couleur naturelle de vos dents.<\/p>\n<p>Les r\u00e9sines composites permettent de restaurer les dents ant\u00e9rieures et post\u00e9rieures, en cas de carie, fracture ou de mauvaise position.<\/p>\n<p>La r\u00e9sine composite dentaire se compose essentiellement de polym\u00e8res et de particules inertes tr\u00e8s dures. La r\u00e9sine est model\u00e9e par le dentiste puis durcie gr\u00e2ce \u00e0 une lampe \u00e0 UV.<\/p>\n<\/div><\/div>\n\n\n\n<h1 class=\"wp-block-heading\">Int\u00e9rets<\/h1>\n\n\n\n<ul class=\"wp-block-list\">\n<li>Pr\u00e9servation des tissus dentaires<\/li>\n\n\n\n<li>Esth\u00e9tique, rendu tr\u00e8s naturel<\/li>\n\n\n\n<li>Biocompatibilit\u00e9 avec les tissus dentaires et gingivaux<\/li>\n<\/ul>\n\n\n\n<h2 class=\"wp-block-heading\">Sp\u00e9cificit\u00e9s<\/h2>\n\n\n\n<p>Le d\u00e9veloppement des techniques adh\u00e9sives et des mat\u00e9riaux composites, permet d\u2019effectuer des soins reproduisant de moins en moins invasifs, au plus pr\u00e8s l\u2019aspect et le comportement de la dent naturelle.<\/p>\n\n\n\n<p>Cette technique demande un parfait contr\u00f4le des diff\u00e9rentes \u00e9tapes du traitement, et plus particuli\u00e8rement de celle du collage.<\/p>\n\n\n\n<p>N\u00e9anmoins, certains cas ne permettent pas ce type de restauration (dents tr\u00e8s ab\u00eem\u00e9es\u2026) et rel\u00e8vent alors des techniques classiques (couronne\u2026).<\/p>\n","protected":false},"excerpt":{"rendered":"<p>Les soins conservateurs regroupent l\u2019ensemble des traitements destin\u00e9s \u00e0 reconstruire ou embellir les dents gr\u00e2ce \u00e0 des mat\u00e9riaux de restauration directe, principalement les r\u00e9sines composites. Qu\u2019est-ce que la r\u00e9sine dentaire composite ? La\u00a0r\u00e9sine composite dentaire est un mat\u00e9riau de couleur blanche, tr\u00e8s esth\u00e9tique, qui se d\u00e9cline dans de nombreuses teintes afin de s\u2019adapter au mieux &hellip; <\/p>\n<p class=\"link-more\"><a href=\"https:\/\/dentistes-charron.fr\/?page_id=129\" class=\"more-link\">Lire la suite de<span class=\"screen-reader-text\">\u00ab\u00a0Les composites\u00a0\u00bb<\/span><\/a><\/p>\n","protected":false},"author":1,"featured_media":0,"parent":0,"menu_order":0,"comment_status":"closed","ping_status":"closed","template":"","meta":{"_monsterinsights_skip_tracking":false,"_monsterinsights_sitenote_active":false,"_monsterinsights_sitenote_note":"","_monsterinsights_sitenote_category":0,"footnotes":""},"class_list":["post-129","page","type-page","status-publish","hentry"],"_links":{"self":[{"href":"https:\/\/dentistes-charron.fr\/index.php?rest_route=\/wp\/v2\/pages\/129","targetHints":{"allow":["GET"]}}],"collection":[{"href":"https:\/\/dentistes-charron.fr\/index.php?rest_route=\/wp\/v2\/pages"}],"about":[{"href":"https:\/\/dentistes-charron.fr\/index.php?rest_route=\/wp\/v2\/types\/page"}],"author":[{"embeddable":true,"href":"https:\/\/dentistes-charron.fr\/index.php?rest_route=\/wp\/v2\/users\/1"}],"replies":[{"embeddable":true,"href":"https:\/\/dentistes-charron.fr\/index.php?rest_route=%2Fwp%2Fv2%2Fcomments&post=129"}],"version-history":[{"count":13,"href":"https:\/\/dentistes-charron.fr\/index.php?rest_route=\/wp\/v2\/pages\/129\/revisions"}],"predecessor-version":[{"id":1009,"href":"https:\/\/dentistes-charron.fr\/index.php?rest_route=\/wp\/v2\/pages\/129\/revisions\/1009"}],"wp:attachment":[{"href":"https:\/\/dentistes-charron.fr\/index.php?rest_route=%2Fwp%2Fv2%2Fmedia&parent=129"}],"curies":[{"name":"wp","href":"https:\/\/api.w.org\/{rel}","templated":true}]}}