{"id":127,"date":"2022-07-08T20:05:09","date_gmt":"2022-07-08T18:05:09","guid":{"rendered":"https:\/\/dentistes-charron.fr\/?page_id=127"},"modified":"2022-11-22T13:35:52","modified_gmt":"2022-11-22T12:35:52","slug":"le-detartrage","status":"publish","type":"page","link":"https:\/\/dentistes-charron.fr\/?page_id=127","title":{"rendered":"Le d\u00e9tartrage"},"content":{"rendered":"\n<div class=\"wp-block-media-text alignfull is-vertically-aligned-center is-image-fill\" style=\"grid-template-columns:38% auto\"><figure class=\"wp-block-media-text__media\" style=\"background-image:url(https:\/\/dentistes-charron.fr\/wp-content\/uploads\/2022\/07\/det2-2.webp);background-position:40% 51%\"><img loading=\"lazy\" decoding=\"async\" width=\"1024\" height=\"640\" src=\"https:\/\/dentistes-charron.fr\/wp-content\/uploads\/2022\/07\/det2-2.webp\" alt=\"\" class=\"wp-image-675 size-full\" srcset=\"https:\/\/dentistes-charron.fr\/wp-content\/uploads\/2022\/07\/det2-2.webp 1024w, https:\/\/dentistes-charron.fr\/wp-content\/uploads\/2022\/07\/det2-2-300x188.webp 300w, https:\/\/dentistes-charron.fr\/wp-content\/uploads\/2022\/07\/det2-2-768x480.webp 768w\" sizes=\"auto, (max-width: 1024px) 100vw, 1024px\" \/><\/figure><div class=\"wp-block-media-text__content\">\n<p>Le d\u00e9tartrage est le processus qui consiste \u00e0 retirer le tartre accroch\u00e9 aux couronnes et aux racines dentaires.<\/p>\n<p>Le tartre est un d\u00e9p\u00f4t collant et crayeux qui s&rsquo;accumule \u00e0 la surface des dents. Il provient de la min\u00e9ralisation de la plaque dentaire, constitu\u00e9e de min\u00e9raux, bact\u00e9ries et divers \u00e9l\u00e9ments de la salive. Il provoque une inflammation de la gencive et peut conduire \u00e0 une maladie parodontale s&rsquo;il n&rsquo;est pas r\u00e9guli\u00e8rement \u00e9limin\u00e9.<\/p>\n<p>Plusieurs facteurs influencent la formation de tartre:\u00a0<\/p>\n<ul>\n<li>qualit\u00e9 et fr\u00e9quence du brossage<\/li>\n<li>qualit\u00e9 et composition de la salive, quantit\u00e9 de salive<\/li>\n<li>habitudes alimentaires\u00a0<\/li>\n<li>tabagisme<\/li>\n<\/ul>\n<p>\u00a0<\/p>\n<p>En compl\u00e9ment du d\u00e9tartrage, le dentiste r\u00e9alisera un polissage des dents \u00e0 l&rsquo;aide d&rsquo;un a\u00e9ropolisseur ou de brossettes enduites de p\u00e2te \u00e0 polir, afin d&rsquo;\u00e9liminer les t\u00e2ches (th\u00e9, tabac..) et afin de rendre les surfaces plus lisses.<\/p>\n<\/div><\/div>\n\n\n\n<div class=\"wp-block-media-text alignfull has-media-on-the-right is-image-fill\" style=\"grid-template-columns:auto 39%\"><div class=\"wp-block-media-text__content\">\n<h4 class=\"wp-block-heading\">A quelle fr\u00e9quence doit-on se faire d\u00e9tartrer les dents ?<\/h4>\n\n\n\n<p>Classiquement, un contr\u00f4le annuel accompagn\u00e9 d&rsquo;un d\u00e9tartrage est la r\u00e8gle. N\u00e9anmoins, il existe de nombreuses variations individuelles selon les individus. En effet, la position des dents, la qualit\u00e9 et la fr\u00e9quence du brossage, la susceptibilit\u00e9&nbsp;aux <mark class=\"kt-highlight\">maladies parodontales<\/mark>&nbsp;et&nbsp;la salive (pH, fluidit\u00e9, abondance&#8230;) influent sur la \u00ab\u00a0production\u00a0\u00bb de tartre. Il est donc n\u00e9cessaire d&rsquo;adapter la fr\u00e9quence des d\u00e9tartrages selon les besoins de chacun. Votre chirurgien-dentiste saura vous aider \u00e0 trouver avec vous la meilleure fr\u00e9quence.<\/p>\n<\/div><figure class=\"wp-block-media-text__media\" style=\"background-image:url(https:\/\/dentistes-charron.fr\/wp-content\/uploads\/2022\/07\/det-1024x768.jpg);background-position:56% 52%\"><img loading=\"lazy\" decoding=\"async\" width=\"1024\" height=\"768\" src=\"https:\/\/dentistes-charron.fr\/wp-content\/uploads\/2022\/07\/det-1024x768.jpg\" alt=\"\" class=\"wp-image-676 size-full\" srcset=\"https:\/\/dentistes-charron.fr\/wp-content\/uploads\/2022\/07\/det-1024x768.jpg 1024w, https:\/\/dentistes-charron.fr\/wp-content\/uploads\/2022\/07\/det-300x225.jpg 300w, https:\/\/dentistes-charron.fr\/wp-content\/uploads\/2022\/07\/det-768x576.jpg 768w, https:\/\/dentistes-charron.fr\/wp-content\/uploads\/2022\/07\/det.jpg 1440w\" sizes=\"auto, (max-width: 1024px) 100vw, 1024px\" \/><\/figure><\/div>\n","protected":false},"excerpt":{"rendered":"<p>Le d\u00e9tartrage est le processus qui consiste \u00e0 retirer le tartre accroch\u00e9 aux couronnes et aux racines dentaires. Le tartre est un d\u00e9p\u00f4t collant et crayeux qui s&rsquo;accumule \u00e0 la surface des dents. Il provient de la min\u00e9ralisation de la plaque dentaire, constitu\u00e9e de min\u00e9raux, bact\u00e9ries et divers \u00e9l\u00e9ments de la salive. Il provoque une &hellip; <\/p>\n<p class=\"link-more\"><a href=\"https:\/\/dentistes-charron.fr\/?page_id=127\" class=\"more-link\">Lire la suite de<span class=\"screen-reader-text\">\u00ab\u00a0Le d\u00e9tartrage\u00a0\u00bb<\/span><\/a><\/p>\n","protected":false},"author":1,"featured_media":0,"parent":0,"menu_order":0,"comment_status":"closed","ping_status":"closed","template":"","meta":{"_monsterinsights_skip_tracking":false,"_monsterinsights_sitenote_active":false,"_monsterinsights_sitenote_note":"","_monsterinsights_sitenote_category":0,"footnotes":""},"class_list":["post-127","page","type-page","status-publish","hentry"],"_links":{"self":[{"href":"https:\/\/dentistes-charron.fr\/index.php?rest_route=\/wp\/v2\/pages\/127","targetHints":{"allow":["GET"]}}],"collection":[{"href":"https:\/\/dentistes-charron.fr\/index.php?rest_route=\/wp\/v2\/pages"}],"about":[{"href":"https:\/\/dentistes-charron.fr\/index.php?rest_route=\/wp\/v2\/types\/page"}],"author":[{"embeddable":true,"href":"https:\/\/dentistes-charron.fr\/index.php?rest_route=\/wp\/v2\/users\/1"}],"replies":[{"embeddable":true,"href":"https:\/\/dentistes-charron.fr\/index.php?rest_route=%2Fwp%2Fv2%2Fcomments&post=127"}],"version-history":[{"count":13,"href":"https:\/\/dentistes-charron.fr\/index.php?rest_route=\/wp\/v2\/pages\/127\/revisions"}],"predecessor-version":[{"id":1007,"href":"https:\/\/dentistes-charron.fr\/index.php?rest_route=\/wp\/v2\/pages\/127\/revisions\/1007"}],"wp:attachment":[{"href":"https:\/\/dentistes-charron.fr\/index.php?rest_route=%2Fwp%2Fv2%2Fmedia&parent=127"}],"curies":[{"name":"wp","href":"https:\/\/api.w.org\/{rel}","templated":true}]}}