{"id":122,"date":"2022-07-08T19:59:58","date_gmt":"2022-07-08T17:59:58","guid":{"rendered":"https:\/\/dentistes-charron.fr\/?page_id=122"},"modified":"2022-07-12T12:48:24","modified_gmt":"2022-07-12T10:48:24","slug":"endodontie","status":"publish","type":"page","link":"https:\/\/dentistes-charron.fr\/?page_id=122","title":{"rendered":"Endodontie"},"content":{"rendered":"\n<div class=\"wp-block-media-text alignfull is-image-fill\" style=\"grid-template-columns:51% auto\"><figure class=\"wp-block-media-text__media\" style=\"background-image:url(https:\/\/dentistes-charron.fr\/wp-content\/uploads\/2022\/07\/endo-1024x1024.jpg);background-position:42% 79%\"><img loading=\"lazy\" decoding=\"async\" width=\"1024\" height=\"1024\" src=\"https:\/\/dentistes-charron.fr\/wp-content\/uploads\/2022\/07\/endo-1024x1024.jpg\" alt=\"\" class=\"wp-image-414 size-full\" srcset=\"https:\/\/dentistes-charron.fr\/wp-content\/uploads\/2022\/07\/endo-1024x1024.jpg 1024w, https:\/\/dentistes-charron.fr\/wp-content\/uploads\/2022\/07\/endo-300x300.jpg 300w, https:\/\/dentistes-charron.fr\/wp-content\/uploads\/2022\/07\/endo-150x150.jpg 150w, https:\/\/dentistes-charron.fr\/wp-content\/uploads\/2022\/07\/endo-768x768.jpg 768w, https:\/\/dentistes-charron.fr\/wp-content\/uploads\/2022\/07\/endo.jpg 1080w\" sizes=\"auto, (max-width: 1024px) 100vw, 1024px\" \/><\/figure><div class=\"wp-block-media-text__content\">\n<h2 class=\"has-medium-font-size wp-block-heading\">QUAND DOIT-ON AVOIR RECOURS AU TRAITEMENT ENDODONTIQUE ?<\/h2>\n\n\n\n<p>Les maladies de l\u2019endodonte se manifestent par une inflammation au niveau des canaux dentaires qui contiennent la pulpe.<\/p>\n\n\n\n<p>Cette inflammation peut \u00eatre l\u00e9g\u00e8re, aigu\u00eb et irradiante (\u00ab rage de dents \u00bb) ou chronique.<\/p>\n\n\n\n<p>Ce traitement est r\u00e9alis\u00e9 quand une dent ne peut plus \u00eatre gard\u00e9e vivante, parce qu\u2019elle est n\u00e9cros\u00e9e ou risque de le devenir.<\/p>\n<\/div><\/div>\n\n\n\n<div class=\"wp-block-media-text alignfull has-media-on-the-right is-image-fill\" style=\"grid-template-columns:auto 49%\"><figure class=\"wp-block-media-text__media\" style=\"background-image:url(https:\/\/dentistes-charron.fr\/wp-content\/uploads\/2022\/07\/endo-2.jpg);background-position:57.99999999999999% 67%\"><img loading=\"lazy\" decoding=\"async\" width=\"500\" height=\"490\" src=\"https:\/\/dentistes-charron.fr\/wp-content\/uploads\/2022\/07\/endo-2.jpg\" alt=\"\" class=\"wp-image-418 size-full\" srcset=\"https:\/\/dentistes-charron.fr\/wp-content\/uploads\/2022\/07\/endo-2.jpg 500w, https:\/\/dentistes-charron.fr\/wp-content\/uploads\/2022\/07\/endo-2-300x294.jpg 300w\" sizes=\"auto, (max-width: 500px) 100vw, 500px\" \/><\/figure><div class=\"wp-block-media-text__content\">\n<h3 class=\"wp-block-heading\">LE TRAITEMENT ENDODONTIQUE<\/h3>\n\n\n\n<p>En premier lieu, une radiographie est effectu\u00e9e permettant de visualiser la longueur et la forme des canaux \u00e0 traiter.<\/p>\n\n\n\n<p>Le traitement s\u2019effectue ensuite sous anesth\u00e9sie locale, en diff\u00e9rentes \u00e9tapes :<\/p>\n\n\n\n<p>&gt; \u00c9limination des tissus infect\u00e9s, ou susceptibles de l\u2019\u00eatre.<\/p>\n\n\n\n<p>&gt; Nettoyage des canaux et irrigation avec une solution d\u00e9sinfectante.<\/p>\n\n\n\n<p>&gt; S\u00e9chage du syst\u00e8me canalaire.<\/p>\n\n\n\n<p>&gt; Obturation canalaire.<\/p>\n\n\n\n<p>\u00c0 l\u2019issue du traitement la dent est reconstitu\u00e9e : avec une obturation si elle n\u2019est pas trop d\u00e9labr\u00e9e ou avec une reconstitution proth\u00e9tique. L\u2019\u00e9tanch\u00e9it\u00e9 obtenue permettra d\u2019\u00e9viter que la dent ne soit recolonis\u00e9e par des bact\u00e9ries.<\/p>\n<\/div><\/div>\n\n\n\n<div class=\"wp-block-media-text alignfull is-image-fill\" style=\"grid-template-columns:15% auto\"><figure class=\"wp-block-media-text__media\" style=\"background-image:url(https:\/\/dentistes-charron.fr\/wp-content\/uploads\/2022\/07\/dent.jpg);background-position:52% 44%\"><img loading=\"lazy\" decoding=\"async\" width=\"600\" height=\"600\" src=\"https:\/\/dentistes-charron.fr\/wp-content\/uploads\/2022\/07\/dent.jpg\" alt=\"\" class=\"wp-image-424 size-full\" srcset=\"https:\/\/dentistes-charron.fr\/wp-content\/uploads\/2022\/07\/dent.jpg 600w, https:\/\/dentistes-charron.fr\/wp-content\/uploads\/2022\/07\/dent-300x300.jpg 300w, https:\/\/dentistes-charron.fr\/wp-content\/uploads\/2022\/07\/dent-150x150.jpg 150w\" sizes=\"auto, (max-width: 600px) 100vw, 600px\" \/><\/figure><div class=\"wp-block-media-text__content\">\n<p class=\"has-medium-font-size\"> <\/p>\n\n\n\n<p>L\u2019endodontie est souvent un recours afin d\u2019\u00e9viter une extraction dentaire.<\/p>\n\n\n\n<p>Les soins endodontiques peuvent \u00eatre pr\u00e9c\u00e9d\u00e9s ou accompagn\u00e9s de traitements par antibiotiques.<\/p>\n\n\n\n<p>Les traitements endodontiques s\u2019effectuent dans tous les cabinets dentaires. Toutefois, des circonstances particuli\u00e8res ou des cas complexes peuvent inciter votre praticien \u00e0 d\u00e9l\u00e9guer ce soin \u00e0 un sp\u00e9cialiste.<\/p>\n<\/div><\/div>\n","protected":false},"excerpt":{"rendered":"<p>QUAND DOIT-ON AVOIR RECOURS AU TRAITEMENT ENDODONTIQUE ? Les maladies de l\u2019endodonte se manifestent par une inflammation au niveau des canaux dentaires qui contiennent la pulpe. Cette inflammation peut \u00eatre l\u00e9g\u00e8re, aigu\u00eb et irradiante (\u00ab rage de dents \u00bb) ou chronique. Ce traitement est r\u00e9alis\u00e9 quand une dent ne peut plus \u00eatre gard\u00e9e vivante, parce &hellip; <\/p>\n<p class=\"link-more\"><a href=\"https:\/\/dentistes-charron.fr\/?page_id=122\" class=\"more-link\">Lire la suite de<span class=\"screen-reader-text\">\u00ab\u00a0Endodontie\u00a0\u00bb<\/span><\/a><\/p>\n","protected":false},"author":1,"featured_media":0,"parent":0,"menu_order":0,"comment_status":"closed","ping_status":"closed","template":"","meta":{"_monsterinsights_skip_tracking":false,"_monsterinsights_sitenote_active":false,"_monsterinsights_sitenote_note":"","_monsterinsights_sitenote_category":0,"footnotes":""},"class_list":["post-122","page","type-page","status-publish","hentry"],"_links":{"self":[{"href":"https:\/\/dentistes-charron.fr\/index.php?rest_route=\/wp\/v2\/pages\/122","targetHints":{"allow":["GET"]}}],"collection":[{"href":"https:\/\/dentistes-charron.fr\/index.php?rest_route=\/wp\/v2\/pages"}],"about":[{"href":"https:\/\/dentistes-charron.fr\/index.php?rest_route=\/wp\/v2\/types\/page"}],"author":[{"embeddable":true,"href":"https:\/\/dentistes-charron.fr\/index.php?rest_route=\/wp\/v2\/users\/1"}],"replies":[{"embeddable":true,"href":"https:\/\/dentistes-charron.fr\/index.php?rest_route=%2Fwp%2Fv2%2Fcomments&post=122"}],"version-history":[{"count":14,"href":"https:\/\/dentistes-charron.fr\/index.php?rest_route=\/wp\/v2\/pages\/122\/revisions"}],"predecessor-version":[{"id":428,"href":"https:\/\/dentistes-charron.fr\/index.php?rest_route=\/wp\/v2\/pages\/122\/revisions\/428"}],"wp:attachment":[{"href":"https:\/\/dentistes-charron.fr\/index.php?rest_route=%2Fwp%2Fv2%2Fmedia&parent=122"}],"curies":[{"name":"wp","href":"https:\/\/api.w.org\/{rel}","templated":true}]}}