{"id":1077,"date":"2023-01-30T14:47:08","date_gmt":"2023-01-30T13:47:08","guid":{"rendered":"https:\/\/dentistes-charron.fr\/?page_id=1077"},"modified":"2023-01-30T17:07:15","modified_gmt":"2023-01-30T16:07:15","slug":"fiche-eclaircissement","status":"publish","type":"page","link":"https:\/\/dentistes-charron.fr\/?page_id=1077","title":{"rendered":"FICHE ECLAIRCISSEMENT"},"content":{"rendered":"\n<p>Au cours du premier rendez-vous, votre dentiste prend les empreintes de vos m\u00e2choires sup\u00e9rieure et inf\u00e9rieure. Celles-ci permettent la r\u00e9alisation des goutti\u00e8res dans lesquelles sera plac\u00e9 un gel d\u2019\u00e9claircissement dentaire.<\/p>\n\n\n\n<p>Lors de votre second rendez-vous, les goutti\u00e8res sont essay\u00e9es pour v\u00e9rifier leur ajustement et votre dentiste vous expliquera comment les remplir de gel, et quand l&rsquo;appliquer. Il vous remettra aussi des seringues de gel d\u2019\u00e9claircissement.<\/p>\n\n\n\n<figure class=\"wp-block-image aligncenter size-full\"><img loading=\"lazy\" decoding=\"async\" width=\"267\" height=\"170\" src=\"https:\/\/dentistes-charron.fr\/wp-content\/uploads\/2023\/01\/eclair.png\" alt=\"\" class=\"wp-image-1210\"\/><\/figure>\n\n\n\n<p>&nbsp;<br>Vous porterez votre goutti\u00e8re pendant votre sommeil au minimum 6 heures chaque nuit, pendant environ 1 mois.<\/p>\n\n\n\n<p>Les rendez-vous suivants, auront pour objet de contr\u00f4ler l\u2019\u00e9tat d\u2019avancement du traitement.     Les meilleurs r\u00e9sultats sont obtenus sur les dents l\u00e9g\u00e8rement teint\u00e9es. Les t\u00e2ches fonc\u00e9es, telles que celles caus\u00e9es par les antibiotiques, mettront plus de temps \u00e0 r\u00e9agir au traitement. Le degr\u00e9 d\u2019\u00e9claircissement varie d\u2019un patient \u00e0 l\u2019autre et selon la dur\u00e9e d\u2019utilisation du syst\u00e8me.<\/p>\n\n\n\n<p>&nbsp;<br>Pendant le traitement, vous pouvez ressentir des sensibilit\u00e9s. Ceci n\u2019est absolument pas dangereux. Il suffit d\u2019arr\u00eater le traitement pendant 1 ou 2 jours. Si les sensibilit\u00e9s reviennent et sont importantes \u00e0 la reprise du traitement, il existe un gel fluor\u00e9 \u00e0 porter en alternance avec le gel d\u2019\u00e9claircissement.<\/p>\n\n\n\n<p>Diff\u00e9rentes \u00e9tudes montrent que les techniques d\u2019\u00e9claircissement ne comportent aucun risque, lorsque le protocole est respect\u00e9.<\/p>\n","protected":false},"excerpt":{"rendered":"<p>Au cours du premier rendez-vous, votre dentiste prend les empreintes de vos m\u00e2choires sup\u00e9rieure et inf\u00e9rieure. Celles-ci permettent la r\u00e9alisation des goutti\u00e8res dans lesquelles sera plac\u00e9 un gel d\u2019\u00e9claircissement dentaire. Lors de votre second rendez-vous, les goutti\u00e8res sont essay\u00e9es pour v\u00e9rifier leur ajustement et votre dentiste vous expliquera comment les remplir de gel, et quand &hellip; <\/p>\n<p class=\"link-more\"><a href=\"https:\/\/dentistes-charron.fr\/?page_id=1077\" class=\"more-link\">Lire la suite de<span class=\"screen-reader-text\">\u00ab\u00a0FICHE ECLAIRCISSEMENT\u00a0\u00bb<\/span><\/a><\/p>\n","protected":false},"author":1,"featured_media":0,"parent":0,"menu_order":0,"comment_status":"closed","ping_status":"closed","template":"","meta":{"_monsterinsights_skip_tracking":false,"_monsterinsights_sitenote_active":false,"_monsterinsights_sitenote_note":"","_monsterinsights_sitenote_category":0,"footnotes":""},"class_list":["post-1077","page","type-page","status-publish","hentry"],"_links":{"self":[{"href":"https:\/\/dentistes-charron.fr\/index.php?rest_route=\/wp\/v2\/pages\/1077","targetHints":{"allow":["GET"]}}],"collection":[{"href":"https:\/\/dentistes-charron.fr\/index.php?rest_route=\/wp\/v2\/pages"}],"about":[{"href":"https:\/\/dentistes-charron.fr\/index.php?rest_route=\/wp\/v2\/types\/page"}],"author":[{"embeddable":true,"href":"https:\/\/dentistes-charron.fr\/index.php?rest_route=\/wp\/v2\/users\/1"}],"replies":[{"embeddable":true,"href":"https:\/\/dentistes-charron.fr\/index.php?rest_route=%2Fwp%2Fv2%2Fcomments&post=1077"}],"version-history":[{"count":5,"href":"https:\/\/dentistes-charron.fr\/index.php?rest_route=\/wp\/v2\/pages\/1077\/revisions"}],"predecessor-version":[{"id":1211,"href":"https:\/\/dentistes-charron.fr\/index.php?rest_route=\/wp\/v2\/pages\/1077\/revisions\/1211"}],"wp:attachment":[{"href":"https:\/\/dentistes-charron.fr\/index.php?rest_route=%2Fwp%2Fv2%2Fmedia&parent=1077"}],"curies":[{"name":"wp","href":"https:\/\/api.w.org\/{rel}","templated":true}]}}