{"id":1076,"date":"2023-01-30T14:47:07","date_gmt":"2023-01-30T13:47:07","guid":{"rendered":"https:\/\/dentistes-charron.fr\/?page_id=1076"},"modified":"2023-01-30T17:04:55","modified_gmt":"2023-01-30T16:04:55","slug":"fiche-probleme-maladie-parodontale","status":"publish","type":"page","link":"https:\/\/dentistes-charron.fr\/?page_id=1076","title":{"rendered":"FICHE PROBLEME MALADIE PARODONTALE"},"content":{"rendered":"\n<div class=\"wp-block-media-text alignwide has-media-on-the-right is-stacked-on-mobile\" style=\"grid-template-columns:auto 19%\"><div class=\"wp-block-media-text__content\">\n<p>La maladie parodontale (aussi appel\u00e9e parodontite et maladie des gencives) est une maladie progressive qui affecte les tissus de soutien des dents, ainsi que les tissus osseux sous-jacents. Si elle n&rsquo;est pas trait\u00e9e, la maladie parodontale peut conduire \u00e0 des dents mobiles et instables, et \u00e0 la perte des dents.<\/p>\n<\/div><figure class=\"wp-block-media-text__media\"><img loading=\"lazy\" decoding=\"async\" width=\"144\" height=\"161\" src=\"https:\/\/dentistes-charron.fr\/wp-content\/uploads\/2023\/01\/paro.png\" alt=\"\" class=\"wp-image-1205 size-full\"\/><\/figure><\/div>\n\n\n\n<p>Les principales maladies parodontales sont:<\/p>\n\n\n\n<p>La gingivite&nbsp;: c\u2019est l\u2019inflammation de la gencive autour des dents. Les bact\u00e9ries ou le tartre s&rsquo;accumulent dans les espaces entre la gencive et la dent. La gencive est alors rouge et gonfl\u00e9e, elle saigne spontan\u00e9ment ou lors du brossage des dents.<br>La gingivite est le premier stade de la maladie parodontale. Elle est souvent localis\u00e9e entre deux dents mais peut s\u2019\u00e9tendre et m\u00eame se g\u00e9n\u00e9raliser. Avec un traitement (d\u00e9tartrage associ\u00e9e \u00e0 des conseils d&rsquo;hygi\u00e8nes bucco-dentaire) cette pathologie est r\u00e9versible et sans s\u00e9quelle.<\/p>\n\n\n\n<p>La parodontite&nbsp;: c\u2019est une pathologie plus s\u00e9v\u00e8re qui d\u00e9t\u00e9riore la gencive et l\u2019os supportant les dents et qui, contrairement \u00e0 la gingivite, conduit \u00e0 une perte irr\u00e9versible de tissus autour des dents. &nbsp;<br>Les principaux signes sont des saignements gingivaux, un gonflement, le d\u00e9chaussement des dents, des d\u00e9placements dentaires et parfois une mauvaise haleine. Lorsque la maladie s\u2019aggrave, les dents deviennent mobiles.<br>Une parodontite non trait\u00e9e peut conduire \u00e0 la perte des dents.<\/p>\n\n\n\n<p>Plusieurs facteurs accentuent l\u2019\u00e9volution d\u2019une maladie parodontale : tabac, stress, d\u00e9r\u00e8glements hormonaux, diab\u00e8te, certains facteurs h\u00e9r\u00e9ditaires.<\/p>\n\n\n\n<figure class=\"wp-block-image size-full is-resized\"><img loading=\"lazy\" decoding=\"async\" src=\"https:\/\/dentistes-charron.fr\/wp-content\/uploads\/2023\/01\/parod.png\" alt=\"\" class=\"wp-image-1203\" width=\"839\" height=\"253\" srcset=\"https:\/\/dentistes-charron.fr\/wp-content\/uploads\/2023\/01\/parod.png 666w, https:\/\/dentistes-charron.fr\/wp-content\/uploads\/2023\/01\/parod-300x91.png 300w\" sizes=\"auto, (max-width: 839px) 100vw, 839px\" \/><\/figure>\n\n\n\n<p>Le traitement de la maladie parodontale consiste dans un premier temps \u00e0 rep\u00e9rer les<br>causes et les traiter, puis une nettoyage en profondeur des surfaces dentaires et des poches parodontales est r\u00e9alis\u00e9. Un contr\u00f4le r\u00e9gulier et une maintenance sont ensuite pr\u00e9conis\u00e9s.<\/p>\n\n\n\n<p>Une bonne technique de brossage des dents est le d\u00e9but de tout traitement parodontal. Il s&rsquo;agit surtout d&rsquo;agir pr\u00e9ventivement afin d&rsquo;\u00e9liminer la plaque bact\u00e9rienne des surfaces dentaires. En effet, une fois la maladie parodontale install\u00e9e, il devient tr\u00e8s difficile de se brosser correctement les dents car les gencives r\u00e9tract\u00e9es ne permettent pas d&rsquo;acc\u00e9der aux zones infect\u00e9es.<\/p>\n","protected":false},"excerpt":{"rendered":"<p>La maladie parodontale (aussi appel\u00e9e parodontite et maladie des gencives) est une maladie progressive qui affecte les tissus de soutien des dents, ainsi que les tissus osseux sous-jacents. Si elle n&rsquo;est pas trait\u00e9e, la maladie parodontale peut conduire \u00e0 des dents mobiles et instables, et \u00e0 la perte des dents. Les principales maladies parodontales sont: &hellip; <\/p>\n<p class=\"link-more\"><a href=\"https:\/\/dentistes-charron.fr\/?page_id=1076\" class=\"more-link\">Lire la suite de<span class=\"screen-reader-text\">\u00ab\u00a0FICHE PROBLEME MALADIE PARODONTALE\u00a0\u00bb<\/span><\/a><\/p>\n","protected":false},"author":1,"featured_media":0,"parent":0,"menu_order":0,"comment_status":"closed","ping_status":"closed","template":"","meta":{"_monsterinsights_skip_tracking":false,"_monsterinsights_sitenote_active":false,"_monsterinsights_sitenote_note":"","_monsterinsights_sitenote_category":0,"footnotes":""},"class_list":["post-1076","page","type-page","status-publish","hentry"],"_links":{"self":[{"href":"https:\/\/dentistes-charron.fr\/index.php?rest_route=\/wp\/v2\/pages\/1076","targetHints":{"allow":["GET"]}}],"collection":[{"href":"https:\/\/dentistes-charron.fr\/index.php?rest_route=\/wp\/v2\/pages"}],"about":[{"href":"https:\/\/dentistes-charron.fr\/index.php?rest_route=\/wp\/v2\/types\/page"}],"author":[{"embeddable":true,"href":"https:\/\/dentistes-charron.fr\/index.php?rest_route=\/wp\/v2\/users\/1"}],"replies":[{"embeddable":true,"href":"https:\/\/dentistes-charron.fr\/index.php?rest_route=%2Fwp%2Fv2%2Fcomments&post=1076"}],"version-history":[{"count":4,"href":"https:\/\/dentistes-charron.fr\/index.php?rest_route=\/wp\/v2\/pages\/1076\/revisions"}],"predecessor-version":[{"id":1206,"href":"https:\/\/dentistes-charron.fr\/index.php?rest_route=\/wp\/v2\/pages\/1076\/revisions\/1206"}],"wp:attachment":[{"href":"https:\/\/dentistes-charron.fr\/index.php?rest_route=%2Fwp%2Fv2%2Fmedia&parent=1076"}],"curies":[{"name":"wp","href":"https:\/\/api.w.org\/{rel}","templated":true}]}}