{"id":1074,"date":"2023-01-30T14:47:07","date_gmt":"2023-01-30T13:47:07","guid":{"rendered":"https:\/\/dentistes-charron.fr\/?page_id=1074"},"modified":"2023-01-30T16:52:40","modified_gmt":"2023-01-30T15:52:40","slug":"fiche-probleme-edentements","status":"publish","type":"page","link":"https:\/\/dentistes-charron.fr\/?page_id=1074","title":{"rendered":"FICHE PROBLEME EDENTEMENTS"},"content":{"rendered":"\n<p><strong>Pourquoi remplacer les dents manquantes ?<\/strong><\/p>\n\n\n\n<p>La dentition adulte comprend un total de 32 dents. Ceci constitue un ensemble stable qui favorise entre autres une bonne mastication et facilite l\u2019\u00e9locution. La perte d\u2019une pi\u00e8ce de cet ensemble va entra\u00eener des perturbations non n\u00e9gligeables.<\/p>\n\n\n\n<p>Nos dents se maintiennent en place gr\u00e2ce \u00e0 leurs voisines. Les dents situ\u00e9es en face ou autour de la dent manquante vont commencer \u00e0 bouger: on parle d&rsquo;\u00e9gression (la dent de l\u2019arcade dentaire antagoniste va descendre ou monter selon l\u2019arcade) ou de version (les dents bordant la dent manquante vont venir s\u2019incliner pour combler l\u2019espace).<\/p>\n\n\n\n<figure class=\"wp-block-image aligncenter size-full\"><img loading=\"lazy\" decoding=\"async\" width=\"219\" height=\"172\" src=\"https:\/\/dentistes-charron.fr\/wp-content\/uploads\/2023\/01\/edentement.png\" alt=\"\" class=\"wp-image-1184\"\/><\/figure>\n\n\n\n<p><strong>Quelles sont les cons\u00e9quences ?<\/strong><\/p>\n\n\n\n<p>Un risque accru de d\u00e9velopper des caries ou des maladies de gencives<\/p>\n\n\n\n<p>En effet, toutes ces modifications rendent le brossage difficile. Les bact\u00e9ries s&rsquo;accumulent et peuvent causer des caries ou des inflammations de la gencive.<\/p>\n\n\n\n<p class=\"has-text-align-left\"><strong>Des difficult\u00e9s masticatoires<\/strong><\/p>\n\n\n\n<p class=\"has-text-align-left\">La dent oppos\u00e9e \u00e0 celle manquante ne peut plus s\u2019appuyer pour soutenir la mastication,<br>Le risque de causer des dommages aux autres dents augmente. Les dents vieillissent pr\u00e9matur\u00e9ment et se fragilisent.<\/p>\n\n\n\n<p class=\"has-text-align-left\">Une mauvaise mastication entra\u00eene \u00e9galement une mauvaise digestion. La mastication est en effet l&rsquo;\u00e9tape essentielle de la digestion, puisqu&rsquo;elle r\u00e9duit les aliments en de petits morceaux impr\u00e9gn\u00e9s de salive afin de constituer le bol alimentaire.<\/p>\n\n\n\n<p class=\"has-text-align-left\">Le d\u00e9s\u00e9quilibre de la mastication provoqu\u00e9 par l\u2019absence d\u2019une ou de plusieurs dents peut entra\u00eener par ailleurs des troubles de l\u2019articulation de la m\u00e2choire.<\/p>\n\n\n\n<p class=\"has-text-align-left\"><strong>Une fonte osseuse<\/strong><\/p>\n\n\n\n<p class=\"has-text-align-left\">Au fil du temps, l&rsquo;os non stimul\u00e9 \u00e0 l&rsquo;endroit de la dent manquante va se r\u00e9sorber, il sera alors plus difficile de remplacer la dent.<\/p>\n\n\n\n<p class=\"has-text-align-left\"><strong>Un pr\u00e9judice esth\u00e9tique<\/strong><\/p>\n\n\n\n<p class=\"has-text-align-left\">Le pr\u00e9judice esth\u00e9tique est \u00e9vident lorsque la dent absente se situe en ant\u00e9rieur, mais lorsque les dents du fond disparaissent, le visage s&rsquo;affaisse et vieillit pr\u00e9matur\u00e9ment.<\/p>\n\n\n\n<p class=\"has-text-align-left\">Pour \u00e9viter ces probl\u00e8mes, il convient de remplacer la dent manquante au plus t\u00f4t. Divers traitements existent : bridges, implants, proth\u00e8ses amovibles. L&rsquo;important est de les envisager au plus t\u00f4t.<\/p>\n","protected":false},"excerpt":{"rendered":"<p>Pourquoi remplacer les dents manquantes ? La dentition adulte comprend un total de 32 dents. Ceci constitue un ensemble stable qui favorise entre autres une bonne mastication et facilite l\u2019\u00e9locution. La perte d\u2019une pi\u00e8ce de cet ensemble va entra\u00eener des perturbations non n\u00e9gligeables. Nos dents se maintiennent en place gr\u00e2ce \u00e0 leurs voisines. Les dents &hellip; <\/p>\n<p class=\"link-more\"><a href=\"https:\/\/dentistes-charron.fr\/?page_id=1074\" class=\"more-link\">Lire la suite de<span class=\"screen-reader-text\">\u00ab\u00a0FICHE PROBLEME EDENTEMENTS\u00a0\u00bb<\/span><\/a><\/p>\n","protected":false},"author":1,"featured_media":0,"parent":0,"menu_order":0,"comment_status":"closed","ping_status":"closed","template":"","meta":{"_monsterinsights_skip_tracking":false,"_monsterinsights_sitenote_active":false,"_monsterinsights_sitenote_note":"","_monsterinsights_sitenote_category":0,"footnotes":""},"class_list":["post-1074","page","type-page","status-publish","hentry"],"_links":{"self":[{"href":"https:\/\/dentistes-charron.fr\/index.php?rest_route=\/wp\/v2\/pages\/1074","targetHints":{"allow":["GET"]}}],"collection":[{"href":"https:\/\/dentistes-charron.fr\/index.php?rest_route=\/wp\/v2\/pages"}],"about":[{"href":"https:\/\/dentistes-charron.fr\/index.php?rest_route=\/wp\/v2\/types\/page"}],"author":[{"embeddable":true,"href":"https:\/\/dentistes-charron.fr\/index.php?rest_route=\/wp\/v2\/users\/1"}],"replies":[{"embeddable":true,"href":"https:\/\/dentistes-charron.fr\/index.php?rest_route=%2Fwp%2Fv2%2Fcomments&post=1074"}],"version-history":[{"count":7,"href":"https:\/\/dentistes-charron.fr\/index.php?rest_route=\/wp\/v2\/pages\/1074\/revisions"}],"predecessor-version":[{"id":1189,"href":"https:\/\/dentistes-charron.fr\/index.php?rest_route=\/wp\/v2\/pages\/1074\/revisions\/1189"}],"wp:attachment":[{"href":"https:\/\/dentistes-charron.fr\/index.php?rest_route=%2Fwp%2Fv2%2Fmedia&parent=1074"}],"curies":[{"name":"wp","href":"https:\/\/api.w.org\/{rel}","templated":true}]}}