{"id":1073,"date":"2023-01-30T14:47:07","date_gmt":"2023-01-30T13:47:07","guid":{"rendered":"https:\/\/dentistes-charron.fr\/?page_id=1073"},"modified":"2023-01-30T16:46:50","modified_gmt":"2023-01-30T15:46:50","slug":"fiche-probleme-carie","status":"publish","type":"page","link":"https:\/\/dentistes-charron.fr\/?page_id=1073","title":{"rendered":"FICHE PROBLEME CARIE"},"content":{"rendered":"\n<p>La carie est une maladie infectieuse d\u2019origine bact\u00e9rienne qui d\u00e9truit progressivement la dent par d\u00e9min\u00e9ralisation de ses tissus durs. Elle \u00e9volue toujours de l\u2019ext\u00e9rieur vers l\u2019int\u00e9rieur de la dent en formant une cavit\u00e9.<\/p>\n\n\n\n<figure class=\"wp-block-image aligncenter size-full\"><img loading=\"lazy\" decoding=\"async\" width=\"140\" height=\"152\" src=\"https:\/\/dentistes-charron.fr\/wp-content\/uploads\/2023\/01\/la-carie.png\" alt=\"\" class=\"wp-image-1180\"\/><\/figure>\n\n\n\n<p>La carie se d\u00e9veloppe par l\u2019interaction de 4 facteurs :<\/p>\n\n\n\n<ul class=\"wp-block-list\">\n<li>La plaque dentaire bact\u00e9rienne: c\u2019est un enduit mou et collant qui se forme sur la surface des dents \u00e0 la suite des repas. Les bact\u00e9ries de la plaque dentaire (Streptocoques Mutans, Lactobacilles) se \u00ab nourrissent \u00bb des glucides contenus dans les aliments et produisent des acides qui agressent l\u2019\u00e9mail des dents.<\/li>\n\n\n\n<li>Le terrain. Les dents dont l\u2019\u00e9mail est mince ou mal min\u00e9ralis\u00e9, r\u00e9sisteront moins bien aux acides de la plaque bact\u00e9rienne. Des dents dont les reliefs sont accentu\u00e9s, ou des dents mal positionn\u00e9es, retiendront plus facilement les d\u00e9bris alimentaires et favoriseront ainsi l\u2019accumulation de la plaque dentaire.<\/li>\n\n\n\n<li>L\u2019alimentation. Riche en acide, elle favorisera la d\u00e9min\u00e9ralisation de l\u2019\u00e9mail. L\u2019alimentation riche en sucres favorisera le d\u00e9veloppement de la plaque dentaire.<\/li>\n\n\n\n<li>Le temps. Chaque fois que les trois facteurs (terrain, aliments et plaque dentaire) sont en contact, il y a risque pour les dents. M\u00eame si les agressions sont quotidiennes, la carie met un certain temps \u00e0 se d\u00e9velopper. Les 4 stades de la carie:<\/li>\n<\/ul>\n\n\n\n<ol class=\"wp-block-list\">\n<li>Destruction de l\u2019\u00e9mail: A ce stade, la carie est totalement indolore.<\/li>\n\n\n\n<li>Dentine agress\u00e9e: La dent est sensible au froid, au chaud, au sucr\u00e9 et \u00e0 l\u2019acide.<\/li>\n\n\n\n<li>Atteinte de la pulpe: De violentes douleurs peuvent apparaitre, spontan\u00e9es ou provoqu\u00e9es<br>par le chaud et le froid.<\/li>\n\n\n\n<li>Formation d\u2019un abc\u00e8s: La prolif\u00e9ration bact\u00e9rienne atteint les tissus autour de la dent (os,<br>ligament, gencive).<\/li>\n<\/ol>\n\n\n\n<figure class=\"wp-block-image aligncenter size-full is-resized\"><img loading=\"lazy\" decoding=\"async\" src=\"https:\/\/dentistes-charron.fr\/wp-content\/uploads\/2023\/01\/evolution-carie.png\" alt=\"\" class=\"wp-image-1177\" width=\"900\" height=\"247\" srcset=\"https:\/\/dentistes-charron.fr\/wp-content\/uploads\/2023\/01\/evolution-carie.png 653w, https:\/\/dentistes-charron.fr\/wp-content\/uploads\/2023\/01\/evolution-carie-300x82.png 300w\" sizes=\"auto, (max-width: 900px) 100vw, 900px\" \/><\/figure>\n\n\n\n<p>Le fluor<br>En pr\u00e9sence durable de fluor, l\u2019\u00e9mail des dents se renforce et devient plus r\u00e9sistant. De plus le fluor ralentit la formation de la plaque dentaire, g\u00eane la digestion des sucres par les bact\u00e9ries et perturbe la reproduction des microbes, le fluor est donc essentiel dans la lutte contre les caries dentaires.<\/p>\n\n\n\n<p>D\u00e8s 6 mois et jusqu\u2019\u00e0 3 ans: dentifrice dos\u00e9 \u00e0 500 ppm (trace de dentifrice dans la largeur de la brosse \u00e0 dents).<br>Entre 3 et 6 ans: 1 000 ppm (petit pois de dentifrice).<br>D\u00e8s 6 ans, le dentifrice doit contenir de 1 000 \u00e0 1 450 ppm de fluor.<\/p>\n\n\n\n<figure class=\"wp-block-image alignright size-full\"><img loading=\"lazy\" decoding=\"async\" width=\"168\" height=\"153\" src=\"https:\/\/dentistes-charron.fr\/wp-content\/uploads\/2023\/01\/dent.png\" alt=\"\" class=\"wp-image-1178\"\/><\/figure>\n","protected":false},"excerpt":{"rendered":"<p>La carie est une maladie infectieuse d\u2019origine bact\u00e9rienne qui d\u00e9truit progressivement la dent par d\u00e9min\u00e9ralisation de ses tissus durs. Elle \u00e9volue toujours de l\u2019ext\u00e9rieur vers l\u2019int\u00e9rieur de la dent en formant une cavit\u00e9. La carie se d\u00e9veloppe par l\u2019interaction de 4 facteurs : Le fluorEn pr\u00e9sence durable de fluor, l\u2019\u00e9mail des dents se renforce et &hellip; <\/p>\n<p class=\"link-more\"><a href=\"https:\/\/dentistes-charron.fr\/?page_id=1073\" class=\"more-link\">Lire la suite de<span class=\"screen-reader-text\">\u00ab\u00a0FICHE PROBLEME CARIE\u00a0\u00bb<\/span><\/a><\/p>\n","protected":false},"author":1,"featured_media":0,"parent":0,"menu_order":0,"comment_status":"closed","ping_status":"closed","template":"","meta":{"_monsterinsights_skip_tracking":false,"_monsterinsights_sitenote_active":false,"_monsterinsights_sitenote_note":"","_monsterinsights_sitenote_category":0,"footnotes":""},"class_list":["post-1073","page","type-page","status-publish","hentry"],"_links":{"self":[{"href":"https:\/\/dentistes-charron.fr\/index.php?rest_route=\/wp\/v2\/pages\/1073","targetHints":{"allow":["GET"]}}],"collection":[{"href":"https:\/\/dentistes-charron.fr\/index.php?rest_route=\/wp\/v2\/pages"}],"about":[{"href":"https:\/\/dentistes-charron.fr\/index.php?rest_route=\/wp\/v2\/types\/page"}],"author":[{"embeddable":true,"href":"https:\/\/dentistes-charron.fr\/index.php?rest_route=\/wp\/v2\/users\/1"}],"replies":[{"embeddable":true,"href":"https:\/\/dentistes-charron.fr\/index.php?rest_route=%2Fwp%2Fv2%2Fcomments&post=1073"}],"version-history":[{"count":4,"href":"https:\/\/dentistes-charron.fr\/index.php?rest_route=\/wp\/v2\/pages\/1073\/revisions"}],"predecessor-version":[{"id":1181,"href":"https:\/\/dentistes-charron.fr\/index.php?rest_route=\/wp\/v2\/pages\/1073\/revisions\/1181"}],"wp:attachment":[{"href":"https:\/\/dentistes-charron.fr\/index.php?rest_route=%2Fwp%2Fv2%2Fmedia&parent=1073"}],"curies":[{"name":"wp","href":"https:\/\/api.w.org\/{rel}","templated":true}]}}