{"id":1072,"date":"2023-01-30T14:47:07","date_gmt":"2023-01-30T13:47:07","guid":{"rendered":"https:\/\/dentistes-charron.fr\/?page_id=1072"},"modified":"2023-01-30T16:33:55","modified_gmt":"2023-01-30T15:33:55","slug":"conseil-hygiene-bucco-dentaire","status":"publish","type":"page","link":"https:\/\/dentistes-charron.fr\/?page_id=1072","title":{"rendered":"CONSEIL HYGIENE BUCCO DENTAIRE"},"content":{"rendered":"\n<div class=\"wp-block-media-text alignwide is-stacked-on-mobile\" style=\"grid-template-columns:21% auto\"><figure class=\"wp-block-media-text__media\"><img loading=\"lazy\" decoding=\"async\" width=\"189\" height=\"192\" src=\"https:\/\/dentistes-charron.fr\/wp-content\/uploads\/2023\/01\/image.png\" alt=\"\" class=\"wp-image-1161 size-full\"\/><\/figure><div class=\"wp-block-media-text__content\">\n<p>D\u00e8s le plus jeune \u00e2ge, il est important de s&rsquo;habituer \u00e0 une bonne hygi\u00e8ne bucco-dentaire dans le but d\u2019\u00e9liminer la plaque dentaire qui contient des bact\u00e9ries \u00e0 l\u2019origine des caries, et d\u2019apporter du fluor pour remin\u00e9raliser l&rsquo;\u00e9mail des dents.<\/p>\n<\/div><\/div>\n\n\n\n<p>A Retenir:<\/p>\n\n\n\n<p>-brossage MATIN et SOIR minimun, avec une brosse \u00e0 dent manuelle (\u00e0 poils souples) ou \u00e9lectrique selon les recommandations de votre dentiste<\/p>\n\n\n\n<p>-pendant au moins 2 minutes<\/p>\n\n\n\n<p>-nettoyage des espaces interdentaire \u00e0 l&rsquo;aide de brossettes ou d\u2019un fil dentaire<\/p>\n\n\n\n<p>-utilisation d\u2019un dentifrice au fluor (adapt\u00e9 \u00e0 l\u2019\u00e2ge)<\/p>\n\n\n\n<figure class=\"wp-block-image size-full is-resized\"><img loading=\"lazy\" decoding=\"async\" src=\"https:\/\/dentistes-charron.fr\/wp-content\/uploads\/2023\/01\/matier-fluo.png\" alt=\"\" class=\"wp-image-1163\" width=\"842\" height=\"546\" srcset=\"https:\/\/dentistes-charron.fr\/wp-content\/uploads\/2023\/01\/matier-fluo.png 726w, https:\/\/dentistes-charron.fr\/wp-content\/uploads\/2023\/01\/matier-fluo-300x195.png 300w\" sizes=\"auto, (max-width: 842px) 100vw, 842px\" \/><\/figure>\n\n\n\n<p><\/p>\n\n\n\n<p><\/p>\n","protected":false},"excerpt":{"rendered":"<p>D\u00e8s le plus jeune \u00e2ge, il est important de s&rsquo;habituer \u00e0 une bonne hygi\u00e8ne bucco-dentaire dans le but d\u2019\u00e9liminer la plaque dentaire qui contient des bact\u00e9ries \u00e0 l\u2019origine des caries, et d\u2019apporter du fluor pour remin\u00e9raliser l&rsquo;\u00e9mail des dents. A Retenir: -brossage MATIN et SOIR minimun, avec une brosse \u00e0 dent manuelle (\u00e0 poils souples) &hellip; <\/p>\n<p class=\"link-more\"><a href=\"https:\/\/dentistes-charron.fr\/?page_id=1072\" class=\"more-link\">Lire la suite de<span class=\"screen-reader-text\">\u00ab\u00a0CONSEIL HYGIENE BUCCO DENTAIRE\u00a0\u00bb<\/span><\/a><\/p>\n","protected":false},"author":1,"featured_media":0,"parent":0,"menu_order":0,"comment_status":"closed","ping_status":"closed","template":"","meta":{"_monsterinsights_skip_tracking":false,"_monsterinsights_sitenote_active":false,"_monsterinsights_sitenote_note":"","_monsterinsights_sitenote_category":0,"footnotes":""},"class_list":["post-1072","page","type-page","status-publish","hentry"],"_links":{"self":[{"href":"https:\/\/dentistes-charron.fr\/index.php?rest_route=\/wp\/v2\/pages\/1072","targetHints":{"allow":["GET"]}}],"collection":[{"href":"https:\/\/dentistes-charron.fr\/index.php?rest_route=\/wp\/v2\/pages"}],"about":[{"href":"https:\/\/dentistes-charron.fr\/index.php?rest_route=\/wp\/v2\/types\/page"}],"author":[{"embeddable":true,"href":"https:\/\/dentistes-charron.fr\/index.php?rest_route=\/wp\/v2\/users\/1"}],"replies":[{"embeddable":true,"href":"https:\/\/dentistes-charron.fr\/index.php?rest_route=%2Fwp%2Fv2%2Fcomments&post=1072"}],"version-history":[{"count":9,"href":"https:\/\/dentistes-charron.fr\/index.php?rest_route=\/wp\/v2\/pages\/1072\/revisions"}],"predecessor-version":[{"id":1165,"href":"https:\/\/dentistes-charron.fr\/index.php?rest_route=\/wp\/v2\/pages\/1072\/revisions\/1165"}],"wp:attachment":[{"href":"https:\/\/dentistes-charron.fr\/index.php?rest_route=%2Fwp%2Fv2%2Fmedia&parent=1072"}],"curies":[{"name":"wp","href":"https:\/\/api.w.org\/{rel}","templated":true}]}}