{"id":1071,"date":"2023-01-30T14:47:07","date_gmt":"2023-01-30T13:47:07","guid":{"rendered":"https:\/\/dentistes-charron.fr\/?page_id=1071"},"modified":"2023-01-30T16:40:49","modified_gmt":"2023-01-30T15:40:49","slug":"conseil-post-op-chirurgie","status":"publish","type":"page","link":"https:\/\/dentistes-charron.fr\/?page_id=1071","title":{"rendered":"CONSEIL POST-OP CHIRURGIE"},"content":{"rendered":"\n<p>Vous venez de subir une INTERVENTION de CHIRURGIE BUCCALE.<\/p>\n\n\n\n<p>Dans les prochaines heures, diff\u00e9rents ph\u00e9nom\u00e8nes peuvent apparaitre :<\/p>\n\n\n\n<ul class=\"wp-block-list\">\n<li>un l\u00e9ger saignement peut persister pendant les 24 premi\u00e8res heures. En cas de saignement important, placez directement sur l&rsquo;endroit qui saigne une ou deux compresses de gaze et maintenez-la sous pression ferme pendant au moins 30 minutes (restez en position assise).<\/li>\n\n\n\n<li>un gonflement dans la zone op\u00e9r\u00e9e peut apparaitre. Pour limiter ce ph\u00e9nom\u00e8ne, il est conseill\u00e9 d&rsquo;appliquer sur le visage en regard de la zone op\u00e9r\u00e9e, un sac de glace pendant 10 minutes toutes les demi-heures, pendant les premi\u00e8res heures suivant l&rsquo;intervention ( n&rsquo;utilisez pas de compresses chaudes ).<\/li>\n\n\n\n<li>un h\u00e9matome peut apparaitre. Celui-ci disparaitra dans les 5 jours.<\/li>\n\n\n\n<li>une douleur ainsi qu&rsquo;une l\u00e9g\u00e8re difficult\u00e9 \u00e0 ouvrir la bouche. L&rsquo;intensit\u00e9 de la douleur est tr\u00e8s variable d\u2019ne personne \u00e0 l&rsquo;autre et selon la nature de l&rsquo;intervention. Des m\u00e9dicaments vous ont \u00e9t\u00e9 prescrits pour lutter contre la douleur, utilisez-les selon la prescription. Ne laissez pas la douleur s&rsquo;installer, il faut toujours la pr\u00e9venir.<\/li>\n<\/ul>\n\n\n\n<p>Quelques pr\u00e9cautions sont n\u00e9cessaires pour \u00e9viter les complications et assurer une cicatrisation rapide:<\/p>\n\n\n\n<figure class=\"wp-block-image aligncenter is-resized\"><img loading=\"lazy\" decoding=\"async\" src=\"https:\/\/dentistes-charron.fr\/wp-content\/uploads\/2023\/01\/medicament.jpg\" alt=\"\" class=\"wp-image-1169\" width=\"233\" height=\"167\" srcset=\"https:\/\/dentistes-charron.fr\/wp-content\/uploads\/2023\/01\/medicament.jpg 800w, https:\/\/dentistes-charron.fr\/wp-content\/uploads\/2023\/01\/medicament-300x215.jpg 300w, https:\/\/dentistes-charron.fr\/wp-content\/uploads\/2023\/01\/medicament-768x549.jpg 768w\" sizes=\"auto, (max-width: 233px) 100vw, 233px\" \/><\/figure>\n\n\n\n<ul class=\"wp-block-list\">\n<li>Suivez la prescription des m\u00e9dicaments. Ne prenez pas d&rsquo;aspirine ou tout m\u00e9dicament en contenant.<br>Les antibiotiques permettent de lutter contre une infection \u00e9ventuelle ou install\u00e9e. Ils doivent \u00eatre pris tout au long de la dur\u00e9e de l&rsquo;ordonnance pour ne pas cr\u00e9er de r\u00e9sistance \u00e0 la mol\u00e9cule.<br>Les antalgiques permettent de lutter contre la douleur.<br>Les bains de bouche sont prescrits pour une maintenir une propret\u00e9 des plaies.<\/li>\n\n\n\n<li>Poursuivez le brossage des dents et gencives comme \u00e0 l&rsquo;accoutum\u00e9e, en \u00e9vitant le lieu de l&rsquo;intervention pendant 2 jours.<\/li>\n\n\n\n<li>Evitez les boissons et les aliments trop chauds le jour m\u00eame et le lendemain.<\/li>\n\n\n\n<li>Ne pas fumer pendant 7 jours sous peine de douleurs intenses.<\/li>\n\n\n\n<li>Evitez tout mouvement de succion et d&rsquo;exploration de la plaie avec la langue ou les doigts.<\/li>\n\n\n\n<li>Evitez les bains de bouche pendant les 12 \u00e0 24 heures suivant l&rsquo;intervention.<\/li>\n\n\n\n<li>Ne pas cracher. En effet cela risquerait d&rsquo;expulser le caillot cicatriciel.<\/li>\n\n\n\n<li>Ne pas conduire de v\u00e9hicule \u00e0 moteur, ne pas se livrer \u00e0 une activit\u00e9 physique intense, se reposer.<\/li>\n<\/ul>\n\n\n\n<p class=\"has-text-color\" style=\"color:#fb0505\"><strong>Si la DOULEUR, le GONFLEMENT, L\u2019HEMATOME post-op\u00e9ratoires \u00e9taient toutefois tr\u00e8s marqu\u00e9s et en cas des probl\u00e8mes particuliers, N&rsquo;HESITEZ PAS \u00e0 me CONTACTER \u00e0 mon cabinet.<\/strong><\/p>\n","protected":false},"excerpt":{"rendered":"<p>Vous venez de subir une INTERVENTION de CHIRURGIE BUCCALE. Dans les prochaines heures, diff\u00e9rents ph\u00e9nom\u00e8nes peuvent apparaitre : Quelques pr\u00e9cautions sont n\u00e9cessaires pour \u00e9viter les complications et assurer une cicatrisation rapide: Si la DOULEUR, le GONFLEMENT, L\u2019HEMATOME post-op\u00e9ratoires \u00e9taient toutefois tr\u00e8s marqu\u00e9s et en cas des probl\u00e8mes particuliers, N&rsquo;HESITEZ PAS \u00e0 me CONTACTER \u00e0 mon &hellip; <\/p>\n<p class=\"link-more\"><a href=\"https:\/\/dentistes-charron.fr\/?page_id=1071\" class=\"more-link\">Lire la suite de<span class=\"screen-reader-text\">\u00ab\u00a0CONSEIL POST-OP CHIRURGIE\u00a0\u00bb<\/span><\/a><\/p>\n","protected":false},"author":1,"featured_media":0,"parent":0,"menu_order":0,"comment_status":"closed","ping_status":"closed","template":"","meta":{"_monsterinsights_skip_tracking":false,"_monsterinsights_sitenote_active":false,"_monsterinsights_sitenote_note":"","_monsterinsights_sitenote_category":0,"footnotes":""},"class_list":["post-1071","page","type-page","status-publish","hentry"],"_links":{"self":[{"href":"https:\/\/dentistes-charron.fr\/index.php?rest_route=\/wp\/v2\/pages\/1071","targetHints":{"allow":["GET"]}}],"collection":[{"href":"https:\/\/dentistes-charron.fr\/index.php?rest_route=\/wp\/v2\/pages"}],"about":[{"href":"https:\/\/dentistes-charron.fr\/index.php?rest_route=\/wp\/v2\/types\/page"}],"author":[{"embeddable":true,"href":"https:\/\/dentistes-charron.fr\/index.php?rest_route=\/wp\/v2\/users\/1"}],"replies":[{"embeddable":true,"href":"https:\/\/dentistes-charron.fr\/index.php?rest_route=%2Fwp%2Fv2%2Fcomments&post=1071"}],"version-history":[{"count":6,"href":"https:\/\/dentistes-charron.fr\/index.php?rest_route=\/wp\/v2\/pages\/1071\/revisions"}],"predecessor-version":[{"id":1174,"href":"https:\/\/dentistes-charron.fr\/index.php?rest_route=\/wp\/v2\/pages\/1071\/revisions\/1174"}],"wp:attachment":[{"href":"https:\/\/dentistes-charron.fr\/index.php?rest_route=%2Fwp%2Fv2%2Fmedia&parent=1071"}],"curies":[{"name":"wp","href":"https:\/\/api.w.org\/{rel}","templated":true}]}}