{"id":1070,"date":"2023-01-30T14:47:06","date_gmt":"2023-01-30T13:47:06","guid":{"rendered":"https:\/\/dentistes-charron.fr\/?page_id=1070"},"modified":"2024-01-19T16:11:04","modified_gmt":"2024-01-19T15:11:04","slug":"conseil-prothese-amovible-2","status":"publish","type":"page","link":"https:\/\/dentistes-charron.fr\/?page_id=1070","title":{"rendered":"CONSEIL PROTHESE AMOVIBLE"},"content":{"rendered":"\n<figure class=\"wp-block-image alignleft\"><img loading=\"lazy\" decoding=\"async\" width=\"138\" height=\"133\" src=\"https:\/\/dentistes-charron.fr\/wp-content\/uploads\/2023\/01\/APP-AMOVIBLE-6.png\" alt=\"\" class=\"wp-image-1195\"\/><\/figure>\n\n\n\n<p class=\"has-medium-font-size\"><mark style=\"background-color:rgba(0, 0, 0, 0);color:#f82323\" class=\"has-inline-color\">Recommandations pour l\u2019entretien de votre appareil dentaire<\/mark><\/p>\n\n\n\n<p class=\"has-medium-font-size\"><strong><em><mark style=\"background-color:rgba(0, 0, 0, 0);color:#000000\" class=\"has-inline-color\">Les premiers jours<\/mark><\/em><\/strong><\/p>\n\n\n\n<p>L\u2019appareil peut vous sembler encombrant, vous pouvez avoir des naus\u00e9es, votre salive peut \u00eatre plus abondante ou vous pouvez ressentir des difficult\u00e9s \u00e0 parler. Cependant, tous ces petits soucis sont passagers et disparaissent avec le temps. C\u2019est pourquoi il est recommand\u00e9 de porter votre appareil <strong>progressivement et \u00e0 votre rythme jusqu&rsquo;\u00e0 sa compl\u00e8te adaptation.<\/strong><\/p>\n\n\n\n<p>Par d\u00e9finition, une proth\u00e8se amovible n\u2019est pas fix\u00e9e. Il est donc normal de ressentir des micro-mouvements lors de la mastication. Ces sensations peuvent disparaitre au fur et \u00e0 mesure de l\u2019adaptation de votre proth\u00e8se. Toutefois, si elles persistent et vous g\u00eanent, de la colle adh\u00e9sive est disponible en grande surface ou pharmacie pour stabiliser et am\u00e9liorer l\u2019effet ventouse.<\/p>\n\n\n\n<p>Si une douleur avec une petite blessure type aphte appara\u00eet dans les premiers jours de l\u2019adaptation, une retouche simple par votre praticien r\u00e9soudra le probl\u00e8me.<\/p>\n\n\n\n<p class=\"has-medium-font-size\"><strong><em>Les repas<\/em><\/strong><\/p>\n\n\n\n<p>Au d\u00e9but, privil\u00e9giez une alimentation facile \u00e0 m\u00e2cher. Au fur et \u00e0 mesure de l\u2019adaptation, votre efficacit\u00e9 masticatoire s\u2019am\u00e9liorera.<\/p>\n\n\n\n<p class=\"has-medium-font-size\"><strong><em>Le nettoyage<\/em><\/strong><\/p>\n\n\n\n<p>Apr\u00e8s chaque repas, retirez votre proth\u00e8se et brossez-la avec une brosse sp\u00e9cifique et du liquide vaisselle. Aucun d\u00e9p\u00f4t ne doit subsister.<\/p>\n\n\n\n<p>N&rsquo;oubliez pas de brosser \u00e9galement les dents restantes et les surfaces muqueuses sur lesquelles s\u2019appuie la proth\u00e8se avec du dentifrice et une brosse \u00e0 dent souple.<\/p>\n\n\n\n<p>Faites tremper votre appareil 1 fois par semaine dans un verre d\u2019eau avec une pastille effervescente sp\u00e9cifique (type polident, fixodent ou corega). Veillez \u00e0 bien respecter le temps de trempage du mode d\u2019emploi. Ensuite bien rincer l\u2019appareil pour ne laisser aucune trace de produit avant de remettre votre proth\u00e8se en bouche.<\/p>\n\n\n\n<p>Pendant la nuit gardez votre proth\u00e8se propre et au sec dans la boite fournie par le praticien.<\/p>\n\n\n\n<p class=\"has-medium-font-size\"><strong><em>Pose et d\u00e9pose<\/em><\/strong><\/p>\n\n\n\n<ul class=\"wp-block-list\">\n<li>Appareil complet :<br>Les deux appareils doivent se porter en m\u00eame temps, ils se stabilisent mutuellement.<\/li>\n\n\n\n<li>Appareil partiel :<br>L\u2019appareil doit \u00eatre ins\u00e9r\u00e9 \u00e0 fond avec les deux mains sans forcer. Au d\u00e9but, nous vous conseillons de vous entra\u00eener devant un miroir. Dans certains cas il peut \u00eatre n\u00e9cessaire d\u2019engager un c\u00f4t\u00e9 avant l\u2019autre. Pour retirer votre appareil, utilisez les crochets ou la fausse gencive.<\/li>\n<\/ul>\n\n\n\n<p class=\"has-medium-font-size\"><strong><em>Fracture<\/em><\/strong><\/p>\n\n\n\n<p>En cas de fracture, <strong>conservez tous les morceaux<\/strong> et consultez rapidement. Votre praticien est \u00e0 m\u00eame de faire une r\u00e9paration solide et invisible.<\/p>\n\n\n\n<p>Surtout <strong>n\u2019essayez pas de r\u00e9parer vous m\u00eame<\/strong>, cela ne tiendrait pas et vous risqueriez de rendre impossible une r\u00e9paration future par votre praticien.<\/p>\n","protected":false},"excerpt":{"rendered":"<p>Recommandations pour l\u2019entretien de votre appareil dentaire Les premiers jours L\u2019appareil peut vous sembler encombrant, vous pouvez avoir des naus\u00e9es, votre salive peut \u00eatre plus abondante ou vous pouvez ressentir des difficult\u00e9s \u00e0 parler. Cependant, tous ces petits soucis sont passagers et disparaissent avec le temps. C\u2019est pourquoi il est recommand\u00e9 de porter votre appareil &hellip; <\/p>\n<p class=\"link-more\"><a href=\"https:\/\/dentistes-charron.fr\/?page_id=1070\" class=\"more-link\">Lire la suite de<span class=\"screen-reader-text\">\u00ab\u00a0CONSEIL PROTHESE AMOVIBLE\u00a0\u00bb<\/span><\/a><\/p>\n","protected":false},"author":1,"featured_media":0,"parent":0,"menu_order":0,"comment_status":"closed","ping_status":"closed","template":"","meta":{"_monsterinsights_skip_tracking":false,"_monsterinsights_sitenote_active":false,"_monsterinsights_sitenote_note":"","_monsterinsights_sitenote_category":0,"footnotes":""},"class_list":["post-1070","page","type-page","status-publish","hentry"],"_links":{"self":[{"href":"https:\/\/dentistes-charron.fr\/index.php?rest_route=\/wp\/v2\/pages\/1070","targetHints":{"allow":["GET"]}}],"collection":[{"href":"https:\/\/dentistes-charron.fr\/index.php?rest_route=\/wp\/v2\/pages"}],"about":[{"href":"https:\/\/dentistes-charron.fr\/index.php?rest_route=\/wp\/v2\/types\/page"}],"author":[{"embeddable":true,"href":"https:\/\/dentistes-charron.fr\/index.php?rest_route=\/wp\/v2\/users\/1"}],"replies":[{"embeddable":true,"href":"https:\/\/dentistes-charron.fr\/index.php?rest_route=%2Fwp%2Fv2%2Fcomments&post=1070"}],"version-history":[{"count":32,"href":"https:\/\/dentistes-charron.fr\/index.php?rest_route=\/wp\/v2\/pages\/1070\/revisions"}],"predecessor-version":[{"id":1377,"href":"https:\/\/dentistes-charron.fr\/index.php?rest_route=\/wp\/v2\/pages\/1070\/revisions\/1377"}],"wp:attachment":[{"href":"https:\/\/dentistes-charron.fr\/index.php?rest_route=%2Fwp%2Fv2%2Fmedia&parent=1070"}],"curies":[{"name":"wp","href":"https:\/\/api.w.org\/{rel}","templated":true}]}}